{"id":7307,"date":"2025-01-15T07:28:35","date_gmt":"2025-01-15T07:28:35","guid":{"rendered":"https:\/\/neelayurvedics.es\/?post_type=product&#038;p=7307"},"modified":"2026-04-13T09:24:35","modified_gmt":"2026-04-13T09:24:35","slug":"neel-ayurvedics-polvo-de-erandmool-ricinus-communis-en-polvo","status":"publish","type":"product","link":"https:\/\/neelayurvedics.es\/?product=neel-ayurvedics-polvo-de-erandmool-ricinus-communis-en-polvo","title":{"rendered":"Neel Ayurvedics Polvo de Erandmool | Ricinus communis en polvo"},"content":{"rendered":"<p style=\"font-weight: 400;\">El polvo Erand Mool Churn se utiliza para muchos beneficios de la piel y el cabello. Aparte de esto, este tipo de polvo tambi\u00e9n es muy \u00fatil para curar heridas y hematomas. Tambi\u00e9n es muy \u00fatil para las mujeres que sufren de calambres menstruales. Este polvo puede ayudar a estimular el proceso de lactancia.<\/p>\n<p style=\"font-weight: 400;\">El Erand Mool Churn tambi\u00e9n es \u00fatil para aliviar el dolor de espalda y la ci\u00e1tica. Tiene propiedades antimicrobianas que son muy \u00fatiles para eliminar el exceso de l\u00edquido del cuerpo.<\/p>\n<p style=\"font-weight: 400;\"><strong style=\"font-weight: 600 !important;\">DOSIS:<\/strong>\u00a0Se deben consumir 1 a 2 cucharaditas de Erand Mool Churna diariamente o seg\u00fan lo indique su m\u00e9dico.<\/p>\n","protected":false},"excerpt":{"rendered":"<p>Los principales ingredientes de Erand Mool Churna son el aceite de ricino. Este polvo es muy beneficioso para tratar diversos problemas de salud. Esta Churna es muy \u00fatil para combatir la artritis. Erand Mool Churna tambi\u00e9n se usa ampliamente en el tratamiento del estre\u00f1imiento.<\/p>\n","protected":false},"featured_media":18200,"comment_status":"open","ping_status":"closed","template":"","meta":[],"product_brand":[285],"product_cat":[200,252,249,195],"product_tag":[],"class_list":{"0":"post-7307","1":"product","2":"type-product","3":"status-publish","4":"has-post-thumbnail","6":"product_brand-neel-ayurvedics","7":"product_cat-marca","8":"product_cat-neel-ayurvedics","9":"product_cat-neel-ayurvedics-polvos-herbales","10":"product_cat-productos-ayurvedicos","12":"first","13":"instock","14":"shipping-taxable","15":"purchasable","16":"product-type-variable"},"_links":{"self":[{"href":"https:\/\/neelayurvedics.es\/index.php?rest_route=\/wp\/v2\/product\/7307","targetHints":{"allow":["GET"]}}],"collection":[{"href":"https:\/\/neelayurvedics.es\/index.php?rest_route=\/wp\/v2\/product"}],"about":[{"href":"https:\/\/neelayurvedics.es\/index.php?rest_route=\/wp\/v2\/types\/product"}],"replies":[{"embeddable":true,"href":"https:\/\/neelayurvedics.es\/index.php?rest_route=%2Fwp%2Fv2%2Fcomments&post=7307"}],"wp:featuredmedia":[{"embeddable":true,"href":"https:\/\/neelayurvedics.es\/index.php?rest_route=\/wp\/v2\/media\/18200"}],"wp:attachment":[{"href":"https:\/\/neelayurvedics.es\/index.php?rest_route=%2Fwp%2Fv2%2Fmedia&parent=7307"}],"wp:term":[{"taxonomy":"product_brand","embeddable":true,"href":"https:\/\/neelayurvedics.es\/index.php?rest_route=%2Fwp%2Fv2%2Fproduct_brand&post=7307"},{"taxonomy":"product_cat","embeddable":true,"href":"https:\/\/neelayurvedics.es\/index.php?rest_route=%2Fwp%2Fv2%2Fproduct_cat&post=7307"},{"taxonomy":"product_tag","embeddable":true,"href":"https:\/\/neelayurvedics.es\/index.php?rest_route=%2Fwp%2Fv2%2Fproduct_tag&post=7307"}],"curies":[{"name":"wp","href":"https:\/\/api.w.org\/{rel}","templated":true}]}}