{"id":7314,"date":"2025-01-15T07:42:04","date_gmt":"2025-01-15T07:42:04","guid":{"rendered":"https:\/\/neelayurvedics.es\/?post_type=product&#038;p=7314"},"modified":"2026-04-13T08:46:45","modified_gmt":"2026-04-13T08:46:45","slug":"neel-ayurvedics-gandhilo-vajghoda-vaj-churna","status":"publish","type":"product","link":"https:\/\/neelayurvedics.es\/?product=neel-ayurvedics-gandhilo-vajghoda-vaj-churna","title":{"rendered":"Neel Ayurvedics Gandhilo Vaj (Ghoda Vaj) Churna |Gandharo Vaj Polvo"},"content":{"rendered":"<p style=\"font-weight: 400;\">El Gandhilo Vaj Churna tambi\u00e9n mejora los cambios de comportamiento, la memoria y el rendimiento mental. Aparte de esto, este tipo de polvo tambi\u00e9n puede ser muy \u00fatil para eliminar los c\u00e1lculos renales al aumentar la producci\u00f3n de orina debido a su actividad diur\u00e9tica. Las propiedades Tikhta y Tikshna presentes en este polvo lo hacen muy \u00fatil para darle una piel radiante.<\/p>\n<p style=\"font-weight: 400;\">Se considera que Gandhilo Vaj Churna es muy \u00fatil para reducir el dolor y la inflamaci\u00f3n. Adem\u00e1s, este tipo de polvo se usa de forma t\u00f3pica para reducir la grasa del abdomen y los muslos. Es muy \u00fatil para mejorar el apetito. Este polvo es muy \u00fatil para aumentar el fuego digestivo y acelerar el proceso de digesti\u00f3n.<\/p>\n<p style=\"font-weight: 400;\"><strong style=\"font-weight: 600 !important;\">DOSIS:<\/strong>\u00a0Se deben tomar 1-2 pizcas de Gandhilo Vaj Churna mezcladas con agua o miel una vez al d\u00eda o seg\u00fan lo recomiende su m\u00e9dico.<\/p>\n","protected":false},"excerpt":{"rendered":"<p>El Gandhilo Vaj Churna es una hierba ancestral que posee diversos beneficios para la salud. Este tipo de polvo tambi\u00e9n es muy \u00fatil para tratar la tos, ya que promueve la eliminaci\u00f3n de flema de las v\u00edas respiratorias debido a su actividad expectorante. El polvo de Gandharo Vaj tambi\u00e9n es muy \u00fatil para mejorar la memoria, ya que combate el da\u00f1o celular causado por los radicales libres debido a sus propiedades antioxidantes.<\/p>\n","protected":false},"featured_media":18136,"comment_status":"open","ping_status":"closed","template":"","meta":[],"product_brand":[],"product_cat":[200,252,249,195],"product_tag":[],"class_list":{"0":"post-7314","1":"product","2":"type-product","3":"status-publish","4":"has-post-thumbnail","6":"product_cat-marca","7":"product_cat-neel-ayurvedics","8":"product_cat-neel-ayurvedics-polvos-herbales","9":"product_cat-productos-ayurvedicos","11":"first","12":"instock","13":"shipping-taxable","14":"purchasable","15":"product-type-variable"},"_links":{"self":[{"href":"https:\/\/neelayurvedics.es\/index.php?rest_route=\/wp\/v2\/product\/7314","targetHints":{"allow":["GET"]}}],"collection":[{"href":"https:\/\/neelayurvedics.es\/index.php?rest_route=\/wp\/v2\/product"}],"about":[{"href":"https:\/\/neelayurvedics.es\/index.php?rest_route=\/wp\/v2\/types\/product"}],"replies":[{"embeddable":true,"href":"https:\/\/neelayurvedics.es\/index.php?rest_route=%2Fwp%2Fv2%2Fcomments&post=7314"}],"wp:featuredmedia":[{"embeddable":true,"href":"https:\/\/neelayurvedics.es\/index.php?rest_route=\/wp\/v2\/media\/18136"}],"wp:attachment":[{"href":"https:\/\/neelayurvedics.es\/index.php?rest_route=%2Fwp%2Fv2%2Fmedia&parent=7314"}],"wp:term":[{"taxonomy":"product_brand","embeddable":true,"href":"https:\/\/neelayurvedics.es\/index.php?rest_route=%2Fwp%2Fv2%2Fproduct_brand&post=7314"},{"taxonomy":"product_cat","embeddable":true,"href":"https:\/\/neelayurvedics.es\/index.php?rest_route=%2Fwp%2Fv2%2Fproduct_cat&post=7314"},{"taxonomy":"product_tag","embeddable":true,"href":"https:\/\/neelayurvedics.es\/index.php?rest_route=%2Fwp%2Fv2%2Fproduct_tag&post=7314"}],"curies":[{"name":"wp","href":"https:\/\/api.w.org\/{rel}","templated":true}]}}