{"id":7323,"date":"2025-01-15T10:33:46","date_gmt":"2025-01-15T10:33:46","guid":{"rendered":"https:\/\/neelayurvedics.es\/?post_type=product&#038;p=7323"},"modified":"2025-12-04T08:17:16","modified_gmt":"2025-12-04T08:17:16","slug":"neel-ayurvedics-polvo-de-giloy","status":"publish","type":"product","link":"https:\/\/neelayurvedics.es\/?product=neel-ayurvedics-polvo-de-giloy","title":{"rendered":"Neel Ayurvedics Polvo de Giloy | Tinospora cordifolia en polvo | Polvo de Guduchi: lo mejor para reforzar la inmunidad"},"content":{"rendered":"<h3>Otro nombre:<\/h3>\n<p>Galo, Guduchi, \u0917\u093f\u0932\u094b\u092f, Amrita, Amruta<\/p>\n<p>Si est\u00e1 buscando una forma natural de reforzar su inmunidad, es posible que desee probar Neel Ayurvedics Giloy Powder.<\/p>\n<h3>\u00bfQu\u00e9 es el polvo Giloy de Neel Ayurvedics?<\/h3>\n<p>Neel Ayurvedics Giloy es una hierba ayurv\u00e9dica que se ha utilizado durante siglos por sus propiedades medicinales. El tallo de la planta se utiliza para hacer polvo de giloe, que es un polvo fino que se puede consumir de diversas formas.<\/p>\n<h3>Propiedades clave:-<\/h3>\n<ul>\n<li>Rasa (Sabor): Amargo<\/li>\n<li>Guna (Calidad): Ligero, seco<\/li>\n<li>Virya (Potencia): Enfriamiento<\/li>\n<li>Vipaka (sabor post-digestivo): Dulce<\/li>\n<\/ul>\n<h3>Beneficios del polvo Giloy de Neel Ayurvedics: &#8211;<\/h3>\n<h5>El polvo Giloy de Neel Ayurvedics tiene varios beneficios para la salud, algunos de los cuales incluyen:<\/h5>\n<ol>\n<li>Reduce la inflamaci\u00f3n: el polvo de Giloy tiene propiedades antiinflamatorias que pueden ayudar a reducir la inflamaci\u00f3n en el cuerpo y aliviar el dolor y la hinchaz\u00f3n.<\/li>\n<li>Mejora la salud respiratoria: el polvo de giloy de Neel Ayurvedics puede ayudar a mejorar la salud respiratoria al reducir los s\u00edntomas del asma, la bronquitis y otras enfermedades respiratorias.<\/li>\n<li>Protege el h\u00edgado: el polvo de giloy de Neel Ayurvedics tiene propiedades hepatoprotectoras que pueden ayudar a proteger el h\u00edgado del da\u00f1o causado por toxinas y productos qu\u00edmicos.<\/li>\n<li>Efectos inmunomoduladores: Giloy es conocido por sus propiedades estimulantes del sistema inmunol\u00f3gico y potencia los mecanismos de defensa del organismo.<\/li>\n<li>Desintoxicaci\u00f3n: Apoya los procesos de desintoxicaci\u00f3n, purificando la sangre y ayudando a eliminar toxinas del cuerpo.<\/li>\n<li>Salud digestiva: apoya las funciones digestivas y ayuda a mantener el equilibrio gastrointestinal.<\/li>\n<\/ol>\n<h3>Usos del polvo Giloy de Neel Ayurvedics: &#8211;<\/h3>\n<ul>\n<li>Adem\u00e1s, para consumir Giloe Powder, puedes mezclarlo con agua y tomarlo en ayunas.<\/li>\n<li>Adem\u00e1s, tambi\u00e9n puedes disfrutar de los beneficios para la salud del polvo de giloe agreg\u00e1ndolo a tu t\u00e9.<\/li>\n<li>Adem\u00e1s, puedes hacer una pasta de Neel Ayurvedics Giloe Powder y aplicarla t\u00f3picamente para tratar problemas de la piel como el eczema y la psoriasis.<\/li>\n<li>Adem\u00e1s, puedes mezclar el polvo giloe de Neel Ayurvedics con miel y consumirlo para tratar eficazmente la tos y el resfriado.<\/li>\n<\/ul>\n<h3>Precauciones:-<\/h3>\n<ul>\n<li>Diabetes: Controle los niveles de az\u00facar en sangre, ya que Giloy podr\u00eda reducir la glucosa en sangre.<\/li>\n<\/ul>\n<h3>Dosificaci\u00f3n:-<\/h3>\n<p>La dosis recomendada de polvo de giloe es de 1 a 2 cucharaditas (3 a 6 gramos) por d\u00eda, mezcladas con agua o miel. Es mejor consultar a un m\u00e9dico antes de comenzar a tomar suplementos de polvo de giloe.<\/p>\n","protected":false},"excerpt":{"rendered":"<p>Giloy Powder de Neel Ayurvedics, un potente remedio herbal repleto de propiedades que estimulan el sistema inmunol\u00f3gico. Repleto de beneficios como la reducci\u00f3n de la inflamaci\u00f3n, la mejora de la salud respiratoria y la protecci\u00f3n reforzada del h\u00edgado, esta joya ayurv\u00e9dica ofrece un enfoque integral para el bienestar.<\/p>\n","protected":false},"featured_media":17435,"comment_status":"open","ping_status":"closed","template":"","meta":[],"product_brand":[],"product_cat":[200,252,249,195],"product_tag":[],"class_list":{"0":"post-7323","1":"product","2":"type-product","3":"status-publish","4":"has-post-thumbnail","6":"product_cat-marca","7":"product_cat-neel-ayurvedics","8":"product_cat-neel-ayurvedics-polvos-herbales","9":"product_cat-productos-ayurvedicos","11":"first","12":"instock","13":"shipping-taxable","14":"purchasable","15":"product-type-variable"},"_links":{"self":[{"href":"https:\/\/neelayurvedics.es\/index.php?rest_route=\/wp\/v2\/product\/7323","targetHints":{"allow":["GET"]}}],"collection":[{"href":"https:\/\/neelayurvedics.es\/index.php?rest_route=\/wp\/v2\/product"}],"about":[{"href":"https:\/\/neelayurvedics.es\/index.php?rest_route=\/wp\/v2\/types\/product"}],"replies":[{"embeddable":true,"href":"https:\/\/neelayurvedics.es\/index.php?rest_route=%2Fwp%2Fv2%2Fcomments&post=7323"}],"wp:featuredmedia":[{"embeddable":true,"href":"https:\/\/neelayurvedics.es\/index.php?rest_route=\/wp\/v2\/media\/17435"}],"wp:attachment":[{"href":"https:\/\/neelayurvedics.es\/index.php?rest_route=%2Fwp%2Fv2%2Fmedia&parent=7323"}],"wp:term":[{"taxonomy":"product_brand","embeddable":true,"href":"https:\/\/neelayurvedics.es\/index.php?rest_route=%2Fwp%2Fv2%2Fproduct_brand&post=7323"},{"taxonomy":"product_cat","embeddable":true,"href":"https:\/\/neelayurvedics.es\/index.php?rest_route=%2Fwp%2Fv2%2Fproduct_cat&post=7323"},{"taxonomy":"product_tag","embeddable":true,"href":"https:\/\/neelayurvedics.es\/index.php?rest_route=%2Fwp%2Fv2%2Fproduct_tag&post=7323"}],"curies":[{"name":"wp","href":"https:\/\/api.w.org\/{rel}","templated":true}]}}