{"id":7334,"date":"2025-01-15T10:51:31","date_gmt":"2025-01-15T10:51:31","guid":{"rendered":"https:\/\/neelayurvedics.es\/?post_type=product&#038;p=7334"},"modified":"2026-04-13T08:47:21","modified_gmt":"2026-04-13T08:47:21","slug":"neel-ayurvedics-giloy-satva","status":"publish","type":"product","link":"https:\/\/neelayurvedics.es\/?product=neel-ayurvedics-giloy-satva","title":{"rendered":"Neel Ayurvedics Giloy Satva | Polvo de Amrita Satva"},"content":{"rendered":"<p>Giloy Satva, Amrita Satva, Guduchi se utiliza para mejorar la digesti\u00f3n, es carminativo y anti\u00e1cido, alivia la sensaci\u00f3n de ardor en manos y pies, aumenta la inmunidad y rejuvenece todo el cuerpo, mejora la fuerza muscular, reduce el estr\u00e9s y la ansiedad.<\/p>\n","protected":false},"excerpt":{"rendered":"<p>Giloy Satva, Amrita Satva, Guduchi se utiliza para mejorar la digesti\u00f3n, es carminativo y anti\u00e1cido, alivia la sensaci\u00f3n de ardor en manos y pies, aumenta la inmunidad y rejuvenece todo el cuerpo, mejora la fuerza muscular, reduce el estr\u00e9s y la ansiedad.<\/p>\n","protected":false},"featured_media":17208,"comment_status":"open","ping_status":"closed","template":"","meta":[],"product_brand":[],"product_cat":[200,252,249,195],"product_tag":[],"class_list":{"0":"post-7334","1":"product","2":"type-product","3":"status-publish","4":"has-post-thumbnail","6":"product_cat-marca","7":"product_cat-neel-ayurvedics","8":"product_cat-neel-ayurvedics-polvos-herbales","9":"product_cat-productos-ayurvedicos","11":"first","12":"instock","13":"shipping-taxable","14":"purchasable","15":"product-type-variable"},"_links":{"self":[{"href":"https:\/\/neelayurvedics.es\/index.php?rest_route=\/wp\/v2\/product\/7334","targetHints":{"allow":["GET"]}}],"collection":[{"href":"https:\/\/neelayurvedics.es\/index.php?rest_route=\/wp\/v2\/product"}],"about":[{"href":"https:\/\/neelayurvedics.es\/index.php?rest_route=\/wp\/v2\/types\/product"}],"replies":[{"embeddable":true,"href":"https:\/\/neelayurvedics.es\/index.php?rest_route=%2Fwp%2Fv2%2Fcomments&post=7334"}],"wp:featuredmedia":[{"embeddable":true,"href":"https:\/\/neelayurvedics.es\/index.php?rest_route=\/wp\/v2\/media\/17208"}],"wp:attachment":[{"href":"https:\/\/neelayurvedics.es\/index.php?rest_route=%2Fwp%2Fv2%2Fmedia&parent=7334"}],"wp:term":[{"taxonomy":"product_brand","embeddable":true,"href":"https:\/\/neelayurvedics.es\/index.php?rest_route=%2Fwp%2Fv2%2Fproduct_brand&post=7334"},{"taxonomy":"product_cat","embeddable":true,"href":"https:\/\/neelayurvedics.es\/index.php?rest_route=%2Fwp%2Fv2%2Fproduct_cat&post=7334"},{"taxonomy":"product_tag","embeddable":true,"href":"https:\/\/neelayurvedics.es\/index.php?rest_route=%2Fwp%2Fv2%2Fproduct_tag&post=7334"}],"curies":[{"name":"wp","href":"https:\/\/api.w.org\/{rel}","templated":true}]}}