{"id":7342,"date":"2025-01-15T11:01:47","date_gmt":"2025-01-15T11:01:47","guid":{"rendered":"https:\/\/neelayurvedics.es\/?post_type=product&#038;p=7342"},"modified":"2025-01-15T11:01:47","modified_gmt":"2025-01-15T11:01:47","slug":"neel-ayurvedics-godanti-bhasma","status":"publish","type":"product","link":"https:\/\/neelayurvedics.es\/?product=neel-ayurvedics-godanti-bhasma","title":{"rendered":"Neel Ayurvedics Godanti Bhasma"},"content":{"rendered":"<p>Godanti bhasma se utiliza ampliamente en el tratamiento de la leucorrea, la fiebre debido al desequilibrio de pitta, la fiebre cr\u00f3nica, la tos, el resfriado, el asma, la anemia, las lesiones en el pecho, la debilidad y el desgaste en los ni\u00f1os. Aparte de esto, este bhasma es especialmente \u00fatil para equilibrar el dosha pitta. Es muy \u00fatil para fortalecer el nivel de inmunidad.<\/p>\n<p>Godanti Bhasma es un gran potenciador del sistema inmunol\u00f3gico. Adem\u00e1s, este tipo de bhasma es muy calmante y curativo, ya que desintoxica el cuerpo de enfermedades. Es una f\u00f3rmula ayurv\u00e9dica antigua para humanos y no tiene efectos secundarios. Godanti Bhasma tambi\u00e9n es muy \u00fatil para curar problemas cr\u00f3nicos.<\/p>\n<p><strong style=\"font-weight: 600 !important;\">DOSIS:<\/strong>\u00a0Se deben tomar 250 mg de Godanti Bhasma una o dos veces al d\u00eda antes o despu\u00e9s de las comidas o seg\u00fan lo indique un m\u00e9dico ayurv\u00e9dico.<\/p>\n","protected":false},"excerpt":{"rendered":"<p>Godanti Bhasma se considera una medicina ayurv\u00e9dica y se prepara a partir de yeso. Este tipo de Bhasma se utiliza en el tratamiento del dolor de cabeza, la fiebre cr\u00f3nica y la leucorrea. Se utiliza ampliamente en el tratamiento ayurv\u00e9dico del dolor de cabeza, la fiebre cr\u00f3nica y la leucorrea. Este Bhasma se considera una poderosa combinaci\u00f3n de extractos naturales y vegetales y es rico en calcio y otros minerales.<\/p>\n","protected":false},"featured_media":7322,"comment_status":"open","ping_status":"closed","template":"","meta":[],"product_brand":[],"product_cat":[200,252,249,195],"product_tag":[],"class_list":{"0":"post-7342","1":"product","2":"type-product","3":"status-publish","4":"has-post-thumbnail","6":"product_cat-marca","7":"product_cat-neel-ayurvedics","8":"product_cat-neel-ayurvedics-polvos-herbales","9":"product_cat-productos-ayurvedicos","11":"first","12":"instock","13":"shipping-taxable","14":"purchasable","15":"product-type-variable"},"_links":{"self":[{"href":"https:\/\/neelayurvedics.es\/index.php?rest_route=\/wp\/v2\/product\/7342","targetHints":{"allow":["GET"]}}],"collection":[{"href":"https:\/\/neelayurvedics.es\/index.php?rest_route=\/wp\/v2\/product"}],"about":[{"href":"https:\/\/neelayurvedics.es\/index.php?rest_route=\/wp\/v2\/types\/product"}],"replies":[{"embeddable":true,"href":"https:\/\/neelayurvedics.es\/index.php?rest_route=%2Fwp%2Fv2%2Fcomments&post=7342"}],"wp:featuredmedia":[{"embeddable":true,"href":"https:\/\/neelayurvedics.es\/index.php?rest_route=\/wp\/v2\/media\/7322"}],"wp:attachment":[{"href":"https:\/\/neelayurvedics.es\/index.php?rest_route=%2Fwp%2Fv2%2Fmedia&parent=7342"}],"wp:term":[{"taxonomy":"product_brand","embeddable":true,"href":"https:\/\/neelayurvedics.es\/index.php?rest_route=%2Fwp%2Fv2%2Fproduct_brand&post=7342"},{"taxonomy":"product_cat","embeddable":true,"href":"https:\/\/neelayurvedics.es\/index.php?rest_route=%2Fwp%2Fv2%2Fproduct_cat&post=7342"},{"taxonomy":"product_tag","embeddable":true,"href":"https:\/\/neelayurvedics.es\/index.php?rest_route=%2Fwp%2Fv2%2Fproduct_tag&post=7342"}],"curies":[{"name":"wp","href":"https:\/\/api.w.org\/{rel}","templated":true}]}}