{"id":7372,"date":"2025-01-15T11:34:12","date_gmt":"2025-01-15T11:34:12","guid":{"rendered":"https:\/\/neelayurvedics.es\/?post_type=product&#038;p=7372"},"modified":"2026-04-13T08:58:32","modified_gmt":"2026-04-13T08:58:32","slug":"neel-ayurvedics-gulab-patti-churna","status":"publish","type":"product","link":"https:\/\/neelayurvedics.es\/?product=neel-ayurvedics-gulab-patti-churna","title":{"rendered":"Neel Ayurvedics Gulab Patti Churna | Polvo de p\u00e9talos de rosa"},"content":{"rendered":"<p style=\"font-weight: 400;\">El Gulab Patti Churna es muy \u00fatil para tratar trastornos digestivos como la hiperacidez y la diarrea. Adem\u00e1s, este tipo de Churna es muy \u00fatil para calmar los sentidos. Es muy \u00fatil para rejuvenecer la piel y combatir problemas cut\u00e1neos como las alergias y el acn\u00e9. Este polvo puede ser muy \u00fatil para proporcionar un alivio instant\u00e1neo de la fatiga visual.<\/p>\n<p style=\"font-weight: 400;\">El uso regular de Gulab Patti Churna puede brindarle una piel impecable y brillante. Adem\u00e1s, act\u00faa como un exfoliante y limpiador natural, ya que este polvo puede ser muy \u00fatil para eliminar las c\u00e9lulas cut\u00e1neas muertas, las impurezas y la suciedad. Gulab Patti Churna puede ser muy \u00fatil para controlar el sangrado menstrual abundante al equilibrar el dosha pitta. Este Churna ayuda a que el desempe\u00f1o sexual masculino funcione correctamente.<\/p>\n<p style=\"font-weight: 400;\"><strong style=\"font-weight: 600 !important;\">DOSIS:<\/strong>\u00a0Se debe mezclar 1\/4-1\/2 cucharadita de Gulab Patti Churna con agua y tomar una vez al d\u00eda o seg\u00fan lo indique el m\u00e9dico.<\/p>\n","protected":false},"excerpt":{"rendered":"<p>Gulab Patti Churna tambi\u00e9n se conoce como Rosa centifolia, Shatapatri y Taruni. Se utiliza en la medicina tradicional para el tratamiento de diversas enfermedades. Este tipo de polvo puede ser muy \u00fatil para tratar problemas digestivos como la hiperacidez y la diarrea debido a sus propiedades antiinflamatorias. Este polvo tiene propiedades refrescantes y curativas.<\/p>\n","protected":false},"featured_media":18173,"comment_status":"open","ping_status":"closed","template":"","meta":[],"product_brand":[],"product_cat":[200,252,249,195],"product_tag":[],"class_list":{"0":"post-7372","1":"product","2":"type-product","3":"status-publish","4":"has-post-thumbnail","6":"product_cat-marca","7":"product_cat-neel-ayurvedics","8":"product_cat-neel-ayurvedics-polvos-herbales","9":"product_cat-productos-ayurvedicos","11":"first","12":"instock","13":"shipping-taxable","14":"purchasable","15":"product-type-variable"},"_links":{"self":[{"href":"https:\/\/neelayurvedics.es\/index.php?rest_route=\/wp\/v2\/product\/7372","targetHints":{"allow":["GET"]}}],"collection":[{"href":"https:\/\/neelayurvedics.es\/index.php?rest_route=\/wp\/v2\/product"}],"about":[{"href":"https:\/\/neelayurvedics.es\/index.php?rest_route=\/wp\/v2\/types\/product"}],"replies":[{"embeddable":true,"href":"https:\/\/neelayurvedics.es\/index.php?rest_route=%2Fwp%2Fv2%2Fcomments&post=7372"}],"wp:featuredmedia":[{"embeddable":true,"href":"https:\/\/neelayurvedics.es\/index.php?rest_route=\/wp\/v2\/media\/18173"}],"wp:attachment":[{"href":"https:\/\/neelayurvedics.es\/index.php?rest_route=%2Fwp%2Fv2%2Fmedia&parent=7372"}],"wp:term":[{"taxonomy":"product_brand","embeddable":true,"href":"https:\/\/neelayurvedics.es\/index.php?rest_route=%2Fwp%2Fv2%2Fproduct_brand&post=7372"},{"taxonomy":"product_cat","embeddable":true,"href":"https:\/\/neelayurvedics.es\/index.php?rest_route=%2Fwp%2Fv2%2Fproduct_cat&post=7372"},{"taxonomy":"product_tag","embeddable":true,"href":"https:\/\/neelayurvedics.es\/index.php?rest_route=%2Fwp%2Fv2%2Fproduct_tag&post=7372"}],"curies":[{"name":"wp","href":"https:\/\/api.w.org\/{rel}","templated":true}]}}