{"id":7383,"date":"2025-01-15T11:59:26","date_gmt":"2025-01-15T11:59:26","guid":{"rendered":"https:\/\/neelayurvedics.es\/?post_type=product&#038;p=7383"},"modified":"2025-12-04T13:17:59","modified_gmt":"2025-12-04T13:17:59","slug":"neel-ayurvedics-polvo-de-himej-terminalia-chebula","status":"publish","type":"product","link":"https:\/\/neelayurvedics.es\/?product=neel-ayurvedics-polvo-de-himej-terminalia-chebula","title":{"rendered":"Neel Ayurvedics Polvo de Himej (Terminalia Chebula) | Polvo Himej negro |Mejorador del sistema digestivo"},"content":{"rendered":"<p>Neel Ayurvedics es una conocida marca ayurv\u00e9dica que ofrece a sus clientes productos naturales de alta calidad que promueven la salud y el bienestar general. Entre sus numerosos productos se encuentra Himej Powder, una opci\u00f3n popular para quienes buscan apoyo digestivo.<\/p>\n<p>Durante siglos, la medicina ayurv\u00e9dica ha utilizado Himej, una fruta con potentes propiedades digestivas y depurativas. Para preparar Himej Powder, Neel Ayurvedics obtiene solo la fruta de la m\u00e1s alta calidad, lo que garantiza que los clientes reciban todos los beneficios de esta incre\u00edble fruta.<\/p>\n<p>Uno de los principales beneficios del polvo Himej de Neel Ayurvedics es su capacidad para favorecer la salud digestiva. Tiene propiedades laxantes naturales que pueden ayudar a regular los movimientos intestinales y aliviar el estre\u00f1imiento. Adem\u00e1s, puede ayudar a reducir los gases y la hinchaz\u00f3n, lo que lo convierte en una opci\u00f3n ideal para quienes sufren molestias digestivas.<\/p>\n<p>Pero sus beneficios van mucho m\u00e1s all\u00e1 de la salud digestiva. Tambi\u00e9n es conocida por su capacidad para favorecer la salud respiratoria, gracias a sus propiedades expectorantes naturales. Puede ayudar a descongestionar los pulmones y los senos nasales, lo que la convierte en una opci\u00f3n ideal para quienes sufren de resfriados, tos y otros problemas respiratorios.<\/p>\n<p>En Neel Ayurvedics, creemos en utilizar solo los mejores ingredientes naturales en nuestros productos. \u201cNos aseguramos de que nuestros clientes reciban todos los beneficios de esta incre\u00edble fruta al elaborar nuestro polvo Himej de Neel Ayurvedics utilizando m\u00e9todos ayurv\u00e9dicos tradicionales. Nos enorgullecemos de nuestros productos y nos esforzamos por brindarles a nuestros clientes la mejor experiencia posible.<\/p>\n<p>Ya sea que busques apoyo digestivo, salud respiratoria o una mejor salud de la piel, el polvo Himej de Neel Ayurvedics es una excelente opci\u00f3n. Es una soluci\u00f3n natural, segura y eficaz para una amplia gama de problemas de salud, y ya est\u00e1 disponible en Neel Ayurvedics.<\/p>\n","protected":false},"excerpt":{"rendered":"<ul>\n<li>Ayuda a tratar el estre\u00f1imiento y los gases.<\/li>\n<\/ul>\n","protected":false},"featured_media":17447,"comment_status":"open","ping_status":"closed","template":"","meta":[],"product_brand":[],"product_cat":[200,252,249,195],"product_tag":[],"class_list":{"0":"post-7383","1":"product","2":"type-product","3":"status-publish","4":"has-post-thumbnail","6":"product_cat-marca","7":"product_cat-neel-ayurvedics","8":"product_cat-neel-ayurvedics-polvos-herbales","9":"product_cat-productos-ayurvedicos","11":"first","12":"instock","13":"shipping-taxable","14":"purchasable","15":"product-type-variable"},"_links":{"self":[{"href":"https:\/\/neelayurvedics.es\/index.php?rest_route=\/wp\/v2\/product\/7383","targetHints":{"allow":["GET"]}}],"collection":[{"href":"https:\/\/neelayurvedics.es\/index.php?rest_route=\/wp\/v2\/product"}],"about":[{"href":"https:\/\/neelayurvedics.es\/index.php?rest_route=\/wp\/v2\/types\/product"}],"replies":[{"embeddable":true,"href":"https:\/\/neelayurvedics.es\/index.php?rest_route=%2Fwp%2Fv2%2Fcomments&post=7383"}],"wp:featuredmedia":[{"embeddable":true,"href":"https:\/\/neelayurvedics.es\/index.php?rest_route=\/wp\/v2\/media\/17447"}],"wp:attachment":[{"href":"https:\/\/neelayurvedics.es\/index.php?rest_route=%2Fwp%2Fv2%2Fmedia&parent=7383"}],"wp:term":[{"taxonomy":"product_brand","embeddable":true,"href":"https:\/\/neelayurvedics.es\/index.php?rest_route=%2Fwp%2Fv2%2Fproduct_brand&post=7383"},{"taxonomy":"product_cat","embeddable":true,"href":"https:\/\/neelayurvedics.es\/index.php?rest_route=%2Fwp%2Fv2%2Fproduct_cat&post=7383"},{"taxonomy":"product_tag","embeddable":true,"href":"https:\/\/neelayurvedics.es\/index.php?rest_route=%2Fwp%2Fv2%2Fproduct_tag&post=7383"}],"curies":[{"name":"wp","href":"https:\/\/api.w.org\/{rel}","templated":true}]}}