{"id":7416,"date":"2025-01-16T06:48:56","date_gmt":"2025-01-16T06:48:56","guid":{"rendered":"https:\/\/neelayurvedics.es\/?post_type=product&#038;p=7416"},"modified":"2026-04-13T08:50:37","modified_gmt":"2026-04-13T08:50:37","slug":"neel-ayurvedics-jambu-beej","status":"publish","type":"product","link":"https:\/\/neelayurvedics.es\/?product=neel-ayurvedics-jambu-beej","title":{"rendered":"Neel Ayurvedics Jamb\u00fa Beej | Polvo de Syzygium cumini"},"content":{"rendered":"<p>Otro nombre :<\/p>\n<p>Semillas de ciruela negra, ciruela de Java y semillas de jamun<\/p>\n<p>Beneficios para la salud:<\/p>\n<p>Regulaci\u00f3n del az\u00facar en sangre: el polvo de Jambu Beej ayuda a regular los niveles de az\u00facar en sangre y a mejorar la sensibilidad a la insulina.<\/p>\n<p>Propiedades clave:<\/p>\n<ul>\n<li>Rasa (Sabor): Astringente, dulce.<\/li>\n<\/ul>\n<p>Salud digestiva: el polvo de Jambu Beej apoya los procesos digestivos y ayuda a aliviar la diarrea y los trastornos digestivos.<\/p>\n<ul>\n<li>Guna (Calidad): Ligero, seco<\/li>\n<\/ul>\n<p>Salud bucal: Conocido por sus propiedades astringentes, ayuda a mantener la higiene bucal y la salud de las enc\u00edas.<\/p>\n<ul>\n<li>Virya (Potencia): Enfriamiento<\/li>\n<\/ul>\n<p>Poder antioxidante: Rico en antioxidantes, ayuda a combatir el estr\u00e9s oxidativo y aumenta la inmunidad general.<\/p>\n<ul>\n<li>Vipaka (sabor postdigestivo): picante<\/li>\n<\/ul>\n<p>Usos comunes:<\/p>\n<ul>\n<li>Manejo de la diabetes: se utiliza tradicionalmente para controlar la diabetes y los s\u00edntomas relacionados.<\/li>\n<li>Cuidado dental: apoya la salud bucal y ayuda a prevenir problemas relacionados con las enc\u00edas.<\/li>\n<li>Problemas gastrointestinales: Ayuda a aliviar problemas gastrointestinales y diarrea.<\/li>\n<li>Refuerzo inmunol\u00f3gico: mejora la inmunidad debido a su contenido antioxidante.<\/li>\n<\/ul>\n<p>Precauciones:<\/p>\n<p>Embarazo:Las mujeres embarazadas deben buscar consejo m\u00e9dico antes de incorporarlo a su dieta.<\/p>\n<p>Alergias: Las personas con alergias conocidas deben usarlo con precauci\u00f3n o despu\u00e9s de consultar a un profesional de la salud.<\/p>\n","protected":false},"excerpt":{"rendered":"<p>Otro nombre : Semillas de ciruela negra, ciruela de Java y semillas de jamun Beneficios para la salud: Regulaci\u00f3n del az\u00facar en sangre: el polvo de Jambu Beej ayuda a regular los niveles de az\u00facar en sangre y a mejorar la sensibilidad a la insulina. Propiedades clave: Rasa (Sabor): Astringente, dulce. Salud digestiva: el polvo [&hellip;]<\/p>\n","protected":false},"featured_media":18148,"comment_status":"open","ping_status":"closed","template":"","meta":[],"product_brand":[285],"product_cat":[200,420,252,249,195],"product_tag":[],"class_list":{"0":"post-7416","1":"product","2":"type-product","3":"status-publish","4":"has-post-thumbnail","6":"product_brand-neel-ayurvedics","7":"product_cat-marca","8":"product_cat-company-wise","9":"product_cat-neel-ayurvedics","10":"product_cat-neel-ayurvedics-polvos-herbales","11":"product_cat-productos-ayurvedicos","13":"first","14":"instock","15":"shipping-taxable","16":"purchasable","17":"product-type-variable"},"_links":{"self":[{"href":"https:\/\/neelayurvedics.es\/index.php?rest_route=\/wp\/v2\/product\/7416","targetHints":{"allow":["GET"]}}],"collection":[{"href":"https:\/\/neelayurvedics.es\/index.php?rest_route=\/wp\/v2\/product"}],"about":[{"href":"https:\/\/neelayurvedics.es\/index.php?rest_route=\/wp\/v2\/types\/product"}],"replies":[{"embeddable":true,"href":"https:\/\/neelayurvedics.es\/index.php?rest_route=%2Fwp%2Fv2%2Fcomments&post=7416"}],"wp:featuredmedia":[{"embeddable":true,"href":"https:\/\/neelayurvedics.es\/index.php?rest_route=\/wp\/v2\/media\/18148"}],"wp:attachment":[{"href":"https:\/\/neelayurvedics.es\/index.php?rest_route=%2Fwp%2Fv2%2Fmedia&parent=7416"}],"wp:term":[{"taxonomy":"product_brand","embeddable":true,"href":"https:\/\/neelayurvedics.es\/index.php?rest_route=%2Fwp%2Fv2%2Fproduct_brand&post=7416"},{"taxonomy":"product_cat","embeddable":true,"href":"https:\/\/neelayurvedics.es\/index.php?rest_route=%2Fwp%2Fv2%2Fproduct_cat&post=7416"},{"taxonomy":"product_tag","embeddable":true,"href":"https:\/\/neelayurvedics.es\/index.php?rest_route=%2Fwp%2Fv2%2Fproduct_tag&post=7416"}],"curies":[{"name":"wp","href":"https:\/\/api.w.org\/{rel}","templated":true}]}}