{"id":7445,"date":"2025-01-16T07:33:20","date_gmt":"2025-01-16T07:33:20","guid":{"rendered":"https:\/\/neelayurvedics.es\/?post_type=product&#038;p=7445"},"modified":"2025-12-04T14:50:17","modified_gmt":"2025-12-04T14:50:17","slug":"neel-ayurvedics-javantri-churna","status":"publish","type":"product","link":"https:\/\/neelayurvedics.es\/?product=neel-ayurvedics-javantri-churna","title":{"rendered":"Neel Ayurvedics Javantri Churna \/ Javitri Churna \/ Japatri Polvo"},"content":{"rendered":"<p>Javantri Churna, Javitri Churna, Japatri Powder estimula el apetito, estimula la circulaci\u00f3n sangu\u00ednea, elimina el estr\u00e9s, la salud dental y protege los ri\u00f1ones.<\/p>\n","protected":false},"excerpt":{"rendered":"<p>Javantri Churna, Javitri Churna, Japatri Powder estimula el apetito, estimula la circulaci\u00f3n sangu\u00ednea, elimina el estr\u00e9s, la salud dental y protege los ri\u00f1ones.<\/p>\n","protected":false},"featured_media":17463,"comment_status":"open","ping_status":"closed","template":"","meta":[],"product_brand":[],"product_cat":[200,252,249,195],"product_tag":[],"class_list":{"0":"post-7445","1":"product","2":"type-product","3":"status-publish","4":"has-post-thumbnail","6":"product_cat-marca","7":"product_cat-neel-ayurvedics","8":"product_cat-neel-ayurvedics-polvos-herbales","9":"product_cat-productos-ayurvedicos","11":"first","12":"instock","13":"shipping-taxable","14":"purchasable","15":"product-type-variable"},"_links":{"self":[{"href":"https:\/\/neelayurvedics.es\/index.php?rest_route=\/wp\/v2\/product\/7445","targetHints":{"allow":["GET"]}}],"collection":[{"href":"https:\/\/neelayurvedics.es\/index.php?rest_route=\/wp\/v2\/product"}],"about":[{"href":"https:\/\/neelayurvedics.es\/index.php?rest_route=\/wp\/v2\/types\/product"}],"replies":[{"embeddable":true,"href":"https:\/\/neelayurvedics.es\/index.php?rest_route=%2Fwp%2Fv2%2Fcomments&post=7445"}],"wp:featuredmedia":[{"embeddable":true,"href":"https:\/\/neelayurvedics.es\/index.php?rest_route=\/wp\/v2\/media\/17463"}],"wp:attachment":[{"href":"https:\/\/neelayurvedics.es\/index.php?rest_route=%2Fwp%2Fv2%2Fmedia&parent=7445"}],"wp:term":[{"taxonomy":"product_brand","embeddable":true,"href":"https:\/\/neelayurvedics.es\/index.php?rest_route=%2Fwp%2Fv2%2Fproduct_brand&post=7445"},{"taxonomy":"product_cat","embeddable":true,"href":"https:\/\/neelayurvedics.es\/index.php?rest_route=%2Fwp%2Fv2%2Fproduct_cat&post=7445"},{"taxonomy":"product_tag","embeddable":true,"href":"https:\/\/neelayurvedics.es\/index.php?rest_route=%2Fwp%2Fv2%2Fproduct_tag&post=7445"}],"curies":[{"name":"wp","href":"https:\/\/api.w.org\/{rel}","templated":true}]}}