{"id":7542,"date":"2025-01-17T10:11:13","date_gmt":"2025-01-17T10:11:13","guid":{"rendered":"https:\/\/neelayurvedics.es\/?post_type=product&#038;p=7542"},"modified":"2026-04-13T10:01:57","modified_gmt":"2026-04-13T10:01:57","slug":"neel-ayurvedics-karela","status":"publish","type":"product","link":"https:\/\/neelayurvedics.es\/?product=neel-ayurvedics-karela","title":{"rendered":"Neel Ayurvedics Karela | Momordica charantia en polvo -Regula el az\u00facar en sangre"},"content":{"rendered":"<p>Otro nombre :<\/p>\n<p>Karela en polvo, mel\u00f3n amargo en polvo<\/p>\n<p>El polvo de karela, com\u00fanmente conocido como calabaza amarga Bitter Melo, es una verdura distintiva conocida por su sabor amargo y su rico valor medicinal. Adoptada en diversas pr\u00e1cticas medicinales tradicionales, la karela ocupa un lugar importante por sus numerosos beneficios para la salud.<\/p>\n<p>Beneficios para la salud:<\/p>\n<p>Propiedades clave:<\/p>\n<ul>\n<li>Regulaci\u00f3n del az\u00facar en sangre: Karela es conocida por su potencial para regular los niveles de az\u00facar en sangre y mejorar la sensibilidad a la insulina.<\/li>\n<li>Rasa (Sabor): Amargo<\/li>\n<li>Rico en antioxidantes: Abundante en antioxidantes, ayuda a combatir el estr\u00e9s oxidativo y favorece la salud general.<\/li>\n<li>Guna (Calidad): Ligero, seco<\/li>\n<li>Ayuda digestiva: favorece la digesti\u00f3n y ayuda a aliviar los trastornos digestivos.<\/li>\n<li>Virya (Potencia): Enfriamiento<\/li>\n<li>Refuerzo inmunol\u00f3gico: aumenta la inmunidad debido a su riqueza en vitaminas y minerales.<\/li>\n<li>Vipaka (sabor postdigestivo): picante<\/li>\n<\/ul>\n<p>Usos comunes:<\/p>\n<ul>\n<li>Control de la diabetes: A menudo se utiliza como remedio natural para regular los niveles de az\u00facar en sangre en personas diab\u00e9ticas.<\/li>\n<li>Salud de la piel: Beneficioso para las afecciones de la piel debido a sus propiedades antioxidantes.<\/li>\n<li>Control de peso: favorece la p\u00e9rdida de peso gracias a su bajo contenido cal\u00f3rico y su capacidad para mejorar el metabolismo.<\/li>\n<li>Salud gastrointestinal: apoya la salud gastrointestinal y ayuda a controlar problemas como el estre\u00f1imiento.<\/li>\n<\/ul>\n<p>Precauciones:<\/p>\n<p>Embarazo: Las mujeres embarazadas deben usar Karela con precauci\u00f3n y consultar a un proveedor de atenci\u00f3n m\u00e9dica antes de consumirlo.<\/p>\n<p>Nota: Esta informaci\u00f3n tiene como objetivo aumentar la concienciaci\u00f3n y no sustituye el consejo m\u00e9dico profesional.<\/p>\n","protected":false},"excerpt":{"rendered":"<p>Otro nombre : Karela en polvo, mel\u00f3n amargo en polvo El polvo de karela, com\u00fanmente conocido como calabaza amarga Bitter Melo, es una verdura distintiva conocida por su sabor amargo y su rico valor medicinal. Adoptada en diversas pr\u00e1cticas medicinales tradicionales, la karela ocupa un lugar importante por sus numerosos beneficios para la salud. Beneficios [&hellip;]<\/p>\n","protected":false},"featured_media":18263,"comment_status":"open","ping_status":"closed","template":"","meta":[],"product_brand":[],"product_cat":[200,252,249,195],"product_tag":[],"class_list":{"0":"post-7542","1":"product","2":"type-product","3":"status-publish","4":"has-post-thumbnail","6":"product_cat-marca","7":"product_cat-neel-ayurvedics","8":"product_cat-neel-ayurvedics-polvos-herbales","9":"product_cat-productos-ayurvedicos","11":"first","12":"instock","13":"shipping-taxable","14":"purchasable","15":"product-type-variable"},"_links":{"self":[{"href":"https:\/\/neelayurvedics.es\/index.php?rest_route=\/wp\/v2\/product\/7542","targetHints":{"allow":["GET"]}}],"collection":[{"href":"https:\/\/neelayurvedics.es\/index.php?rest_route=\/wp\/v2\/product"}],"about":[{"href":"https:\/\/neelayurvedics.es\/index.php?rest_route=\/wp\/v2\/types\/product"}],"replies":[{"embeddable":true,"href":"https:\/\/neelayurvedics.es\/index.php?rest_route=%2Fwp%2Fv2%2Fcomments&post=7542"}],"wp:featuredmedia":[{"embeddable":true,"href":"https:\/\/neelayurvedics.es\/index.php?rest_route=\/wp\/v2\/media\/18263"}],"wp:attachment":[{"href":"https:\/\/neelayurvedics.es\/index.php?rest_route=%2Fwp%2Fv2%2Fmedia&parent=7542"}],"wp:term":[{"taxonomy":"product_brand","embeddable":true,"href":"https:\/\/neelayurvedics.es\/index.php?rest_route=%2Fwp%2Fv2%2Fproduct_brand&post=7542"},{"taxonomy":"product_cat","embeddable":true,"href":"https:\/\/neelayurvedics.es\/index.php?rest_route=%2Fwp%2Fv2%2Fproduct_cat&post=7542"},{"taxonomy":"product_tag","embeddable":true,"href":"https:\/\/neelayurvedics.es\/index.php?rest_route=%2Fwp%2Fv2%2Fproduct_tag&post=7542"}],"curies":[{"name":"wp","href":"https:\/\/api.w.org\/{rel}","templated":true}]}}