{"id":7619,"date":"2025-01-18T06:16:26","date_gmt":"2025-01-18T06:16:26","guid":{"rendered":"https:\/\/neelayurvedics.es\/?post_type=product&#038;p=7619"},"modified":"2025-01-18T06:16:26","modified_gmt":"2025-01-18T06:16:26","slug":"neel-ayurvedics-limda-chhal","status":"publish","type":"product","link":"https:\/\/neelayurvedics.es\/?product=neel-ayurvedics-limda-chhal","title":{"rendered":"Neel Ayurvedics Limda Chhal | Polvo de corteza de Azadirachta Indica"},"content":{"rendered":"<h3><span>Otros nombres:<\/span><\/h3>\n<p><span>Polvo de hojas de neem, polvo de neem chhal, polvo de neem patta, azadirachta indica<\/span><\/p>\n<h4><span>Beneficios para la salud:-<\/span><\/h4>\n<ol>\n<li><span>Salud de la piel: El polvo de Neem Chhal es un potente remedio para diversas afecciones de la piel debido a sus propiedades antibacterianas, antiinflamatorias y antif\u00fangicas.<\/span><\/li>\n<li><span>Refuerzo inmunol\u00f3gico: el polvo de Neem Chhal tambi\u00e9n se utiliza para mejorar el sistema inmunol\u00f3gico y ayudar a combatir infecciones.<\/span><\/li>\n<li><span>Salud bucal: favorece la higiene dental, reduciendo la placa y las bacterias en la boca.<\/span><\/li>\n<li><span>Ayuda digestiva: ayuda a mantener una digesti\u00f3n saludable y a abordar problemas digestivos.<\/span><\/li>\n<\/ol>\n<h4><span>Propiedades clave:-<\/span><\/h4>\n<ul>\n<li><span>Rasa (Sabor): Amargo, picante.<\/span><\/li>\n<li><span>Guna (Calidad): Ligero, seco<\/span><\/li>\n<li><span>Virya (Potencia): Enfriamiento<\/span><\/li>\n<li><span>Vipaka (sabor postdigestivo): picante<\/span><\/li>\n<\/ul>\n<h4><span>Usos comunes: &#8211;<\/span><\/h4>\n<ul>\n<li><span>Cuidado de la piel Se utiliza en jabones, cremas y lociones para tratar el acn\u00e9, el eczema y otros trastornos de la piel.<\/span><\/li>\n<li><span>Repelente de insectos El aceite de neem es eficaz contra insectos y plagas, se utiliza en el control org\u00e1nico de plagas.<\/span><\/li>\n<li><span>Higiene bucal Las ramitas de Neem se han utilizado tradicionalmente como cepillos de dientes naturales para la salud bucal.<\/span><\/li>\n<li><span>Cuidado del cabello Se sabe que los productos a base de Neem combaten la caspa y nutren el cuero cabelludo.<\/span><\/li>\n<\/ul>\n<h4><span>Precauciones:-<\/span><\/h4>\n<ul>\n<li><span>\u00a0Embarazo: Consulte a un profesional de la salud antes de usar neem durante el embarazo.<\/span><\/li>\n<li><span>Alergias: Las personas con alergias conocidas deben realizar una prueba de parche antes de la aplicaci\u00f3n t\u00f3pica.<\/span><\/li>\n<\/ul>\n","protected":false},"excerpt":{"rendered":"<p><span>El polvo Neem Chhal de Neel Ayurvedics, a menudo denominado el &#8220;\u00e1rbol divino&#8221; o la &#8220;farmacia de la naturaleza&#8221;, ocupa un lugar importante en el Ayurveda y la medicina tradicional debido a sus amplias propiedades medicinales.<\/span><\/p>\n<p><span>Es conocido por sus usos multifac\u00e9ticos para promover la salud y el bienestar.<\/span><\/p>\n","protected":false},"featured_media":7624,"comment_status":"open","ping_status":"closed","template":"","meta":[],"product_brand":[],"product_cat":[200,252,249,195],"product_tag":[],"class_list":{"0":"post-7619","1":"product","2":"type-product","3":"status-publish","4":"has-post-thumbnail","6":"product_cat-marca","7":"product_cat-neel-ayurvedics","8":"product_cat-neel-ayurvedics-polvos-herbales","9":"product_cat-productos-ayurvedicos","11":"first","12":"instock","13":"shipping-taxable","14":"purchasable","15":"product-type-variable"},"_links":{"self":[{"href":"https:\/\/neelayurvedics.es\/index.php?rest_route=\/wp\/v2\/product\/7619","targetHints":{"allow":["GET"]}}],"collection":[{"href":"https:\/\/neelayurvedics.es\/index.php?rest_route=\/wp\/v2\/product"}],"about":[{"href":"https:\/\/neelayurvedics.es\/index.php?rest_route=\/wp\/v2\/types\/product"}],"replies":[{"embeddable":true,"href":"https:\/\/neelayurvedics.es\/index.php?rest_route=%2Fwp%2Fv2%2Fcomments&post=7619"}],"wp:featuredmedia":[{"embeddable":true,"href":"https:\/\/neelayurvedics.es\/index.php?rest_route=\/wp\/v2\/media\/7624"}],"wp:attachment":[{"href":"https:\/\/neelayurvedics.es\/index.php?rest_route=%2Fwp%2Fv2%2Fmedia&parent=7619"}],"wp:term":[{"taxonomy":"product_brand","embeddable":true,"href":"https:\/\/neelayurvedics.es\/index.php?rest_route=%2Fwp%2Fv2%2Fproduct_brand&post=7619"},{"taxonomy":"product_cat","embeddable":true,"href":"https:\/\/neelayurvedics.es\/index.php?rest_route=%2Fwp%2Fv2%2Fproduct_cat&post=7619"},{"taxonomy":"product_tag","embeddable":true,"href":"https:\/\/neelayurvedics.es\/index.php?rest_route=%2Fwp%2Fv2%2Fproduct_tag&post=7619"}],"curies":[{"name":"wp","href":"https:\/\/api.w.org\/{rel}","templated":true}]}}