{"id":7674,"date":"2025-01-20T06:16:01","date_gmt":"2025-01-20T06:16:01","guid":{"rendered":"https:\/\/neelayurvedics.es\/?post_type=product&#038;p=7674"},"modified":"2025-01-20T06:16:01","modified_gmt":"2025-01-20T06:16:01","slug":"neel-ayurvedics-mehandi-lawsonia-inermis-polvo","status":"publish","type":"product","link":"https:\/\/neelayurvedics.es\/?product=neel-ayurvedics-mehandi-lawsonia-inermis-polvo","title":{"rendered":"Neel Ayurvedics Mehandi (Lawsonia inermis) Polvo | Polvo de henna"},"content":{"rendered":"<div id=\"nasa-single-product-tabs\" class=\"product-details\">\n<div class=\"nasa-tabs-content woocommerce-tabs\">\n<div class=\"nasa-panels nasa-desc-wrap\">\n<div id=\"nasa-tab-description\" class=\"nasa-panel nasa-content-description active\">\n<div class=\"row\">\n<div class=\"large-12 columns nasa-content-panel\">\n<h3><span>Polvo de henna de Neel Ayurvedics: la soluci\u00f3n definitiva para el cuidado del cabello totalmente natural<\/span><\/h3>\n<p><strong><span>El polvo de henna de Neel Ayurvedics<\/span><\/strong><span>\u00a0es un producto para el cuidado del cabello totalmente natural y de primera calidad elaborado con las mejores hojas de henna. Sin productos qu\u00edmicos a\u00f1adidos ni ingredientes sint\u00e9ticos, es la opci\u00f3n perfecta para quienes buscan nutrir su cabello de forma natural.<\/span><\/p>\n<h4><span>Beneficios del polvo Mehandi de Neel Ayurvedics<\/span><\/h4>\n<p><strong><span>Nutre y fortalece el cabello<\/span><\/strong><span>\u00a0El polvo de mehandi de Neel Ayurvedics es rico en aceites naturales y nutrientes que ayudan a nutrir y fortalecer el cabello desde la ra\u00edz hasta las puntas. El uso regular de este polvo de henna puede dar como resultado un cabello m\u00e1s grueso y abundante con menos rotura y ca\u00edda del cabello.<\/span><\/p>\n<p><strong><span>Aporta brillo y lustre<\/span><\/strong><span>\u00a0Este polvo de henna act\u00faa como un acondicionador natural, aportando brillo y lustre a tu cabello. Suaviza las cut\u00edculas del cabello y retiene la humedad, d\u00e1ndole a tu cabello un aspecto saludable y radiante.<\/span><\/p>\n<p><strong><span>El tinte natural para el cabello<\/span><\/strong><span>\u00a0Mehandi Powder de Neel Ayurvedics es un tinte natural eficaz que puede cubrir el cabello. Como alternativa m\u00e1s segura a los tintes qu\u00edmicos para el cabello, ayuda a mantener la salud del cabello y el cuero cabelludo.<\/span><\/p>\n<p><strong><span>Alivia el cuero cabelludo<\/span><\/strong><span>\u00a0Uno de los beneficios m\u00e1s destacados del polvo de henna de Neel Ayurvedics es su efecto refrescante, que ayuda a aliviar la irritaci\u00f3n y la inflamaci\u00f3n del cuero cabelludo. Alivia la picaz\u00f3n y la caspa, dejando el cuero cabelludo fresco y saludable.<\/span><\/p>\n<h4><span>C\u00f3mo utilizar el polvo de henna de Neel Ayurvedics<\/span><\/h4>\n<ol>\n<li><strong><span>Mezcle<\/span><\/strong><span>\u00a0el polvo de henna con agua para formar una pasta.<\/span><\/li>\n<li><strong><span>Aplique<\/span><\/strong><span>\u00a0la pasta sobre el cabello limpio y seco, asegur\u00e1ndose de cubrir todos los mechones.<\/span><\/li>\n<li><strong><span>Deje<\/span><\/strong><span>\u00a0actuar la pasta durante 1 o 2 horas, dependiendo de la intensidad del color deseada.<\/span><\/li>\n<li><strong><span>Enjuague<\/span><\/strong><span>\u00a0su cabello con agua y champ\u00fa como de costumbre.<\/span><\/li>\n<\/ol>\n<h4><span>Consejos adicionales para obtener mejores resultados<\/span><\/h4>\n<ul>\n<li><span>Utilice guantes para evitar manchar la piel.<\/span><\/li>\n<li><span>Aplique la pasta sobre el cabello en secciones para lograr una cobertura uniforme.<\/span><\/li>\n<li><span>Enjuague la pasta de henna con agua tibia.<\/span><\/li>\n<li><span>Utilice un secador de pelo para acelerar el proceso de secado despu\u00e9s de lavar la pasta.<\/span><\/li>\n<\/ul>\n<h4><span>\u00bfPor qu\u00e9 elegir el polvo Mehandi de Neel Ayurvedics?<\/span><\/h4>\n<p><span>El polvo Mehandi de Neel Ayurvedics es una soluci\u00f3n natural y segura para el cuidado del cabello. Sus ingredientes naturales ofrecen numerosos beneficios, como aportar brillo y lustre, calmar el cuero cabelludo y nutrir y fortalecer el cabello. Es una excelente alternativa a los tintes qu\u00edmicos para el cabello, ya que proporciona una soluci\u00f3n m\u00e1s segura y natural para cubrir el cabello.<\/span><\/p>\n<p><span>Con el uso regular, el polvo de henna de Neel Ayurvedics puede mejorar la salud y el aspecto general de su cabello. Es adecuado para todo tipo de cabello y garantiza un cabello m\u00e1s fuerte, brillante y vibrante, adem\u00e1s de un cuero cabelludo m\u00e1s saludable. Aproveche el poder de la naturaleza con el polvo de henna de Neel Ayurvedics y disfrute de un cabello hermoso y saludable de forma natural.<\/span><\/p>\n<\/div>\n<\/div>\n<\/div>\n<\/div>\n<\/div>\n<\/div>\n","protected":false},"excerpt":{"rendered":"<p>Polvo de henna de Neel Ayurvedics: la soluci\u00f3n definitiva para el cuidado del cabello totalmente natural El polvo de henna de Neel Ayurvedics\u00a0es un producto para el cuidado del cabello totalmente natural y de primera calidad elaborado con las mejores hojas de henna. Sin productos qu\u00edmicos a\u00f1adidos ni ingredientes sint\u00e9ticos, es la opci\u00f3n perfecta para [&hellip;]<\/p>\n","protected":false},"featured_media":7678,"comment_status":"open","ping_status":"closed","template":"","meta":[],"product_brand":[],"product_cat":[200,252,249,195],"product_tag":[],"class_list":{"0":"post-7674","1":"product","2":"type-product","3":"status-publish","4":"has-post-thumbnail","6":"product_cat-marca","7":"product_cat-neel-ayurvedics","8":"product_cat-neel-ayurvedics-polvos-herbales","9":"product_cat-productos-ayurvedicos","11":"first","12":"instock","13":"shipping-taxable","14":"purchasable","15":"product-type-variable"},"_links":{"self":[{"href":"https:\/\/neelayurvedics.es\/index.php?rest_route=\/wp\/v2\/product\/7674","targetHints":{"allow":["GET"]}}],"collection":[{"href":"https:\/\/neelayurvedics.es\/index.php?rest_route=\/wp\/v2\/product"}],"about":[{"href":"https:\/\/neelayurvedics.es\/index.php?rest_route=\/wp\/v2\/types\/product"}],"replies":[{"embeddable":true,"href":"https:\/\/neelayurvedics.es\/index.php?rest_route=%2Fwp%2Fv2%2Fcomments&post=7674"}],"wp:featuredmedia":[{"embeddable":true,"href":"https:\/\/neelayurvedics.es\/index.php?rest_route=\/wp\/v2\/media\/7678"}],"wp:attachment":[{"href":"https:\/\/neelayurvedics.es\/index.php?rest_route=%2Fwp%2Fv2%2Fmedia&parent=7674"}],"wp:term":[{"taxonomy":"product_brand","embeddable":true,"href":"https:\/\/neelayurvedics.es\/index.php?rest_route=%2Fwp%2Fv2%2Fproduct_brand&post=7674"},{"taxonomy":"product_cat","embeddable":true,"href":"https:\/\/neelayurvedics.es\/index.php?rest_route=%2Fwp%2Fv2%2Fproduct_cat&post=7674"},{"taxonomy":"product_tag","embeddable":true,"href":"https:\/\/neelayurvedics.es\/index.php?rest_route=%2Fwp%2Fv2%2Fproduct_tag&post=7674"}],"curies":[{"name":"wp","href":"https:\/\/api.w.org\/{rel}","templated":true}]}}