{"id":7679,"date":"2025-01-20T06:23:27","date_gmt":"2025-01-20T06:23:27","guid":{"rendered":"https:\/\/neelayurvedics.es\/?post_type=product&#038;p=7679"},"modified":"2025-12-05T09:36:59","modified_gmt":"2025-12-05T09:36:59","slug":"neel-ayurvedics-methi-en-polvo","status":"publish","type":"product","link":"https:\/\/neelayurvedics.es\/?product=neel-ayurvedics-methi-en-polvo","title":{"rendered":"Neel Ayurvedics Methi en polvo | Polvo de semillas de fenogreco| Reducir el nivel de az\u00facar | Refuerzo de inmunidad"},"content":{"rendered":"<p>La gente usa el polvo de methi, tambi\u00e9n conocido como polvo de fenogreco, como una especia popular en la cocina india, moliendo hojas y semillas secas de fenogreco hasta obtener un polvo fino. Esta especia vers\u00e1til ofrece numerosos beneficios para la salud y agrega un sabor \u00fanico a los platos.<\/p>\n<h4>Beneficios para la salud del polvo de Methi de Neel Ayurvedics:<\/h4>\n<p>Su riqueza en vitaminas, minerales y antioxidantes aporta numerosos beneficios para la salud. Regula los niveles de az\u00facar en sangre, favorece la digesti\u00f3n, refuerza la inmunidad y reduce la inflamaci\u00f3n. Tambi\u00e9n es conocida por favorecer la salud de la piel y el cabello, lo que la convierte en una opci\u00f3n popular para fines cosm\u00e9ticos.<\/p>\n<p>A continuaci\u00f3n se muestran algunas de las formas m\u00e1s comunes de utilizar el polvo de Methi.<\/p>\n<ol>\n<li>Salud digestiva: promueve la salud digestiva y puede aliviar problemas digestivos como el estre\u00f1imiento, la hinchaz\u00f3n y la indigesti\u00f3n. Puede mezclar el polvo de Methi con agua tibia y beberlo antes de las comidas para mejorar la digesti\u00f3n.<\/li>\n<li>Salud respiratoria: tambi\u00e9n es beneficioso para la salud respiratoria y se puede utilizar para aliviar la tos y la congesti\u00f3n. Puedes mezclar polvo de methi con miel y tomarlo dos veces al d\u00eda para aliviar los problemas respiratorios.<\/li>\n<li>Control de az\u00facar en sangre: puede ayudar a regular los niveles de az\u00facar en sangre y es especialmente \u00fatil para personas con diabetes. Puedes agregarlo a tus comidas o mezclarlo con agua y beberlo para ayudar a controlar los niveles de az\u00facar en sangre.<\/li>\n<li>Salud de la piel y el cabello: tambi\u00e9n es conocido por sus beneficios para la piel y el cabello. Puedes hacer una pasta con agua y aplicarla sobre la piel y el cabello para obtener un efecto nutritivo.<\/li>\n<\/ol>\n","protected":false},"excerpt":{"rendered":"<ul>\n<li>Promueve la salud digestiva.<\/li>\n<li>Regula los niveles de az\u00facar en sangre.<\/li>\n<li>Ayuda a mantener la piel y el cabello saludables.<\/li>\n<\/ul>\n","protected":false},"featured_media":17483,"comment_status":"open","ping_status":"closed","template":"","meta":[],"product_brand":[],"product_cat":[200,252,249,195],"product_tag":[],"class_list":{"0":"post-7679","1":"product","2":"type-product","3":"status-publish","4":"has-post-thumbnail","6":"product_cat-marca","7":"product_cat-neel-ayurvedics","8":"product_cat-neel-ayurvedics-polvos-herbales","9":"product_cat-productos-ayurvedicos","11":"first","12":"instock","13":"shipping-taxable","14":"purchasable","15":"product-type-variable"},"_links":{"self":[{"href":"https:\/\/neelayurvedics.es\/index.php?rest_route=\/wp\/v2\/product\/7679","targetHints":{"allow":["GET"]}}],"collection":[{"href":"https:\/\/neelayurvedics.es\/index.php?rest_route=\/wp\/v2\/product"}],"about":[{"href":"https:\/\/neelayurvedics.es\/index.php?rest_route=\/wp\/v2\/types\/product"}],"replies":[{"embeddable":true,"href":"https:\/\/neelayurvedics.es\/index.php?rest_route=%2Fwp%2Fv2%2Fcomments&post=7679"}],"wp:featuredmedia":[{"embeddable":true,"href":"https:\/\/neelayurvedics.es\/index.php?rest_route=\/wp\/v2\/media\/17483"}],"wp:attachment":[{"href":"https:\/\/neelayurvedics.es\/index.php?rest_route=%2Fwp%2Fv2%2Fmedia&parent=7679"}],"wp:term":[{"taxonomy":"product_brand","embeddable":true,"href":"https:\/\/neelayurvedics.es\/index.php?rest_route=%2Fwp%2Fv2%2Fproduct_brand&post=7679"},{"taxonomy":"product_cat","embeddable":true,"href":"https:\/\/neelayurvedics.es\/index.php?rest_route=%2Fwp%2Fv2%2Fproduct_cat&post=7679"},{"taxonomy":"product_tag","embeddable":true,"href":"https:\/\/neelayurvedics.es\/index.php?rest_route=%2Fwp%2Fv2%2Fproduct_tag&post=7679"}],"curies":[{"name":"wp","href":"https:\/\/api.w.org\/{rel}","templated":true}]}}