{"id":7698,"date":"2025-01-20T06:39:53","date_gmt":"2025-01-20T06:39:53","guid":{"rendered":"https:\/\/neelayurvedics.es\/?post_type=product&#038;p=7698"},"modified":"2025-12-05T09:46:11","modified_gmt":"2025-12-05T09:46:11","slug":"neel-ayurvedics-polvo-de-muslo-de-moringa","status":"publish","type":"product","link":"https:\/\/neelayurvedics.es\/?product=neel-ayurvedics-polvo-de-muslo-de-moringa","title":{"rendered":"Neel Ayurvedics Polvo de muslo de moringa | Polvo de shing Saragva (Moringa oleifera) | Apoya la salud digestiva | Aumenta la inmunidad"},"content":{"rendered":"<div id=\"nasa-single-product-tabs\" class=\"product-details\">\n<div class=\"nasa-tabs-content woocommerce-tabs\">\n<div class=\"nasa-panels nasa-desc-wrap\">\n<div id=\"nasa-tab-description\" class=\"nasa-panel nasa-content-description active\">\n<div class=\"row\">\n<div class=\"large-12 columns nasa-content-panel\">\n<p>El polvo Saragva Sing de Neel Ayurvedics es un producto a base de hierbas ayurv\u00e9dicas de alta calidad que puede promover la salud y el bienestar general. Nuestro producto est\u00e1 elaborado con los mejores ingredientes y ha sido cuidadosamente elaborado para ofrecer resultados excepcionales.<\/p>\n<p>Saragva Sing, tambi\u00e9n conocida como Moringa Oleifera, es un \u00e1rbol originario de la India y otras partes del sur de Asia. Sus hojas, semillas y frutos se utilizan en la medicina ayurv\u00e9dica tradicional por sus diversos beneficios para la salud. Neel Ayurvedics ha tomado esta sabidur\u00eda ancestral y ha creado un producto que aprovecha el poder de este superalimento.<\/p>\n<p>Uno de los beneficios m\u00e1s notables de Saragva Sing es su alto valor nutricional. Las hojas del \u00e1rbol Saragva Sing est\u00e1n repletas de vitaminas, minerales y antioxidantes que pueden ayudar a mantener la salud en general. Otro beneficio de Saragva Sing es su capacidad para ayudar a regular los niveles de az\u00facar en sangre.<\/p>\n<p>Para permitir que nuestros clientes disfruten plenamente de los beneficios de este superalimento, garantizamos meticulosamente la m\u00e1s alta calidad y pureza del polvo Saragava Sing de Neel Ayurvedics, teniendo mucho cuidado de evitar aditivos, conservantes o rellenos mientras cosechamos y procesamos cuidadosamente las hojas del \u00e1rbol Saragava Sing con los mejores ingredientes.<\/p>\n<p>Tambi\u00e9n puedes a\u00f1adirlo a batidos u otras recetas para aumentar el contenido nutricional de tus comidas. Nuestro producto tiene un sabor agradable y ligeramente dulce que combina bien con otros sabores. Adem\u00e1s de sus numerosos beneficios para la salud, Saragva Sing tambi\u00e9n es un cultivo sostenible y respetuoso con el medio ambiente.<\/p>\n<p>Neel Ayurvedics se compromete a promover la salud y el bienestar mediante el uso de remedios naturales y tradicionales. Nuestro polvo Saragva Sing es solo un ejemplo de nuestra dedicaci\u00f3n a esta misi\u00f3n. Creemos que todos merecen tener acceso a productos naturales de alta calidad que puedan ayudarlos a vivir una vida saludable y plena.<\/p>\n<\/div>\n<\/div>\n<\/div>\n<\/div>\n<\/div>\n<\/div>\n","protected":false},"excerpt":{"rendered":"<ul>\n<li>Promover la salud del coraz\u00f3n.<\/li>\n<li>Reducir la inflamaci\u00f3n<\/li>\n<li>Ayuda a reducir el nivel de az\u00facar en la sangre.<\/li>\n<li>Apoyo a la digesti\u00f3n y la inmunidad.<\/li>\n<li>Libre de cualquier aditivo<\/li>\n<\/ul>\n","protected":false},"featured_media":17232,"comment_status":"open","ping_status":"closed","template":"","meta":[],"product_brand":[],"product_cat":[200,252,249,195],"product_tag":[],"class_list":{"0":"post-7698","1":"product","2":"type-product","3":"status-publish","4":"has-post-thumbnail","6":"product_cat-marca","7":"product_cat-neel-ayurvedics","8":"product_cat-neel-ayurvedics-polvos-herbales","9":"product_cat-productos-ayurvedicos","11":"first","12":"instock","13":"shipping-taxable","14":"purchasable","15":"product-type-variable"},"_links":{"self":[{"href":"https:\/\/neelayurvedics.es\/index.php?rest_route=\/wp\/v2\/product\/7698","targetHints":{"allow":["GET"]}}],"collection":[{"href":"https:\/\/neelayurvedics.es\/index.php?rest_route=\/wp\/v2\/product"}],"about":[{"href":"https:\/\/neelayurvedics.es\/index.php?rest_route=\/wp\/v2\/types\/product"}],"replies":[{"embeddable":true,"href":"https:\/\/neelayurvedics.es\/index.php?rest_route=%2Fwp%2Fv2%2Fcomments&post=7698"}],"wp:featuredmedia":[{"embeddable":true,"href":"https:\/\/neelayurvedics.es\/index.php?rest_route=\/wp\/v2\/media\/17232"}],"wp:attachment":[{"href":"https:\/\/neelayurvedics.es\/index.php?rest_route=%2Fwp%2Fv2%2Fmedia&parent=7698"}],"wp:term":[{"taxonomy":"product_brand","embeddable":true,"href":"https:\/\/neelayurvedics.es\/index.php?rest_route=%2Fwp%2Fv2%2Fproduct_brand&post=7698"},{"taxonomy":"product_cat","embeddable":true,"href":"https:\/\/neelayurvedics.es\/index.php?rest_route=%2Fwp%2Fv2%2Fproduct_cat&post=7698"},{"taxonomy":"product_tag","embeddable":true,"href":"https:\/\/neelayurvedics.es\/index.php?rest_route=%2Fwp%2Fv2%2Fproduct_tag&post=7698"}],"curies":[{"name":"wp","href":"https:\/\/api.w.org\/{rel}","templated":true}]}}