{"id":7704,"date":"2025-01-20T06:51:50","date_gmt":"2025-01-20T06:51:50","guid":{"rendered":"https:\/\/neelayurvedics.es\/?post_type=product&#038;p=7704"},"modified":"2026-04-13T15:04:14","modified_gmt":"2026-04-13T15:04:14","slug":"neel-ayurvedics-polvo-multani-mitti","status":"publish","type":"product","link":"https:\/\/neelayurvedics.es\/?product=neel-ayurvedics-polvo-multani-mitti","title":{"rendered":"Neel Ayurvedics Polvo Multani Mitti | Arcilla curativa india |"},"content":{"rendered":"<div id=\"nasa-single-product-tabs\" class=\"product-details\">\n<div class=\"nasa-tabs-content woocommerce-tabs\">\n<div class=\"nasa-panels nasa-desc-wrap\">\n<div id=\"nasa-tab-description\" class=\"nasa-panel nasa-content-description active\">\n<div class=\"row\">\n<div class=\"large-12 columns nasa-content-panel\">\n<p>Neel Ayurvedics se enorgullece de ofrecer a sus clientes una soluci\u00f3n natural para lograr una piel clara y radiante: nuestro polvo Multani Mitti. Elaborado con ingredientes puros y naturales, nuestro polvo de arcilla curativa india es el complemento perfecto para cualquier rutina de cuidado de la piel.<\/p>\n<p>\u00bfQu\u00e9 es Neel Ayurvedics Multani Mitti?<\/p>\n<p>La arcilla curativa india, tambi\u00e9n conocida como tierra de bat\u00e1n, es un tipo de arcilla que se ha utilizado en la medicina ayurv\u00e9dica durante siglos. Es rica en minerales como magnesio, calcio y cuarzo, y se sabe que tiene numerosos beneficios para la piel.<\/p>\n<p>Beneficios de Neel Ayurvedics Multani Mitti para la piel:<\/p>\n<ul>\n<li>\u2192 Limpia profundamente los poros.<\/li>\n<li>\u2192 Controla el exceso de producci\u00f3n de grasa.<\/li>\n<li>\u2192 Ayuda a aclarar las imperfecciones y las cicatrices del acn\u00e9.<\/li>\n<li>\u2192 Exfolia las c\u00e9lulas muertas de la piel.<\/li>\n<li>\u2192 Suaviza y calma la piel.<\/li>\n<\/ul>\n<p>\u00bfPor qu\u00e9 elegir el polvo Multani Mitti de Neel Ayurvedics?<\/p>\n<p>En Neel Ayurvedics, creemos en brindarles a nuestros clientes productos naturales de la mejor calidad. Nuestro polvo de arcilla curativa india es 100 % natural y no contiene qu\u00edmicos da\u00f1inos, lo que garantiza que su piel reciba solo el mejor tratamiento.<\/p>\n<p>C\u00f3mo utilizar el polvo Multani Mitti de Neel Ayurvedics:<\/p>\n<ul>\n<li>Mezcle 1-2 cucharadas de polvo con agua o agua de rosas para formar una pasta.<\/li>\n<li>Aplica la pasta en tu rostro y d\u00e9jala actuar durante 10-15 minutos.<\/li>\n<li>Enjuague con agua tibia y seque la piel con palmaditas.<\/li>\n<\/ul>\n<p>Comprar ahora:<\/p>\n<p>Experimente el poder del Ayurveda con el polvo de arcilla curativa india de Neel Ayurvedics. Visite nuestro sitio web para comprar ahora y lograr una piel clara y radiante de forma natural.<\/p>\n<\/div>\n<\/div>\n<\/div>\n<\/div>\n<\/div>\n<\/div>\n","protected":false},"excerpt":{"rendered":"<p>Neel Ayurvedics se enorgullece de ofrecer a sus clientes una soluci\u00f3n natural para lograr una piel clara y radiante: nuestro polvo Multani Mitti. Elaborado con ingredientes puros y naturales, nuestro polvo de arcilla curativa india es el complemento perfecto para cualquier rutina de cuidado de la piel. \u00bfQu\u00e9 es Neel Ayurvedics Multani Mitti? La arcilla [&hellip;]<\/p>\n","protected":false},"featured_media":18362,"comment_status":"open","ping_status":"closed","template":"","meta":[],"product_brand":[285],"product_cat":[200,252,249,195],"product_tag":[],"class_list":{"0":"post-7704","1":"product","2":"type-product","3":"status-publish","4":"has-post-thumbnail","6":"product_brand-neel-ayurvedics","7":"product_cat-marca","8":"product_cat-neel-ayurvedics","9":"product_cat-neel-ayurvedics-polvos-herbales","10":"product_cat-productos-ayurvedicos","12":"first","13":"instock","14":"shipping-taxable","15":"purchasable","16":"product-type-variable"},"_links":{"self":[{"href":"https:\/\/neelayurvedics.es\/index.php?rest_route=\/wp\/v2\/product\/7704","targetHints":{"allow":["GET"]}}],"collection":[{"href":"https:\/\/neelayurvedics.es\/index.php?rest_route=\/wp\/v2\/product"}],"about":[{"href":"https:\/\/neelayurvedics.es\/index.php?rest_route=\/wp\/v2\/types\/product"}],"replies":[{"embeddable":true,"href":"https:\/\/neelayurvedics.es\/index.php?rest_route=%2Fwp%2Fv2%2Fcomments&post=7704"}],"wp:featuredmedia":[{"embeddable":true,"href":"https:\/\/neelayurvedics.es\/index.php?rest_route=\/wp\/v2\/media\/18362"}],"wp:attachment":[{"href":"https:\/\/neelayurvedics.es\/index.php?rest_route=%2Fwp%2Fv2%2Fmedia&parent=7704"}],"wp:term":[{"taxonomy":"product_brand","embeddable":true,"href":"https:\/\/neelayurvedics.es\/index.php?rest_route=%2Fwp%2Fv2%2Fproduct_brand&post=7704"},{"taxonomy":"product_cat","embeddable":true,"href":"https:\/\/neelayurvedics.es\/index.php?rest_route=%2Fwp%2Fv2%2Fproduct_cat&post=7704"},{"taxonomy":"product_tag","embeddable":true,"href":"https:\/\/neelayurvedics.es\/index.php?rest_route=%2Fwp%2Fv2%2Fproduct_tag&post=7704"}],"curies":[{"name":"wp","href":"https:\/\/api.w.org\/{rel}","templated":true}]}}