{"id":7723,"date":"2025-01-20T07:21:15","date_gmt":"2025-01-20T07:21:15","guid":{"rendered":"https:\/\/neelayurvedics.es\/?post_type=product&#038;p=7723"},"modified":"2026-04-13T13:56:31","modified_gmt":"2026-04-13T13:56:31","slug":"neel-ayurvedics-polvo-de-hojas-de-neem","status":"publish","type":"product","link":"https:\/\/neelayurvedics.es\/?product=neel-ayurvedics-polvo-de-hojas-de-neem","title":{"rendered":"Neel Ayurvedics Polvo de hojas de neem | Polvo de hojas de Azadirachta indica | Polvo de nimba"},"content":{"rendered":"<p>Otro nombre:<\/p>\n<p>Polvo de hojas de neem, polvo de limda patta, polvo de hojas de azadirachta indica<\/p>\n<p>El polvo de hojas de neem, a menudo denominado &#8220;\u00e1rbol divino&#8221; o &#8220;farmacia de la naturaleza&#8221;, ocupa un lugar importante en la medicina tradicional y ayurv\u00e9dica debido a sus amplias propiedades medicinales. Es famoso por sus usos multifac\u00e9ticos para promover la salud y el bienestar.<\/p>\n<h4>Beneficios para la salud:-<\/h4>\n<ol>\n<li>Salud de la piel: El polvo de hojas de neem es un potente remedio para diversas afecciones de la piel debido a sus propiedades antibacterianas, antiinflamatorias y antif\u00fangicas.<\/li>\n<li>Refuerzo inmunol\u00f3gico: el polvo de semilla de neem tambi\u00e9n se utiliza para mejorar el sistema inmunol\u00f3gico y ayudar a combatir infecciones.<\/li>\n<li>Salud bucal: favorece la higiene dental, reduciendo la placa y las bacterias en la boca.<\/li>\n<li>Ayuda digestiva: ayuda a mantener una digesti\u00f3n saludable y a abordar problemas digestivos.<\/li>\n<\/ol>\n<h4>Propiedades clave:-<\/h4>\n<ul>\n<li>Rasa (Sabor): Amargo, picante.<\/li>\n<li>Guna (Calidad): Ligero, seco<\/li>\n<li>Virya (Potencia): Enfriamiento<\/li>\n<li>Vipaka (sabor postdigestivo): picante<\/li>\n<\/ul>\n<h4>Usos comunes: &#8211;<\/h4>\n<ul>\n<li>Cuidado de la piel Se utiliza en jabones, cremas y lociones para tratar el acn\u00e9, el eczema y otros trastornos de la piel.<\/li>\n<li>Repelente de insectos El aceite de neem es eficaz contra insectos y plagas, se utiliza en el control org\u00e1nico de plagas.<\/li>\n<li>Higiene bucal Las ramitas de Neem se han utilizado tradicionalmente como cepillos de dientes naturales para la salud bucal.<\/li>\n<li>Cuidado del cabello Se sabe que los productos a base de Neem combaten la caspa y nutren el cuero cabelludo.<\/li>\n<\/ul>\n<h4>Precauciones:-<\/h4>\n<ul>\n<li>\u00a0Embarazo: Consulte a un profesional de la salud antes de usar neem durante el embarazo.<\/li>\n<li>Alergias: Las personas con alergias conocidas deben realizar una prueba de parche antes de la aplicaci\u00f3n t\u00f3pica.<\/li>\n<\/ul>\n","protected":false},"excerpt":{"rendered":"<p>El polvo de hojas de Neem de Neel Ayurvedics, a menudo denominado el &#8220;\u00e1rbol divino&#8221; o la &#8220;farmacia de la naturaleza&#8221;, ocupa un lugar importante en el Ayurveda y la medicina tradicional debido a sus amplias propiedades medicinales.<\/p>\n<p>Es conocido por sus usos multifac\u00e9ticos para promover la salud y el bienestar.<\/p>\n","protected":false},"featured_media":18301,"comment_status":"open","ping_status":"closed","template":"","meta":[],"product_brand":[285],"product_cat":[200,420,252,249,195],"product_tag":[],"class_list":{"0":"post-7723","1":"product","2":"type-product","3":"status-publish","4":"has-post-thumbnail","6":"product_brand-neel-ayurvedics","7":"product_cat-marca","8":"product_cat-company-wise","9":"product_cat-neel-ayurvedics","10":"product_cat-neel-ayurvedics-polvos-herbales","11":"product_cat-productos-ayurvedicos","13":"first","14":"instock","15":"shipping-taxable","16":"purchasable","17":"product-type-variable"},"_links":{"self":[{"href":"https:\/\/neelayurvedics.es\/index.php?rest_route=\/wp\/v2\/product\/7723","targetHints":{"allow":["GET"]}}],"collection":[{"href":"https:\/\/neelayurvedics.es\/index.php?rest_route=\/wp\/v2\/product"}],"about":[{"href":"https:\/\/neelayurvedics.es\/index.php?rest_route=\/wp\/v2\/types\/product"}],"replies":[{"embeddable":true,"href":"https:\/\/neelayurvedics.es\/index.php?rest_route=%2Fwp%2Fv2%2Fcomments&post=7723"}],"wp:featuredmedia":[{"embeddable":true,"href":"https:\/\/neelayurvedics.es\/index.php?rest_route=\/wp\/v2\/media\/18301"}],"wp:attachment":[{"href":"https:\/\/neelayurvedics.es\/index.php?rest_route=%2Fwp%2Fv2%2Fmedia&parent=7723"}],"wp:term":[{"taxonomy":"product_brand","embeddable":true,"href":"https:\/\/neelayurvedics.es\/index.php?rest_route=%2Fwp%2Fv2%2Fproduct_brand&post=7723"},{"taxonomy":"product_cat","embeddable":true,"href":"https:\/\/neelayurvedics.es\/index.php?rest_route=%2Fwp%2Fv2%2Fproduct_cat&post=7723"},{"taxonomy":"product_tag","embeddable":true,"href":"https:\/\/neelayurvedics.es\/index.php?rest_route=%2Fwp%2Fv2%2Fproduct_tag&post=7723"}],"curies":[{"name":"wp","href":"https:\/\/api.w.org\/{rel}","templated":true}]}}