{"id":7806,"date":"2025-01-21T10:08:08","date_gmt":"2025-01-21T10:08:08","guid":{"rendered":"https:\/\/neelayurvedics.es\/?post_type=product&#038;p=7806"},"modified":"2026-04-13T15:15:19","modified_gmt":"2026-04-13T15:15:19","slug":"neel-ayurvedics-polvo-vavding-rojo","status":"publish","type":"product","link":"https:\/\/neelayurvedics.es\/?product=neel-ayurvedics-polvo-vavding-rojo","title":{"rendered":"Neel Ayurvedics Polvo Vavding rojo | Vayu Vidanga Churna | Polvo Embelia ribes"},"content":{"rendered":"<p>El polvo rojo Vavding viene en paquetes de 25 g, 50 g, 100 g, 250 g, 500 g y 1 kg. Vayu Vidanga Churna es \u00fatil para enfermedades card\u00edacas, trastornos psicol\u00f3gicos, ti\u00f1a, dolor de cabeza y fiebre.<\/p>\n","protected":false},"excerpt":{"rendered":"<p>El polvo rojo Vavding viene en paquetes de 25 g, 50 g, 100 g, 250 g, 500 g y 1 kg. Vayu Vidanga Churna es \u00fatil para enfermedades card\u00edacas, trastornos psicol\u00f3gicos, ti\u00f1a, dolor de cabeza y fiebre.<\/p>\n","protected":false},"featured_media":18374,"comment_status":"open","ping_status":"closed","template":"","meta":[],"product_brand":[],"product_cat":[200,252,249,195],"product_tag":[],"class_list":{"0":"post-7806","1":"product","2":"type-product","3":"status-publish","4":"has-post-thumbnail","6":"product_cat-marca","7":"product_cat-neel-ayurvedics","8":"product_cat-neel-ayurvedics-polvos-herbales","9":"product_cat-productos-ayurvedicos","11":"first","12":"instock","13":"shipping-taxable","14":"purchasable","15":"product-type-variable"},"_links":{"self":[{"href":"https:\/\/neelayurvedics.es\/index.php?rest_route=\/wp\/v2\/product\/7806","targetHints":{"allow":["GET"]}}],"collection":[{"href":"https:\/\/neelayurvedics.es\/index.php?rest_route=\/wp\/v2\/product"}],"about":[{"href":"https:\/\/neelayurvedics.es\/index.php?rest_route=\/wp\/v2\/types\/product"}],"replies":[{"embeddable":true,"href":"https:\/\/neelayurvedics.es\/index.php?rest_route=%2Fwp%2Fv2%2Fcomments&post=7806"}],"wp:featuredmedia":[{"embeddable":true,"href":"https:\/\/neelayurvedics.es\/index.php?rest_route=\/wp\/v2\/media\/18374"}],"wp:attachment":[{"href":"https:\/\/neelayurvedics.es\/index.php?rest_route=%2Fwp%2Fv2%2Fmedia&parent=7806"}],"wp:term":[{"taxonomy":"product_brand","embeddable":true,"href":"https:\/\/neelayurvedics.es\/index.php?rest_route=%2Fwp%2Fv2%2Fproduct_brand&post=7806"},{"taxonomy":"product_cat","embeddable":true,"href":"https:\/\/neelayurvedics.es\/index.php?rest_route=%2Fwp%2Fv2%2Fproduct_cat&post=7806"},{"taxonomy":"product_tag","embeddable":true,"href":"https:\/\/neelayurvedics.es\/index.php?rest_route=%2Fwp%2Fv2%2Fproduct_tag&post=7806"}],"curies":[{"name":"wp","href":"https:\/\/api.w.org\/{rel}","templated":true}]}}