{"id":7862,"date":"2025-01-22T05:26:29","date_gmt":"2025-01-22T05:26:29","guid":{"rendered":"https:\/\/neelayurvedics.es\/?post_type=product&#038;p=7862"},"modified":"2026-01-22T12:44:07","modified_gmt":"2026-01-22T12:44:07","slug":"neel-ayurvedics-sargava-moringa-oleifera-pan-en-polvo","status":"publish","type":"product","link":"https:\/\/neelayurvedics.es\/?product=neel-ayurvedics-sargava-moringa-oleifera-pan-en-polvo","title":{"rendered":"Neel Ayurvedics Sargava (Moringa oleifera) Pan en polvo| Polvo de hoja de moringa | Apoya la salud digestiva | Cuidado de las articulaciones"},"content":{"rendered":"<p>Neel Ayurvedics es su fuente de confianza para obtener remedios ayurv\u00e9dicos de alta calidad. Nuestro polvo de hojas de moringa es un complemento digestivo natural elaborado \u00fanicamente con los mejores ingredientes org\u00e1nicos.<\/p>\n<p>Durante siglos, la gente ha utilizado el polvo de hojas de moringa de Neel Ayurvedics, un remedio ayurv\u00e9dico, para favorecer una digesti\u00f3n saludable y la salud intestinal. Neel Ayurvedics dise\u00f1\u00f3 su potente f\u00f3rmula para aliviar el malestar digestivo y mejorar la funci\u00f3n digestiva general.<\/p>\n<p>En Neel Ayurvedics, creemos que la naturaleza tiene el poder de curar y restaurar el cuerpo. Por eso, utilizamos solo ingredientes 100 % naturales y org\u00e1nicos en nuestro polvo Sargava Pan y nunca incluimos productos qu\u00edmicos ni aditivos nocivos.<\/p>\n<p>El polvo Sargava Pan de Neel Ayurvedics es un remedio ayurv\u00e9dico que ofrece varios beneficios para la salud digestiva, entre ellos:<\/p>\n<ol>\n<li>Alivia las molestias digestivas: el polvo de Sargava Pan puede ayudar a aliviar problemas digestivos comunes como hinchaz\u00f3n, gases y estre\u00f1imiento.<\/li>\n<li>Promueve una digesti\u00f3n saludable: ayuda a estimular las enzimas digestivas y apoya la funci\u00f3n digestiva saludable.<\/li>\n<li>Mejora la absorci\u00f3n de nutrientes: al mejorar la digesti\u00f3n, Sargava Pan Powder mejora la absorci\u00f3n de nutrientes de los alimentos que comemos.<\/li>\n<li>Apoya la salud intestinal: apoya el crecimiento de bacterias intestinales beneficiosas, lo cual es importante para la salud intestinal en general.<\/li>\n<li>Reduce la inflamaci\u00f3n: Tiene propiedades antiinflamatorias que pueden ayudar a reducir la inflamaci\u00f3n en el tracto digestivo.<\/li>\n<\/ol>\n<p>Dosificaci\u00f3n:-<\/p>\n<ul>\n<li>La forma recomendada de tomar Neel Ayurvedics Sargava Pan Powder es mezclar una cucharadita del polvo con agua o leche y consumirlo despu\u00e9s de las comidas.<\/li>\n<li>Tambi\u00e9n puedes mezclarlo con miel o ghee para obtener m\u00e1s sabor y beneficios.<\/li>\n<li>Se recomienda consultar con un m\u00e9dico antes de comenzar a tomar cualquier suplemento o medicamento nuevo.<\/li>\n<\/ul>\n<p>Si busca una forma natural de favorecer una digesti\u00f3n saludable y la salud intestinal, Sargava Pan Powder de Neel Ayurvedics es la opci\u00f3n perfecta. \u00a1Pru\u00e9belo hoy y experimente usted mismo los beneficios de este poderoso remedio ayurv\u00e9dico!<\/p>\n","protected":false},"excerpt":{"rendered":"<ul>\n<li>Promover el cuidado de las articulaciones<\/li>\n<li>Reducir la inflamaci\u00f3n<\/li>\n<li>Ayuda a reducir el nivel de az\u00facar en la sangre.<\/li>\n<li>Apoyo a la digesti\u00f3n y la inmunidad.<\/li>\n<li>Libre de cualquier aditivo<\/li>\n<\/ul>\n","protected":false},"featured_media":17649,"comment_status":"open","ping_status":"closed","template":"","meta":[],"product_brand":[285],"product_cat":[200,420,252,249,195],"product_tag":[],"class_list":{"0":"post-7862","1":"product","2":"type-product","3":"status-publish","4":"has-post-thumbnail","6":"product_brand-neel-ayurvedics","7":"product_cat-marca","8":"product_cat-company-wise","9":"product_cat-neel-ayurvedics","10":"product_cat-neel-ayurvedics-polvos-herbales","11":"product_cat-productos-ayurvedicos","13":"first","14":"instock","15":"shipping-taxable","16":"purchasable","17":"product-type-variable"},"_links":{"self":[{"href":"https:\/\/neelayurvedics.es\/index.php?rest_route=\/wp\/v2\/product\/7862","targetHints":{"allow":["GET"]}}],"collection":[{"href":"https:\/\/neelayurvedics.es\/index.php?rest_route=\/wp\/v2\/product"}],"about":[{"href":"https:\/\/neelayurvedics.es\/index.php?rest_route=\/wp\/v2\/types\/product"}],"replies":[{"embeddable":true,"href":"https:\/\/neelayurvedics.es\/index.php?rest_route=%2Fwp%2Fv2%2Fcomments&post=7862"}],"wp:featuredmedia":[{"embeddable":true,"href":"https:\/\/neelayurvedics.es\/index.php?rest_route=\/wp\/v2\/media\/17649"}],"wp:attachment":[{"href":"https:\/\/neelayurvedics.es\/index.php?rest_route=%2Fwp%2Fv2%2Fmedia&parent=7862"}],"wp:term":[{"taxonomy":"product_brand","embeddable":true,"href":"https:\/\/neelayurvedics.es\/index.php?rest_route=%2Fwp%2Fv2%2Fproduct_brand&post=7862"},{"taxonomy":"product_cat","embeddable":true,"href":"https:\/\/neelayurvedics.es\/index.php?rest_route=%2Fwp%2Fv2%2Fproduct_cat&post=7862"},{"taxonomy":"product_tag","embeddable":true,"href":"https:\/\/neelayurvedics.es\/index.php?rest_route=%2Fwp%2Fv2%2Fproduct_tag&post=7862"}],"curies":[{"name":"wp","href":"https:\/\/api.w.org\/{rel}","templated":true}]}}