{"id":7887,"date":"2025-01-22T05:59:05","date_gmt":"2025-01-22T05:59:05","guid":{"rendered":"https:\/\/neelayurvedics.es\/?post_type=product&#038;p=7887"},"modified":"2025-12-06T05:49:32","modified_gmt":"2025-12-06T05:49:32","slug":"neel-ayurvedics-shankhpushpi-churna","status":"publish","type":"product","link":"https:\/\/neelayurvedics.es\/?product=neel-ayurvedics-shankhpushpi-churna","title":{"rendered":"Neel Ayurvedics Shankhpushpi Churna \/ Shankhini Polvo \/ Convolvulus prostratus Polvo"},"content":{"rendered":"<p>Shankhpushpi Churna ayuda a mejorar la concentraci\u00f3n, la capacidad de aprendizaje, la fatiga mental, el insomnio, el estr\u00e9s, la ansiedad, la depresi\u00f3n, etc. Compre Shankhini Powder en paquetes de 50 g, 100 g, 250 g, 500 g, 1 kg<\/p>\n","protected":false},"excerpt":{"rendered":"<p>Shankhpushpi Churna ayuda a mejorar la concentraci\u00f3n, la capacidad de aprendizaje, la fatiga mental, el insomnio, el estr\u00e9s, la ansiedad, la depresi\u00f3n, etc. Compre Shankhini Powder en paquetes de 50 g, 100 g, 250 g, 500 g, 1 kg<\/p>\n","protected":false},"featured_media":17503,"comment_status":"open","ping_status":"closed","template":"","meta":[],"product_brand":[],"product_cat":[200,252,249,195],"product_tag":[],"class_list":{"0":"post-7887","1":"product","2":"type-product","3":"status-publish","4":"has-post-thumbnail","6":"product_cat-marca","7":"product_cat-neel-ayurvedics","8":"product_cat-neel-ayurvedics-polvos-herbales","9":"product_cat-productos-ayurvedicos","11":"first","12":"instock","13":"shipping-taxable","14":"purchasable","15":"product-type-variable"},"_links":{"self":[{"href":"https:\/\/neelayurvedics.es\/index.php?rest_route=\/wp\/v2\/product\/7887","targetHints":{"allow":["GET"]}}],"collection":[{"href":"https:\/\/neelayurvedics.es\/index.php?rest_route=\/wp\/v2\/product"}],"about":[{"href":"https:\/\/neelayurvedics.es\/index.php?rest_route=\/wp\/v2\/types\/product"}],"replies":[{"embeddable":true,"href":"https:\/\/neelayurvedics.es\/index.php?rest_route=%2Fwp%2Fv2%2Fcomments&post=7887"}],"wp:featuredmedia":[{"embeddable":true,"href":"https:\/\/neelayurvedics.es\/index.php?rest_route=\/wp\/v2\/media\/17503"}],"wp:attachment":[{"href":"https:\/\/neelayurvedics.es\/index.php?rest_route=%2Fwp%2Fv2%2Fmedia&parent=7887"}],"wp:term":[{"taxonomy":"product_brand","embeddable":true,"href":"https:\/\/neelayurvedics.es\/index.php?rest_route=%2Fwp%2Fv2%2Fproduct_brand&post=7887"},{"taxonomy":"product_cat","embeddable":true,"href":"https:\/\/neelayurvedics.es\/index.php?rest_route=%2Fwp%2Fv2%2Fproduct_cat&post=7887"},{"taxonomy":"product_tag","embeddable":true,"href":"https:\/\/neelayurvedics.es\/index.php?rest_route=%2Fwp%2Fv2%2Fproduct_tag&post=7887"}],"curies":[{"name":"wp","href":"https:\/\/api.w.org\/{rel}","templated":true}]}}