{"id":7900,"date":"2025-01-22T06:18:12","date_gmt":"2025-01-22T06:18:12","guid":{"rendered":"https:\/\/neelayurvedics.es\/?post_type=product&#038;p=7900"},"modified":"2025-12-06T06:20:55","modified_gmt":"2025-12-06T06:20:55","slug":"neel-ayurvedics-shatavari","status":"publish","type":"product","link":"https:\/\/neelayurvedics.es\/?product=neel-ayurvedics-shatavari","title":{"rendered":"Neel Ayurvedics Shatavari | Esp\u00e1rragos racemosus en polvo \u2013 Para la salud y el bienestar de la mujer"},"content":{"rendered":"<div id=\"nasa-single-product-tabs\" class=\"product-details\">\n<div class=\"nasa-tabs-content woocommerce-tabs\">\n<div class=\"nasa-panels nasa-desc-wrap\">\n<div id=\"nasa-tab-description\" class=\"nasa-panel nasa-content-description active\">\n<div class=\"row\">\n<div class=\"large-12 columns nasa-content-panel\">\n<p>Otro nombre :<\/p>\n<p>Sitawar Jad Safed<\/p>\n<p>La ra\u00edz de Shatavari blanca, venerada en Ayurveda como la reina de las hierbas, ocupa un lugar destacado debido a sus profundos beneficios medicinales. Reconocida desde hace siglos, la Shatavari es famosa por su apoyo hol\u00edstico a la salud en general.<\/p>\n<p>Beneficios para la salud:<\/p>\n<ul>\n<li>T\u00f3nico rejuvenecedor: la ra\u00edz de shatavari blanca act\u00faa como un t\u00f3nico rejuvenecedor, apoyando la vitalidad y el bienestar general.<\/li>\n<li>Salud reproductiva femenina: se sabe que equilibra las hormonas femeninas, ayudando a la salud menstrual y la fertilidad.<\/li>\n<li>Apoyo digestivo: ayuda a calmar el sistema digestivo, aliviar la acidez y promover la absorci\u00f3n de nutrientes.<\/li>\n<li>Refuerzo Inmunol\u00f3gico: Fortalece el sistema inmunol\u00f3gico, mejorando la resistencia frente a las enfermedades.<\/li>\n<\/ul>\n<p>Propiedades clave:<\/p>\n<ul>\n<li>Rasa (Sabor): Dulce, amargo<\/li>\n<li>Guna (Calidad): Pesado, untuoso<\/li>\n<li>Virya (Potencia): Enfriamiento<\/li>\n<li>Vipaka (sabor post-digestivo): dulce<\/li>\n<\/ul>\n<p>Usos comunes:<\/p>\n<ul>\n<li>Salud de la mujer: Se utiliza para irregularidades menstruales, s\u00edntomas de la menopausia y para promover la lactancia.<\/li>\n<li>Apoyo adaptog\u00e9nico: ayuda al cuerpo a afrontar el estr\u00e9s, promoviendo una sensaci\u00f3n de calma.<\/li>\n<li>Ayuda digestiva: alivia molestias digestivas como acidez, \u00falceras y ayuda a una mejor digesti\u00f3n.<\/li>\n<li>Antiinflamatorio: exhibe propiedades antiinflamatorias, beneficiosas para diversas afecciones inflamatorias.<\/li>\n<li>Embarazo: Las mujeres embarazadas deben consultar a un profesional de la salud antes de usar<\/li>\n<\/ul>\n<p>Precauciones:<\/p>\n<p>Alergias: Las personas con alergias a las plantas de la familia de los esp\u00e1rragos deben utilizar la ra\u00edz de shatavari blanca con precauci\u00f3n.<\/p>\n<p>Nota: Esta informaci\u00f3n tiene como objetivo aumentar la concienciaci\u00f3n y no sustituye el consejo m\u00e9dico profesional.<\/p>\n<\/div>\n<\/div>\n<\/div>\n<div id=\"nasa-tab-reviews\" class=\"nasa-panel nasa-content-reviews\">\n<div class=\"row\">\n<div class=\"large-12 columns nasa-content-panel\">\n<div id=\"reviews\" class=\"woocommerce-Reviews\">\n<div id=\"comments\">\n<div id=\"comment-58769\" class=\"comment_container\"><\/div>\n<\/div>\n<\/div>\n<\/div>\n<\/div>\n<\/div>\n<\/div>\n<\/div>\n<\/div>\n","protected":false},"excerpt":{"rendered":"<p>En Neel Ayurvedics, presentamos nuestro polvo Shatavari, un suplemento herbal arraigado en la tradici\u00f3n ayurv\u00e9dica, celebrado por su apoyo a la salud femenina.<\/p>\n","protected":false},"featured_media":17249,"comment_status":"open","ping_status":"closed","template":"","meta":[],"product_brand":[],"product_cat":[200,252,249,195],"product_tag":[],"class_list":{"0":"post-7900","1":"product","2":"type-product","3":"status-publish","4":"has-post-thumbnail","6":"product_cat-marca","7":"product_cat-neel-ayurvedics","8":"product_cat-neel-ayurvedics-polvos-herbales","9":"product_cat-productos-ayurvedicos","11":"first","12":"instock","13":"shipping-taxable","14":"purchasable","15":"product-type-variable"},"_links":{"self":[{"href":"https:\/\/neelayurvedics.es\/index.php?rest_route=\/wp\/v2\/product\/7900","targetHints":{"allow":["GET"]}}],"collection":[{"href":"https:\/\/neelayurvedics.es\/index.php?rest_route=\/wp\/v2\/product"}],"about":[{"href":"https:\/\/neelayurvedics.es\/index.php?rest_route=\/wp\/v2\/types\/product"}],"replies":[{"embeddable":true,"href":"https:\/\/neelayurvedics.es\/index.php?rest_route=%2Fwp%2Fv2%2Fcomments&post=7900"}],"wp:featuredmedia":[{"embeddable":true,"href":"https:\/\/neelayurvedics.es\/index.php?rest_route=\/wp\/v2\/media\/17249"}],"wp:attachment":[{"href":"https:\/\/neelayurvedics.es\/index.php?rest_route=%2Fwp%2Fv2%2Fmedia&parent=7900"}],"wp:term":[{"taxonomy":"product_brand","embeddable":true,"href":"https:\/\/neelayurvedics.es\/index.php?rest_route=%2Fwp%2Fv2%2Fproduct_brand&post=7900"},{"taxonomy":"product_cat","embeddable":true,"href":"https:\/\/neelayurvedics.es\/index.php?rest_route=%2Fwp%2Fv2%2Fproduct_cat&post=7900"},{"taxonomy":"product_tag","embeddable":true,"href":"https:\/\/neelayurvedics.es\/index.php?rest_route=%2Fwp%2Fv2%2Fproduct_tag&post=7900"}],"curies":[{"name":"wp","href":"https:\/\/api.w.org\/{rel}","templated":true}]}}