{"id":7963,"date":"2025-01-22T08:35:55","date_gmt":"2025-01-22T08:35:55","guid":{"rendered":"https:\/\/neelayurvedics.es\/?post_type=product&#038;p=7963"},"modified":"2025-12-08T08:49:19","modified_gmt":"2025-12-08T08:49:19","slug":"neel-ayurvedics-sol-polvo-de-zingiber-officinale","status":"publish","type":"product","link":"https:\/\/neelayurvedics.es\/?product=neel-ayurvedics-sol-polvo-de-zingiber-officinale","title":{"rendered":"Neel Ayurvedics Sol | Polvo de Zingiber officinale: lo mejor para la digesti\u00f3n"},"content":{"rendered":"<p>Otro nombre :<\/p>\n<p>Jengibre seco, Sonth, Sunthi, Sonth, Dry Adrak,\u0ab8\u0ac2\u0a82\u0aa0 \u0aaa\u0abe\u0ab5\u0aa1\u0ab0<\/p>\n<p>El polvo de Sunth, com\u00fanmente conocido como jengibre, ocupa un lugar importante en la medicina tradicional debido a sus multifac\u00e9ticas cualidades medicinales.<\/p>\n<p>Propiedades clave:<\/p>\n<ul>\n<li>Ayuda digestiva: Sunth Powder ayuda a la digesti\u00f3n, alivia las n\u00e1useas y ayuda en diversos problemas digestivos.<\/li>\n<li>Rasa (Sabor): Picante<\/li>\n<li>Antiinflamatorio: conocido por sus propiedades antiinflamatorias, reduciendo la inflamaci\u00f3n en el cuerpo.<\/li>\n<li>Guna (Calidad): Ligero, seco<\/li>\n<li>Refuerzo inmunol\u00f3gico: refuerza el sistema inmunol\u00f3gico, protegiendo al cuerpo de las infecciones.<\/li>\n<li>Virya (Potencia): Calentamiento<\/li>\n<li>Salud respiratoria: Alivia los problemas respiratorios y proporciona alivio contra la tos y el resfriado.<\/li>\n<li>Vipaka (sabor postdigestivo): picante<\/li>\n<\/ul>\n<p>Usos comunes:<\/p>\n<ul>\n<li>Salud digestiva: eficaz en el tratamiento de la indigesti\u00f3n, la hinchaz\u00f3n y las n\u00e1useas.<\/li>\n<li>Resfriado y gripe: ayuda a aliviar los s\u00edntomas del resfriado, la gripe y el dolor de garganta.<\/li>\n<li>Alivio de las n\u00e1useas: a menudo se utiliza para aliviar las n\u00e1useas, especialmente en caso de mareos por movimiento o n\u00e1useas relacionadas con el embarazo.<\/li>\n<li>Alivio del dolor: Proporciona alivio del dolor y el malestar muscular.<\/li>\n<li>Trastornos hemorr\u00e1gicos: Las personas con trastornos hemorr\u00e1gicos deben moderar<\/li>\n<li>Precauciones: ingesta de jengibre.<\/li>\n<\/ul>\n<p>Ingesta excesiva: El consumo excesivo puede provocar acidez de est\u00f3mago o malestar digestivo.<\/p>\n<p>Nota: Esta informaci\u00f3n tiene como objetivo aumentar la concienciaci\u00f3n y no sustituye el consejo m\u00e9dico profesional.<\/p>\n","protected":false},"excerpt":{"rendered":"<p>Otro nombre : Jengibre seco, Sonth, Sunthi, Sonth, Dry Adrak,\u0ab8\u0ac2\u0a82\u0aa0 \u0aaa\u0abe\u0ab5\u0aa1\u0ab0 El polvo de Sunth, com\u00fanmente conocido como jengibre, ocupa un lugar importante en la medicina tradicional debido a sus multifac\u00e9ticas cualidades medicinales. Propiedades clave: Ayuda digestiva: Sunth Powder ayuda a la digesti\u00f3n, alivia las n\u00e1useas y ayuda en diversos problemas digestivos. Rasa (Sabor): Picante [&hellip;]<\/p>\n","protected":false},"featured_media":17528,"comment_status":"open","ping_status":"closed","template":"","meta":[],"product_brand":[],"product_cat":[200,252,249,195],"product_tag":[],"class_list":{"0":"post-7963","1":"product","2":"type-product","3":"status-publish","4":"has-post-thumbnail","6":"product_cat-marca","7":"product_cat-neel-ayurvedics","8":"product_cat-neel-ayurvedics-polvos-herbales","9":"product_cat-productos-ayurvedicos","11":"first","12":"instock","13":"shipping-taxable","14":"purchasable","15":"product-type-variable"},"_links":{"self":[{"href":"https:\/\/neelayurvedics.es\/index.php?rest_route=\/wp\/v2\/product\/7963","targetHints":{"allow":["GET"]}}],"collection":[{"href":"https:\/\/neelayurvedics.es\/index.php?rest_route=\/wp\/v2\/product"}],"about":[{"href":"https:\/\/neelayurvedics.es\/index.php?rest_route=\/wp\/v2\/types\/product"}],"replies":[{"embeddable":true,"href":"https:\/\/neelayurvedics.es\/index.php?rest_route=%2Fwp%2Fv2%2Fcomments&post=7963"}],"wp:featuredmedia":[{"embeddable":true,"href":"https:\/\/neelayurvedics.es\/index.php?rest_route=\/wp\/v2\/media\/17528"}],"wp:attachment":[{"href":"https:\/\/neelayurvedics.es\/index.php?rest_route=%2Fwp%2Fv2%2Fmedia&parent=7963"}],"wp:term":[{"taxonomy":"product_brand","embeddable":true,"href":"https:\/\/neelayurvedics.es\/index.php?rest_route=%2Fwp%2Fv2%2Fproduct_brand&post=7963"},{"taxonomy":"product_cat","embeddable":true,"href":"https:\/\/neelayurvedics.es\/index.php?rest_route=%2Fwp%2Fv2%2Fproduct_cat&post=7963"},{"taxonomy":"product_tag","embeddable":true,"href":"https:\/\/neelayurvedics.es\/index.php?rest_route=%2Fwp%2Fv2%2Fproduct_tag&post=7963"}],"curies":[{"name":"wp","href":"https:\/\/api.w.org\/{rel}","templated":true}]}}