{"id":7982,"date":"2025-01-22T10:25:14","date_gmt":"2025-01-22T10:25:14","guid":{"rendered":"https:\/\/neelayurvedics.es\/?post_type=product&#038;p=7982"},"modified":"2026-04-14T13:43:15","modified_gmt":"2026-04-14T13:43:15","slug":"neel-ayurvedics-taj","status":"publish","type":"product","link":"https:\/\/neelayurvedics.es\/?product=neel-ayurvedics-taj","title":{"rendered":"Neel Ayurvedics Taj | Canela en polvo | lo mejor para regular el az\u00facar en sangre"},"content":{"rendered":"<h3><strong>Otro nombre :-<\/strong><\/h3>\n<p>Taj, Dalchini, Canela, Daalcheeni, Canela en rama, Cinnamomum verum<\/p>\n<h3>Beneficios para la salud :-<\/h3>\n<ol>\n<li>Potente antioxidante: Taj Powder es rico en antioxidantes que combaten el estr\u00e9s oxidativo y favorecen el bienestar general.<\/li>\n<li>Antiinflamatorio: Posee propiedades antiinflamatorias, ayudando a reducir la inflamaci\u00f3n en el cuerpo.<\/li>\n<li>Regulaci\u00f3n del az\u00facar en sangre: se sabe que ayuda a regular los niveles de az\u00facar en sangre y a mejorar la sensibilidad a la insulina.<\/li>\n<li>Acci\u00f3n antimicrobiana: exhibe propiedades antimicrobianas que pueden ayudar a combatir infecciones y favorecer la salud bucal.<\/li>\n<\/ol>\n<h3>Propiedades clave :-<\/h3>\n<ul>\n<li>Rasa (Sabor): Dulce, picante.<\/li>\n<li>Guna (Calidad): Ligero, seco<\/li>\n<li>Virya (Potencia): Calentamiento<\/li>\n<li>Vipaka (sabor post-digestivo): Dulce<\/li>\n<\/ul>\n<h3>Usos comunes :-<\/h3>\n<p>Especia culinaria: ampliamente utilizada como saborizante.<\/p>\n<p>Realzador de sabores en diversas cocinas, a\u00f1adiendo profundidad y calidez a los platos.<\/p>\n<p>T\u00e9 de hierbas: preparado en forma de t\u00e9, polvo Taj<\/p>\n<p>ofrece una bebida reconfortante y arom\u00e1tica con potenciales beneficios para la salud.<\/p>\n<p>Ayuda digestiva: favorece la digesti\u00f3n y alivia las molestias digestivas cuando se consume con moderaci\u00f3n.<\/p>\n<p>Aplicaciones t\u00f3picas: A veces se utiliza t\u00f3picamente en forma de aceite o polvo por sus propiedades de calentamiento.<\/p>\n<p>Contenido de cumarina: La canela Cassia contiene niveles m\u00e1s altos de cumarina, que en<\/p>\n<h3>Precauciones :-<\/h3>\n<p>Grandes cantidades pueden ser perjudiciales.<\/p>\n<p>Interacciones con medicamentos: consulte a un proveedor de atenci\u00f3n m\u00e9dica, especialmente si toma medicamentos que puedan interactuar con la canela.<\/p>\n","protected":false},"excerpt":{"rendered":"<p>Otro nombre :- Taj, Dalchini, Canela, Daalcheeni, Canela en rama, Cinnamomum verum Beneficios para la salud :- Potente antioxidante: Taj Powder es rico en antioxidantes que combaten el estr\u00e9s oxidativo y favorecen el bienestar general. Antiinflamatorio: Posee propiedades antiinflamatorias, ayudando a reducir la inflamaci\u00f3n en el cuerpo. Regulaci\u00f3n del az\u00facar en sangre: se sabe que [&hellip;]<\/p>\n","protected":false},"featured_media":19406,"comment_status":"open","ping_status":"closed","template":"","meta":[],"product_brand":[285],"product_cat":[200,420,252,249,195],"product_tag":[],"class_list":{"0":"post-7982","1":"product","2":"type-product","3":"status-publish","4":"has-post-thumbnail","6":"product_brand-neel-ayurvedics","7":"product_cat-marca","8":"product_cat-company-wise","9":"product_cat-neel-ayurvedics","10":"product_cat-neel-ayurvedics-polvos-herbales","11":"product_cat-productos-ayurvedicos","13":"first","14":"instock","15":"shipping-taxable","16":"purchasable","17":"product-type-variable"},"_links":{"self":[{"href":"https:\/\/neelayurvedics.es\/index.php?rest_route=\/wp\/v2\/product\/7982","targetHints":{"allow":["GET"]}}],"collection":[{"href":"https:\/\/neelayurvedics.es\/index.php?rest_route=\/wp\/v2\/product"}],"about":[{"href":"https:\/\/neelayurvedics.es\/index.php?rest_route=\/wp\/v2\/types\/product"}],"replies":[{"embeddable":true,"href":"https:\/\/neelayurvedics.es\/index.php?rest_route=%2Fwp%2Fv2%2Fcomments&post=7982"}],"wp:featuredmedia":[{"embeddable":true,"href":"https:\/\/neelayurvedics.es\/index.php?rest_route=\/wp\/v2\/media\/19406"}],"wp:attachment":[{"href":"https:\/\/neelayurvedics.es\/index.php?rest_route=%2Fwp%2Fv2%2Fmedia&parent=7982"}],"wp:term":[{"taxonomy":"product_brand","embeddable":true,"href":"https:\/\/neelayurvedics.es\/index.php?rest_route=%2Fwp%2Fv2%2Fproduct_brand&post=7982"},{"taxonomy":"product_cat","embeddable":true,"href":"https:\/\/neelayurvedics.es\/index.php?rest_route=%2Fwp%2Fv2%2Fproduct_cat&post=7982"},{"taxonomy":"product_tag","embeddable":true,"href":"https:\/\/neelayurvedics.es\/index.php?rest_route=%2Fwp%2Fv2%2Fproduct_tag&post=7982"}],"curies":[{"name":"wp","href":"https:\/\/api.w.org\/{rel}","templated":true}]}}