{"id":8081,"date":"2025-01-23T06:06:08","date_gmt":"2025-01-23T06:06:08","guid":{"rendered":"https:\/\/neelayurvedics.es\/?post_type=product&#038;p=8081"},"modified":"2026-04-13T14:57:08","modified_gmt":"2026-04-13T14:57:08","slug":"neel-ayurvedics-polvo-de-yashtimadhu","status":"publish","type":"product","link":"https:\/\/neelayurvedics.es\/?product=neel-ayurvedics-polvo-de-yashtimadhu","title":{"rendered":"Neel Ayurvedics Polvo de Yashtimadhu (Glycyrrhiza glabra) | Polvo de mulethi | Polvo de Jetimadh |Infecci\u00f3n de garganta | Acidez"},"content":{"rendered":"<div id=\"nasa-single-product-tabs\" class=\"product-details\">\n<div class=\"nasa-tabs-content woocommerce-tabs\">\n<div class=\"nasa-panels nasa-desc-wrap\">\n<div id=\"nasa-tab-description\" class=\"nasa-panel nasa-content-description active\">\n<div class=\"row\">\n<div class=\"large-12 columns nasa-content-panel\">\n<p>\u00bfEst\u00e1 buscando un remedio natural y eficaz para m\u00faltiples problemas de salud? No busque m\u00e1s que el polvo de mulethi de Neel Ayurvedics. Este vers\u00e1til remedio ayurv\u00e9dico puede brindar alivio para la acidez, la infecci\u00f3n de garganta, el resfriado y la tos.<\/p>\n<p>La acidez y el ardor de est\u00f3mago pueden ser inc\u00f3modos y frustrantes de tratar. El polvo de mulethi de Neel Ayurvedics puede ayudar a reducir la inflamaci\u00f3n en el revestimiento del est\u00f3mago y aumentar la producci\u00f3n de moco para proteger el est\u00f3mago del da\u00f1o \u00e1cido. Tambi\u00e9n tiene un efecto calmante en el sistema digestivo.<\/p>\n<p>El resfriado y la tos pueden ser molestos y perturbadores para la vida diaria. El polvo de Yashtimadhu tiene propiedades antivirales y antimicrobianas que pueden ayudar a combatir el virus que causa el resfriado o la tos. Tambi\u00e9n ayuda a aliviar la garganta y reducir la inflamaci\u00f3n del sistema respiratorio.<\/p>\n<p>En Neel Ayurvedics, ofrecemos polvo de Yashtimadhu de la mejor calidad, obtenido de ra\u00edces de regaliz de la mejor calidad y procesado bajo estrictas medidas de control de calidad para garantizar la pureza y la eficacia. Nuestro polvo de Yashtimadhu es 100 % natural y no contiene aditivos ni conservantes.<\/p>\n<p>Para utilizarlo, simplemente mezcle una cucharadita de polvo de Yashtimadhu de Neel Ayurvedics en un vaso de agua tibia y b\u00e9balo dos veces al d\u00eda despu\u00e9s de las comidas. Tambi\u00e9n puede agregar miel o jugo de lim\u00f3n para realzar su sabor.<\/p>\n<p>No dejes que la acidez, el resfriado o la tos alteren tu vida. Prueba hoy mismo el polvo Yashtimadhu de Neel Ayurvedics y experimenta los beneficios del Ayurveda. Haz tu pedido ahora en nuestra tienda online y disfruta de un alivio natural sin efectos secundarios.<\/p>\n<\/div>\n<\/div>\n<\/div>\n<\/div>\n<\/div>\n<\/div>\n","protected":false},"excerpt":{"rendered":"<p>\u00bfEst\u00e1 buscando un remedio natural y eficaz para m\u00faltiples problemas de salud? No busque m\u00e1s que el polvo de mulethi de Neel Ayurvedics. Este vers\u00e1til remedio ayurv\u00e9dico puede brindar alivio para la acidez, la infecci\u00f3n de garganta, el resfriado y la tos. La acidez y el ardor de est\u00f3mago pueden ser inc\u00f3modos y frustrantes de [&hellip;]<\/p>\n","protected":false},"featured_media":18359,"comment_status":"open","ping_status":"closed","template":"","meta":[],"product_brand":[285],"product_cat":[200,420,252,249,195],"product_tag":[],"class_list":{"0":"post-8081","1":"product","2":"type-product","3":"status-publish","4":"has-post-thumbnail","6":"product_brand-neel-ayurvedics","7":"product_cat-marca","8":"product_cat-company-wise","9":"product_cat-neel-ayurvedics","10":"product_cat-neel-ayurvedics-polvos-herbales","11":"product_cat-productos-ayurvedicos","13":"first","14":"instock","15":"shipping-taxable","16":"purchasable","17":"product-type-variable"},"_links":{"self":[{"href":"https:\/\/neelayurvedics.es\/index.php?rest_route=\/wp\/v2\/product\/8081","targetHints":{"allow":["GET"]}}],"collection":[{"href":"https:\/\/neelayurvedics.es\/index.php?rest_route=\/wp\/v2\/product"}],"about":[{"href":"https:\/\/neelayurvedics.es\/index.php?rest_route=\/wp\/v2\/types\/product"}],"replies":[{"embeddable":true,"href":"https:\/\/neelayurvedics.es\/index.php?rest_route=%2Fwp%2Fv2%2Fcomments&post=8081"}],"wp:featuredmedia":[{"embeddable":true,"href":"https:\/\/neelayurvedics.es\/index.php?rest_route=\/wp\/v2\/media\/18359"}],"wp:attachment":[{"href":"https:\/\/neelayurvedics.es\/index.php?rest_route=%2Fwp%2Fv2%2Fmedia&parent=8081"}],"wp:term":[{"taxonomy":"product_brand","embeddable":true,"href":"https:\/\/neelayurvedics.es\/index.php?rest_route=%2Fwp%2Fv2%2Fproduct_brand&post=8081"},{"taxonomy":"product_cat","embeddable":true,"href":"https:\/\/neelayurvedics.es\/index.php?rest_route=%2Fwp%2Fv2%2Fproduct_cat&post=8081"},{"taxonomy":"product_tag","embeddable":true,"href":"https:\/\/neelayurvedics.es\/index.php?rest_route=%2Fwp%2Fv2%2Fproduct_tag&post=8081"}],"curies":[{"name":"wp","href":"https:\/\/api.w.org\/{rel}","templated":true}]}}