{"id":8129,"date":"2025-01-24T05:05:52","date_gmt":"2025-01-24T05:05:52","guid":{"rendered":"https:\/\/neelayurvedics.es\/?post_type=product&#038;p=8129"},"modified":"2026-04-10T12:13:47","modified_gmt":"2026-04-10T12:13:47","slug":"neel-ayurvedics-ajmo","status":"publish","type":"product","link":"https:\/\/neelayurvedics.es\/?product=neel-ayurvedics-ajmo","title":{"rendered":"Neel Ayurvedics Ajmo | Ajwain | Semillas De Carambola | Trachyspermum Ammi"},"content":{"rendered":"<div class=\"flex flex-col items-center text-sm h-full dark:bg-gray-800\">\n<div class=\"w-full border-b border-black\/10 dark:border-gray-900\/50 text-gray-800 dark:text-gray-100 group bg-gray-50 dark:bg-[#444654]\">\n<div class=\"text-base gap-4 md:gap-6 m-auto md:max-w-2xl lg:max-w-2xl xl:max-w-3xl p-4 md:py-6 flex lg:px-0\">\n<div class=\"relative flex w-[calc(100%-50px)] md:flex-col lg:w-[calc(100%-115px)]\">\n<div class=\"flex flex-grow flex-col gap-3\">\n<div class=\"min-h-[20px] flex flex-col items-start gap-4 whitespace-pre-wrap\">\n<div class=\"markdown prose w-full break-words dark:prose-invert light\">\n<p>Las semillas de alcaravea, tambi\u00e9n conocidas como ajwain o ajowan, son semillas peque\u00f1as, de color marr\u00f3n gris\u00e1ceo y con forma de medialuna que provienen de una planta originaria de la regi\u00f3n mediterr\u00e1nea y Asia central. La planta se conoce cient\u00edficamente como Trachyspermum ammi y es miembro de la familia Apiaceae, que incluye otras plantas como el eneldo, el hinojo y la alcaravea.<\/p>\n<p>Las semillas de alcaravea tienen un sabor fuerte, picante y ligeramente amargo, y suelen usarse como especia en la cocina india, de Oriente Medio y mediterr\u00e1nea. Son especialmente populares en platos y panes vegetarianos, y suelen usarse para dar sabor a lentejas, frijoles y verduras.<\/p>\n<p>Las semillas de alcaravea se han utilizado durante mucho tiempo en la medicina tradicional. Se cree que tienen propiedades antimicrobianas, antiespasm\u00f3dicas y carminativas, lo que las convierte en un remedio natural popular para una variedad de dolencias, incluidos problemas digestivos como gases, hinchaz\u00f3n e indigesti\u00f3n. Tambi\u00e9n se utilizan como remedio natural para problemas respiratorios, como asma y bronquitis, y se cree que ayudan a aliviar los s\u00edntomas de los resfriados y la gripe.<\/p>\n<p>Las semillas de alcaravea tambi\u00e9n se utilizan como remedio natural para afecciones de la piel como el eczema y la psoriasis, y se cree que ayudan a reducir la inflamaci\u00f3n y a calmar la piel irritada. Tambi\u00e9n se utilizan como remedio natural para los dolores de cabeza y de muelas, y se cree que ayudan a aliviar el dolor y la inflamaci\u00f3n.<\/p>\n<p>Adem\u00e1s de sus usos medicinales, las semillas de carambola tambi\u00e9n se utilizan como remedio natural para el cuidado bucal, se cree que tienen propiedades antimicrobianas que ayudan a combatir los pat\u00f3genos bucales.<\/p>\n<p>Es importante tener en cuenta que, si bien las semillas de alcaravea se han utilizado tradicionalmente y tienen posibles beneficios medicinales, es importante consultar con un profesional de la salud antes de utilizarlas como tratamiento para cualquier afecci\u00f3n. Adem\u00e1s, es importante obtener las semillas de una fuente confiable para garantizar su pureza y seguridad.<\/p>\n<p>En conclusi\u00f3n, las semillas de alcaravea son una especia vers\u00e1til y valiosa con una amplia gama de usos en la medicina tradicional, la cocina y el cuidado bucal. Sus propiedades antimicrobianas, antiespasm\u00f3dicas y carminativas la convierten en un remedio natural popular para una variedad de dolencias. Es un cultivo valioso para los agricultores y tiene muchos beneficios para el medio ambiente.<\/p>\n<\/div>\n<\/div>\n<\/div>\n<\/div>\n<\/div>\n<\/div>\n<\/div>\n","protected":false},"excerpt":{"rendered":"<p>El ajwain se considera com\u00fan en la comida india. Las semillas de carambola tienen un sabor fuerte y amargo con un aroma similar al del tomillo. Las semillas de carambola suelen tostarse en seco o molerse y usarse en mezclas de especias.<\/p>\n","protected":false},"featured_media":17805,"comment_status":"open","ping_status":"closed","template":"","meta":[],"product_brand":[285],"product_cat":[200,252,250,195],"product_tag":[],"class_list":{"0":"post-8129","1":"product","2":"type-product","3":"status-publish","4":"has-post-thumbnail","6":"product_brand-neel-ayurvedics","7":"product_cat-marca","8":"product_cat-neel-ayurvedics","9":"product_cat-neel-ayurvedics-hierbas-enteras","10":"product_cat-productos-ayurvedicos","12":"first","13":"instock","14":"shipping-taxable","15":"purchasable","16":"product-type-variable"},"_links":{"self":[{"href":"https:\/\/neelayurvedics.es\/index.php?rest_route=\/wp\/v2\/product\/8129","targetHints":{"allow":["GET"]}}],"collection":[{"href":"https:\/\/neelayurvedics.es\/index.php?rest_route=\/wp\/v2\/product"}],"about":[{"href":"https:\/\/neelayurvedics.es\/index.php?rest_route=\/wp\/v2\/types\/product"}],"replies":[{"embeddable":true,"href":"https:\/\/neelayurvedics.es\/index.php?rest_route=%2Fwp%2Fv2%2Fcomments&post=8129"}],"wp:featuredmedia":[{"embeddable":true,"href":"https:\/\/neelayurvedics.es\/index.php?rest_route=\/wp\/v2\/media\/17805"}],"wp:attachment":[{"href":"https:\/\/neelayurvedics.es\/index.php?rest_route=%2Fwp%2Fv2%2Fmedia&parent=8129"}],"wp:term":[{"taxonomy":"product_brand","embeddable":true,"href":"https:\/\/neelayurvedics.es\/index.php?rest_route=%2Fwp%2Fv2%2Fproduct_brand&post=8129"},{"taxonomy":"product_cat","embeddable":true,"href":"https:\/\/neelayurvedics.es\/index.php?rest_route=%2Fwp%2Fv2%2Fproduct_cat&post=8129"},{"taxonomy":"product_tag","embeddable":true,"href":"https:\/\/neelayurvedics.es\/index.php?rest_route=%2Fwp%2Fv2%2Fproduct_tag&post=8129"}],"curies":[{"name":"wp","href":"https:\/\/api.w.org\/{rel}","templated":true}]}}