{"id":8134,"date":"2025-01-24T05:21:19","date_gmt":"2025-01-24T05:21:19","guid":{"rendered":"https:\/\/neelayurvedics.es\/?post_type=product&#038;p=8134"},"modified":"2026-04-10T12:18:14","modified_gmt":"2026-04-10T12:18:14","slug":"neel-ayurvedics-ajmod","status":"publish","type":"product","link":"https:\/\/neelayurvedics.es\/?product=neel-ayurvedics-ajmod","title":{"rendered":"Neel Ayurvedics Ajmod | Apio | Cuerpo Ajmo"},"content":{"rendered":"<p>Algunas de las propiedades curativas del ajmod se utilizan ampliamente en el tratamiento de la tos. El ajmod es muy beneficioso para controlar el peso. El ajmod se puede utilizar para tratar la artritis al reducir el dolor y la inflamaci\u00f3n debido a sus propiedades antiinflamatorias. Tambi\u00e9n se sabe que el ajmod controla los niveles de colesterol y presi\u00f3n arterial.<\/p>\n<p>&nbsp;<\/p>\n","protected":false},"excerpt":{"rendered":"<p>Ajmod es una hierba digestiva maravillosa. Ajmod funciona incre\u00edblemente bien en el tratamiento de problemas gastrointestinales como indigesti\u00f3n, flatulencia, calambres abdominales y regularizando las funciones intestinales.<\/p>\n","protected":false},"featured_media":17806,"comment_status":"open","ping_status":"closed","template":"","meta":[],"product_brand":[285],"product_cat":[200,252,250,195],"product_tag":[],"class_list":{"0":"post-8134","1":"product","2":"type-product","3":"status-publish","4":"has-post-thumbnail","6":"product_brand-neel-ayurvedics","7":"product_cat-marca","8":"product_cat-neel-ayurvedics","9":"product_cat-neel-ayurvedics-hierbas-enteras","10":"product_cat-productos-ayurvedicos","12":"first","13":"instock","14":"shipping-taxable","15":"purchasable","16":"product-type-variable"},"_links":{"self":[{"href":"https:\/\/neelayurvedics.es\/index.php?rest_route=\/wp\/v2\/product\/8134","targetHints":{"allow":["GET"]}}],"collection":[{"href":"https:\/\/neelayurvedics.es\/index.php?rest_route=\/wp\/v2\/product"}],"about":[{"href":"https:\/\/neelayurvedics.es\/index.php?rest_route=\/wp\/v2\/types\/product"}],"replies":[{"embeddable":true,"href":"https:\/\/neelayurvedics.es\/index.php?rest_route=%2Fwp%2Fv2%2Fcomments&post=8134"}],"wp:featuredmedia":[{"embeddable":true,"href":"https:\/\/neelayurvedics.es\/index.php?rest_route=\/wp\/v2\/media\/17806"}],"wp:attachment":[{"href":"https:\/\/neelayurvedics.es\/index.php?rest_route=%2Fwp%2Fv2%2Fmedia&parent=8134"}],"wp:term":[{"taxonomy":"product_brand","embeddable":true,"href":"https:\/\/neelayurvedics.es\/index.php?rest_route=%2Fwp%2Fv2%2Fproduct_brand&post=8134"},{"taxonomy":"product_cat","embeddable":true,"href":"https:\/\/neelayurvedics.es\/index.php?rest_route=%2Fwp%2Fv2%2Fproduct_cat&post=8134"},{"taxonomy":"product_tag","embeddable":true,"href":"https:\/\/neelayurvedics.es\/index.php?rest_route=%2Fwp%2Fv2%2Fproduct_tag&post=8134"}],"curies":[{"name":"wp","href":"https:\/\/api.w.org\/{rel}","templated":true}]}}