{"id":8146,"date":"2025-01-24T05:48:22","date_gmt":"2025-01-24T05:48:22","guid":{"rendered":"https:\/\/neelayurvedics.es\/?post_type=product&#038;p=8146"},"modified":"2025-01-24T08:30:03","modified_gmt":"2025-01-24T08:30:03","slug":"neel-ayurvedics-alsi","status":"publish","type":"product","link":"https:\/\/neelayurvedics.es\/?product=neel-ayurvedics-alsi","title":{"rendered":"Neel Ayurvedics Alsi | Semillas De lino | Teesi | Linum Usitatissimum"},"content":{"rendered":"<p>El alsi tambi\u00e9n puede ayudar significativamente a reducir el colesterol total y los niveles de prote\u00ednas de baja densidad en la sangre. El alsi reduce la acumulaci\u00f3n de placa y los latidos card\u00edacos irregulares en las arterias, por lo que puede prevenir los ataques card\u00edacos. Adem\u00e1s de esto, las semillas de lino tambi\u00e9n ayudan a mejorar el sistema digestivo y el apetito. Las semillas de alsi pueden reducir el riesgo de c\u00e1ncer.<\/p>\n","protected":false},"excerpt":{"rendered":"<p>El alsi se considera una hierba anual. Las semillas de alsi miden unos seis mm de largo y tienen forma ovalada, son lisas, brillantes y de color marr\u00f3n dorado lenticular. Las semillas de lino contienen sustancias como \u00e1cidos grasos omega 3, fibra y lignanos, por lo que pueden ser muy \u00fatiles para controlar las enfermedades card\u00edacas.<\/p>\n","protected":false},"featured_media":8151,"comment_status":"open","ping_status":"closed","template":"","meta":[],"product_brand":[],"product_cat":[200,252,250,195],"product_tag":[],"class_list":{"0":"post-8146","1":"product","2":"type-product","3":"status-publish","4":"has-post-thumbnail","6":"product_cat-marca","7":"product_cat-neel-ayurvedics","8":"product_cat-neel-ayurvedics-hierbas-enteras","9":"product_cat-productos-ayurvedicos","11":"first","12":"instock","13":"shipping-taxable","14":"purchasable","15":"product-type-variable"},"_links":{"self":[{"href":"https:\/\/neelayurvedics.es\/index.php?rest_route=\/wp\/v2\/product\/8146","targetHints":{"allow":["GET"]}}],"collection":[{"href":"https:\/\/neelayurvedics.es\/index.php?rest_route=\/wp\/v2\/product"}],"about":[{"href":"https:\/\/neelayurvedics.es\/index.php?rest_route=\/wp\/v2\/types\/product"}],"replies":[{"embeddable":true,"href":"https:\/\/neelayurvedics.es\/index.php?rest_route=%2Fwp%2Fv2%2Fcomments&post=8146"}],"wp:featuredmedia":[{"embeddable":true,"href":"https:\/\/neelayurvedics.es\/index.php?rest_route=\/wp\/v2\/media\/8151"}],"wp:attachment":[{"href":"https:\/\/neelayurvedics.es\/index.php?rest_route=%2Fwp%2Fv2%2Fmedia&parent=8146"}],"wp:term":[{"taxonomy":"product_brand","embeddable":true,"href":"https:\/\/neelayurvedics.es\/index.php?rest_route=%2Fwp%2Fv2%2Fproduct_brand&post=8146"},{"taxonomy":"product_cat","embeddable":true,"href":"https:\/\/neelayurvedics.es\/index.php?rest_route=%2Fwp%2Fv2%2Fproduct_cat&post=8146"},{"taxonomy":"product_tag","embeddable":true,"href":"https:\/\/neelayurvedics.es\/index.php?rest_route=%2Fwp%2Fv2%2Fproduct_tag&post=8146"}],"curies":[{"name":"wp","href":"https:\/\/api.w.org\/{rel}","templated":true}]}}