{"id":8157,"date":"2025-01-24T06:12:57","date_gmt":"2025-01-24T06:12:57","guid":{"rendered":"https:\/\/neelayurvedics.es\/?post_type=product&#038;p=8157"},"modified":"2025-01-24T08:32:31","modified_gmt":"2025-01-24T08:32:31","slug":"neel-ayurvedics-amaltas-phali","status":"publish","type":"product","link":"https:\/\/neelayurvedics.es\/?product=neel-ayurvedics-amaltas-phali","title":{"rendered":"Neel Ayurvedics Amaltas Phali | Palo Garmala Shing | Amaltaas Fali | Vainas De F\u00edstula De Casia"},"content":{"rendered":"<p style=\"font-weight: 400;\">La Amaltas Phali es muy \u00fatil para tratar las heces, la bilis, las enfermedades de la piel y la inflamaci\u00f3n de la garganta. Las semillas secas de Amaltas Phali producen una marcada actividad hipogluc\u00e9mica. La Amaltas Phali tambi\u00e9n se utiliza para tratar hemorragias, heridas, c\u00f3licos y trastornos urinarios. Se utiliza en la medicina herbal.<\/p>\n<p style=\"font-weight: 400;\"><strong style=\"font-weight: 600 !important;\">Otros nombres:<\/strong>\u00a0Kritamala, Vyadhighata, Shampaka, Shamyaka, Nrpadruma, Kritamalaka, Rajavriksha, Sondaalee, Sonaalu, Laburnum indio, F\u00edstula purgadora, \u00c1rbol de pipa de pud\u00edn, Garmaalo, Amaltaas, Girimaal Kannada: Kakke, Kakkemar, Konna, Baahvaa, Sunaari, Kaniyaar, Girdnalee, Konnai, Rela, Laburnum indio, F\u00edstula purgante, \u00c1rbol de pipa de pud\u00edn, Lluvia dorada, \u00c1rbol de pipa dorada, Amaltas Fali<\/p>\n<p style=\"font-weight: 400;\"><strong style=\"font-weight: 600 !important;\">Dosis:<\/strong>\u00a0\u00a0Tome una Amaltas Phali (un trozo de Cassia Fistula). Div\u00eddala en trozos peque\u00f1os (4 a 5). Sum\u00e9rjala en agua durante al menos 24 horas. Triture el lado blanco con una cuchara o un cuchillo. Tome semillas de hinojo y d\u00e9jelas en remojo durante la noche. Mezcle la mezcla de Amaltas con el agua de las semillas de hinojo. Cali\u00e9ntela un poco y disfrute de esta infusi\u00f3n de hierbas. Puede agregar miel a su gusto, si es necesario.<\/p>\n","protected":false},"excerpt":{"rendered":"<p>Amaltas Phali es un em\u00e9tico. Garmala Shing se utiliza para el estre\u00f1imiento. Adem\u00e1s, Garmala Shing tiene propiedades alveolares. Las semillas de Garmala Shing son ligeramente dulces. Amaltas Phali mejora la actividad laxante, carminativa, refrescante, del apetito y antipir\u00e9tica.<\/p>\n","protected":false},"featured_media":8161,"comment_status":"open","ping_status":"closed","template":"","meta":[],"product_brand":[],"product_cat":[200,252,250,195],"product_tag":[],"class_list":{"0":"post-8157","1":"product","2":"type-product","3":"status-publish","4":"has-post-thumbnail","6":"product_cat-marca","7":"product_cat-neel-ayurvedics","8":"product_cat-neel-ayurvedics-hierbas-enteras","9":"product_cat-productos-ayurvedicos","11":"first","12":"instock","13":"shipping-taxable","14":"purchasable","15":"product-type-variable"},"_links":{"self":[{"href":"https:\/\/neelayurvedics.es\/index.php?rest_route=\/wp\/v2\/product\/8157","targetHints":{"allow":["GET"]}}],"collection":[{"href":"https:\/\/neelayurvedics.es\/index.php?rest_route=\/wp\/v2\/product"}],"about":[{"href":"https:\/\/neelayurvedics.es\/index.php?rest_route=\/wp\/v2\/types\/product"}],"replies":[{"embeddable":true,"href":"https:\/\/neelayurvedics.es\/index.php?rest_route=%2Fwp%2Fv2%2Fcomments&post=8157"}],"wp:featuredmedia":[{"embeddable":true,"href":"https:\/\/neelayurvedics.es\/index.php?rest_route=\/wp\/v2\/media\/8161"}],"wp:attachment":[{"href":"https:\/\/neelayurvedics.es\/index.php?rest_route=%2Fwp%2Fv2%2Fmedia&parent=8157"}],"wp:term":[{"taxonomy":"product_brand","embeddable":true,"href":"https:\/\/neelayurvedics.es\/index.php?rest_route=%2Fwp%2Fv2%2Fproduct_brand&post=8157"},{"taxonomy":"product_cat","embeddable":true,"href":"https:\/\/neelayurvedics.es\/index.php?rest_route=%2Fwp%2Fv2%2Fproduct_cat&post=8157"},{"taxonomy":"product_tag","embeddable":true,"href":"https:\/\/neelayurvedics.es\/index.php?rest_route=%2Fwp%2Fv2%2Fproduct_tag&post=8157"}],"curies":[{"name":"wp","href":"https:\/\/api.w.org\/{rel}","templated":true}]}}