{"id":8167,"date":"2025-01-24T06:41:23","date_gmt":"2025-01-24T06:41:23","guid":{"rendered":"https:\/\/neelayurvedics.es\/?post_type=product&#038;p=8167"},"modified":"2026-04-10T12:32:17","modified_gmt":"2026-04-10T12:32:17","slug":"neel-ayurvedics-anantmool-2","status":"publish","type":"product","link":"https:\/\/neelayurvedics.es\/?product=neel-ayurvedics-anantmool-2","title":{"rendered":"Neel Ayurvedics Anantmool | Madrasi Anantmool | Zarzaparrilla | Nannari | Anant\u00e1mula | Tonto | Hemidesmo Indico"},"content":{"rendered":"<div id=\"nasa-single-product-tabs\" class=\"product-details\">\n<div class=\"nasa-tabs-content woocommerce-tabs\">\n<div class=\"nasa-panels nasa-desc-wrap\">\n<div id=\"nasa-tab-description\" class=\"nasa-panel nasa-content-description active\">\n<div class=\"row\">\n<div class=\"large-12 columns nasa-content-panel\">\n<p>Anantmool, Hemidesmus Indicus, Mirchimints Acorus calamus Paquete de 50g, 100g, 250g, 500g, 1kg.<\/p>\n<p><b>Otros nombres :-<\/b><\/p>\n<p>Zarzaparrilla india, Anantmool, Kapuri,\u00a0<span lang=\"SV\">\u00a0Sariva, Ananta, Asfota, Utpal Sariva, Shyama, Canadana, Gopi, Gopavalli,<\/span>\u00a0Upalsari, Uparsal, Kapuri, Upalasari, Nannari, Sogade beru, Anantamul, Kapuri, Zarzaparrilla india, Sungandhipala, Muttavapylagamu , Nannari, Upalsari, Uparsal, Kapuri, Madhuri, Upalasri, Nannari, Sogade Beru, Naruninti, Hemidesmus indicus, Periploca indica, Shveta Sarivaa, Anantmula, Gopi, Gopaa, Gopakanyaa, Gopavalli, Zarzaparrilla india, Sariva, Sugandhi-pala, Gopasutaa, Krishodari, Sphotaa, Utpalsaarivaa , kapuuri, Nannaari, Dugdhgarbhaa, Ushbaa hindi, suganthipala, nanaari, sugandi, ra\u00edces de sugandha.<\/p>\n<p><strong>Recetas :-<\/strong><\/p>\n<p>Una deliciosa receta de bebida s\u00faper refrescante<\/p>\n<ol>\n<li>Tome 1 litro de agua y mezcle aproximadamente 100 gramos de polvo de Anantmool (Sarasparilla). Mezcle bien y d\u00e9jelo reposar durante 2 a 3 horas.<\/li>\n<li>Ahora agregue 5 tazas de Jaggery (o al gusto) y lleve toda la mezcla a ebullici\u00f3n.<\/li>\n<li>D\u00e9jalo hervir durante media hora y remueve constantemente. Debe tener una consistencia de jarabe. Enfr\u00eda el jarabe y gu\u00e1rdalo en un recipiente. Puede usarse durante aproximadamente 1 semana.<\/li>\n<li>Tome 3 o 4 cucharadas de jarabe en un vaso. Agregue agua fr\u00eda, jugo de lim\u00f3n y algunos cubitos de hielo. Mezcle bien y disfrute de una bebida fresca y refrescante.<\/li>\n<\/ol>\n<\/div>\n<\/div>\n<\/div>\n<\/div>\n<\/div>\n<\/div>\n","protected":false},"excerpt":{"rendered":"<p>Anantmool, Hemidesmus Indicus, Mirchimints Acorus calamus Paquete de 50g, 100g, 250g, 500g, 1kg. Otros nombres :- Zarzaparrilla india, Anantmool, Kapuri,\u00a0\u00a0Sariva, Ananta, Asfota, Utpal Sariva, Shyama, Canadana, Gopi, Gopavalli,\u00a0Upalsari, Uparsal, Kapuri, Upalasari, Nannari, Sogade beru, Anantamul, Kapuri, Zarzaparrilla india, Sungandhipala, Muttavapylagamu , Nannari, Upalsari, Uparsal, Kapuri, Madhuri, Upalasri, Nannari, Sogade Beru, Naruninti, Hemidesmus indicus, Periploca indica, [&hellip;]<\/p>\n","protected":false},"featured_media":17808,"comment_status":"open","ping_status":"closed","template":"","meta":[],"product_brand":[],"product_cat":[200,420,252,250,195],"product_tag":[],"class_list":{"0":"post-8167","1":"product","2":"type-product","3":"status-publish","4":"has-post-thumbnail","6":"product_cat-marca","7":"product_cat-company-wise","8":"product_cat-neel-ayurvedics","9":"product_cat-neel-ayurvedics-hierbas-enteras","10":"product_cat-productos-ayurvedicos","12":"first","13":"instock","14":"shipping-taxable","15":"purchasable","16":"product-type-variable"},"_links":{"self":[{"href":"https:\/\/neelayurvedics.es\/index.php?rest_route=\/wp\/v2\/product\/8167","targetHints":{"allow":["GET"]}}],"collection":[{"href":"https:\/\/neelayurvedics.es\/index.php?rest_route=\/wp\/v2\/product"}],"about":[{"href":"https:\/\/neelayurvedics.es\/index.php?rest_route=\/wp\/v2\/types\/product"}],"replies":[{"embeddable":true,"href":"https:\/\/neelayurvedics.es\/index.php?rest_route=%2Fwp%2Fv2%2Fcomments&post=8167"}],"wp:featuredmedia":[{"embeddable":true,"href":"https:\/\/neelayurvedics.es\/index.php?rest_route=\/wp\/v2\/media\/17808"}],"wp:attachment":[{"href":"https:\/\/neelayurvedics.es\/index.php?rest_route=%2Fwp%2Fv2%2Fmedia&parent=8167"}],"wp:term":[{"taxonomy":"product_brand","embeddable":true,"href":"https:\/\/neelayurvedics.es\/index.php?rest_route=%2Fwp%2Fv2%2Fproduct_brand&post=8167"},{"taxonomy":"product_cat","embeddable":true,"href":"https:\/\/neelayurvedics.es\/index.php?rest_route=%2Fwp%2Fv2%2Fproduct_cat&post=8167"},{"taxonomy":"product_tag","embeddable":true,"href":"https:\/\/neelayurvedics.es\/index.php?rest_route=%2Fwp%2Fv2%2Fproduct_tag&post=8167"}],"curies":[{"name":"wp","href":"https:\/\/api.w.org\/{rel}","templated":true}]}}