{"id":8173,"date":"2025-01-24T08:09:00","date_gmt":"2025-01-24T08:09:00","guid":{"rendered":"https:\/\/neelayurvedics.es\/?post_type=product&#038;p=8173"},"modified":"2026-01-22T08:18:22","modified_gmt":"2026-01-22T08:18:22","slug":"neel-ayurvedics-anar-chilka","status":"publish","type":"product","link":"https:\/\/neelayurvedics.es\/?product=neel-ayurvedics-anar-chilka","title":{"rendered":"Neel Ayurvedics Anar Chilka"},"content":{"rendered":"<p>Compre Anar Chilka en paquetes de 50 g, 100 g, 250 g y 500 g.<\/p>\n<p>Anar Chilka es la piel exterior de la granada (anar). Anar chilka es bueno para el cabello y la piel, tiene propiedades curativas que ayudan a combatir el acn\u00e9, las erupciones y los granos.<\/p>\n<p>Es muy beneficioso y conocido por sus beneficios medicinales.<\/p>\n<p>El Anar Chilka se utiliza para la salud de la piel, problemas card\u00edacos y ca\u00edda del cabello.<\/p>\n<p>Mucha gente lo utiliza como remedio contra la ca\u00edda del cabello y tambi\u00e9n obtiene resultados positivos\u00a0.<\/p>\n<p><strong>Otros nombres:<\/strong><br \/>\nAnar Chilka, c\u00e1scara de granada<\/p>\n<p>Anar Chilka, Nashpal, c\u00e1scara de granada, Anar Chhilake, Anar Chhilke, Naspal, Anaar Chhilka anar chilka nashpal naspal anaar chhilka c\u00e1scara de granada jadi buti hierbas crudas, c\u00e1scara de granada anar chilka nashpal naspal anaar chhilka<\/p>\n","protected":false},"excerpt":{"rendered":"<p>Compre Anar Chilka en paquetes de 50 g, 100 g, 250 g y 500 g. Anar Chilka es la piel exterior de la granada (anar). Anar chilka es bueno para el cabello y la piel, tiene propiedades curativas que ayudan a combatir el acn\u00e9, las erupciones y los granos. Es muy beneficioso y conocido por [&hellip;]<\/p>\n","protected":false},"featured_media":17607,"comment_status":"open","ping_status":"closed","template":"","meta":[],"product_brand":[],"product_cat":[200,252,250,195],"product_tag":[],"class_list":{"0":"post-8173","1":"product","2":"type-product","3":"status-publish","4":"has-post-thumbnail","6":"product_cat-marca","7":"product_cat-neel-ayurvedics","8":"product_cat-neel-ayurvedics-hierbas-enteras","9":"product_cat-productos-ayurvedicos","11":"first","12":"instock","13":"shipping-taxable","14":"purchasable","15":"product-type-variable"},"_links":{"self":[{"href":"https:\/\/neelayurvedics.es\/index.php?rest_route=\/wp\/v2\/product\/8173","targetHints":{"allow":["GET"]}}],"collection":[{"href":"https:\/\/neelayurvedics.es\/index.php?rest_route=\/wp\/v2\/product"}],"about":[{"href":"https:\/\/neelayurvedics.es\/index.php?rest_route=\/wp\/v2\/types\/product"}],"replies":[{"embeddable":true,"href":"https:\/\/neelayurvedics.es\/index.php?rest_route=%2Fwp%2Fv2%2Fcomments&post=8173"}],"wp:featuredmedia":[{"embeddable":true,"href":"https:\/\/neelayurvedics.es\/index.php?rest_route=\/wp\/v2\/media\/17607"}],"wp:attachment":[{"href":"https:\/\/neelayurvedics.es\/index.php?rest_route=%2Fwp%2Fv2%2Fmedia&parent=8173"}],"wp:term":[{"taxonomy":"product_brand","embeddable":true,"href":"https:\/\/neelayurvedics.es\/index.php?rest_route=%2Fwp%2Fv2%2Fproduct_brand&post=8173"},{"taxonomy":"product_cat","embeddable":true,"href":"https:\/\/neelayurvedics.es\/index.php?rest_route=%2Fwp%2Fv2%2Fproduct_cat&post=8173"},{"taxonomy":"product_tag","embeddable":true,"href":"https:\/\/neelayurvedics.es\/index.php?rest_route=%2Fwp%2Fv2%2Fproduct_tag&post=8173"}],"curies":[{"name":"wp","href":"https:\/\/api.w.org\/{rel}","templated":true}]}}