{"id":8178,"date":"2025-01-24T08:21:39","date_gmt":"2025-01-24T08:21:39","guid":{"rendered":"https:\/\/neelayurvedics.es\/?post_type=product&#038;p=8178"},"modified":"2026-04-10T12:35:28","modified_gmt":"2026-04-10T12:35:28","slug":"neel-ayurvedics-apamarga-semillas","status":"publish","type":"product","link":"https:\/\/neelayurvedics.es\/?product=neel-ayurvedics-apamarga-semillas","title":{"rendered":"Neel Ayurvedics Apamarga Semillas | Semillas De Latjira | Semillas De Uttareni | Chichita | Latjeera | Achyranthes Aspera"},"content":{"rendered":"<p style=\"font-weight: 400;\">Aparte de esto, las semillas de apamarga son muy \u00fatiles para tratar hemorroides, indigesti\u00f3n, tos, asma, anemia, ictericia y mordeduras de serpiente. Tambi\u00e9n son \u00fatiles para aliviar de forma inmediata la tos. Adem\u00e1s, el aceite de semillas de latjira se usa por v\u00eda t\u00f3pica para el dolor de o\u00eddo.<\/p>\n<p style=\"font-weight: 400;\">Las semillas de apamarga purifican enormemente nuestra sangre y tambi\u00e9n se utilizan para curar la hinchaz\u00f3n. Las semillas de apamarga tambi\u00e9n reducen la acidez de la orina y se utilizan ampliamente para tratar los c\u00e1lculos renales. Este tipo de semillas tambi\u00e9n se conocen como semillas de chirchita, latjeera, uttarenii y achyranthes aspera.<\/p>\n<p style=\"font-weight: 400;\">\u00a0<strong style=\"font-weight: 600 !important;\">Dosis:\u00a0<\/strong>Las semillas de Apamarga deben tomarse seg\u00fan las indicaciones de su m\u00e9dico.<\/p>\n","protected":false},"excerpt":{"rendered":"<p>Las semillas de latjira tienen un uso importante en Ayurveda como agente antiinflamatorio. Las semillas de apamarga son una buena hierba supresora del apetito. Y este tipo de semillas se pueden utilizar en lugar de nuestros anti\u00e1cidos habituales.<\/p>\n","protected":false},"featured_media":17810,"comment_status":"open","ping_status":"closed","template":"","meta":[],"product_brand":[],"product_cat":[200,420,252,250,195],"product_tag":[],"class_list":{"0":"post-8178","1":"product","2":"type-product","3":"status-publish","4":"has-post-thumbnail","6":"product_cat-marca","7":"product_cat-company-wise","8":"product_cat-neel-ayurvedics","9":"product_cat-neel-ayurvedics-hierbas-enteras","10":"product_cat-productos-ayurvedicos","12":"first","13":"instock","14":"shipping-taxable","15":"purchasable","16":"product-type-variable"},"_links":{"self":[{"href":"https:\/\/neelayurvedics.es\/index.php?rest_route=\/wp\/v2\/product\/8178","targetHints":{"allow":["GET"]}}],"collection":[{"href":"https:\/\/neelayurvedics.es\/index.php?rest_route=\/wp\/v2\/product"}],"about":[{"href":"https:\/\/neelayurvedics.es\/index.php?rest_route=\/wp\/v2\/types\/product"}],"replies":[{"embeddable":true,"href":"https:\/\/neelayurvedics.es\/index.php?rest_route=%2Fwp%2Fv2%2Fcomments&post=8178"}],"wp:featuredmedia":[{"embeddable":true,"href":"https:\/\/neelayurvedics.es\/index.php?rest_route=\/wp\/v2\/media\/17810"}],"wp:attachment":[{"href":"https:\/\/neelayurvedics.es\/index.php?rest_route=%2Fwp%2Fv2%2Fmedia&parent=8178"}],"wp:term":[{"taxonomy":"product_brand","embeddable":true,"href":"https:\/\/neelayurvedics.es\/index.php?rest_route=%2Fwp%2Fv2%2Fproduct_brand&post=8178"},{"taxonomy":"product_cat","embeddable":true,"href":"https:\/\/neelayurvedics.es\/index.php?rest_route=%2Fwp%2Fv2%2Fproduct_cat&post=8178"},{"taxonomy":"product_tag","embeddable":true,"href":"https:\/\/neelayurvedics.es\/index.php?rest_route=%2Fwp%2Fv2%2Fproduct_tag&post=8178"}],"curies":[{"name":"wp","href":"https:\/\/api.w.org\/{rel}","templated":true}]}}