{"id":8183,"date":"2025-01-24T09:39:48","date_gmt":"2025-01-24T09:39:48","guid":{"rendered":"https:\/\/neelayurvedics.es\/?post_type=product&#038;p=8183"},"modified":"2026-04-11T05:28:56","modified_gmt":"2026-04-11T05:28:56","slug":"neel-ayurvedics-arand-mool","status":"publish","type":"product","link":"https:\/\/neelayurvedics.es\/?product=neel-ayurvedics-arand-mool","title":{"rendered":"Neel Ayurvedics Arand Mool| Ra\u00edz De Ricino | Arandi Jadd | Erand Mool | Comunas De Ricinus"},"content":{"rendered":"<p style=\"font-weight: 400;\">El Erand Mool se utiliza para muchos beneficios de la piel y el cabello. Aparte de esto, este tipo de polvo tambi\u00e9n es muy \u00fatil para curar heridas y hematomas. Tambi\u00e9n es muy \u00fatil para las mujeres que sufren de calambres menstruales. Esta ra\u00edz puede ayudar a estimular el proceso de lactancia.<\/p>\n<p style=\"font-weight: 400;\">El Erand Mool tambi\u00e9n es \u00fatil para aliviar el dolor de espalda y la ci\u00e1tica. Tiene propiedades antimicrobianas que son muy \u00fatiles para eliminar el exceso de l\u00edquido del cuerpo.<\/p>\n<p style=\"font-weight: 400;\"><strong style=\"font-weight: 600 !important;\">DOSIS:<\/strong>\u00a0Se deben consumir 1 a 2 cucharaditas de Erand Mool Churna diariamente o seg\u00fan lo indique su m\u00e9dico.<\/p>\n","protected":false},"excerpt":{"rendered":"<p>Los principales ingredientes de Erand Mool son el aceite de ricino. Este polvo es muy beneficioso para tratar diversos problemas de salud. Este Mool es muy \u00fatil para combatir la artritis. Erand Mool tambi\u00e9n se usa ampliamente en el tratamiento del estre\u00f1imiento.<\/p>\n","protected":false},"featured_media":17909,"comment_status":"open","ping_status":"closed","template":"","meta":[],"product_brand":[],"product_cat":[200,252,250,195],"product_tag":[],"class_list":{"0":"post-8183","1":"product","2":"type-product","3":"status-publish","4":"has-post-thumbnail","6":"product_cat-marca","7":"product_cat-neel-ayurvedics","8":"product_cat-neel-ayurvedics-hierbas-enteras","9":"product_cat-productos-ayurvedicos","11":"first","12":"instock","13":"shipping-taxable","14":"purchasable","15":"product-type-variable"},"_links":{"self":[{"href":"https:\/\/neelayurvedics.es\/index.php?rest_route=\/wp\/v2\/product\/8183","targetHints":{"allow":["GET"]}}],"collection":[{"href":"https:\/\/neelayurvedics.es\/index.php?rest_route=\/wp\/v2\/product"}],"about":[{"href":"https:\/\/neelayurvedics.es\/index.php?rest_route=\/wp\/v2\/types\/product"}],"replies":[{"embeddable":true,"href":"https:\/\/neelayurvedics.es\/index.php?rest_route=%2Fwp%2Fv2%2Fcomments&post=8183"}],"wp:featuredmedia":[{"embeddable":true,"href":"https:\/\/neelayurvedics.es\/index.php?rest_route=\/wp\/v2\/media\/17909"}],"wp:attachment":[{"href":"https:\/\/neelayurvedics.es\/index.php?rest_route=%2Fwp%2Fv2%2Fmedia&parent=8183"}],"wp:term":[{"taxonomy":"product_brand","embeddable":true,"href":"https:\/\/neelayurvedics.es\/index.php?rest_route=%2Fwp%2Fv2%2Fproduct_brand&post=8183"},{"taxonomy":"product_cat","embeddable":true,"href":"https:\/\/neelayurvedics.es\/index.php?rest_route=%2Fwp%2Fv2%2Fproduct_cat&post=8183"},{"taxonomy":"product_tag","embeddable":true,"href":"https:\/\/neelayurvedics.es\/index.php?rest_route=%2Fwp%2Fv2%2Fproduct_tag&post=8183"}],"curies":[{"name":"wp","href":"https:\/\/api.w.org\/{rel}","templated":true}]}}