{"id":8192,"date":"2025-01-25T06:11:11","date_gmt":"2025-01-25T06:11:11","guid":{"rendered":"https:\/\/neelayurvedics.es\/?post_type=product&#038;p=8192"},"modified":"2026-01-22T08:37:37","modified_gmt":"2026-01-22T08:37:37","slug":"neel-ayurvedics-arjun-chhal-2","status":"publish","type":"product","link":"https:\/\/neelayurvedics.es\/?product=neel-ayurvedics-arjun-chhal-2","title":{"rendered":"Neel Ayurvedics Arjun Chhal | Terminalia Arjuna \u2013 Lo Mejor Para El Coraz\u00f3n"},"content":{"rendered":"<p>Otro nombre :<\/p>\n<p>Arjun Chhal<\/p>\n<p>El Arjun Chhal, un poderoso \u00e1rbol originario de la India, ocupa un lugar importante en el Ayurveda por sus beneficios terap\u00e9uticos. Reverenciado por sus propiedades, el Arjun Chhal se ha utilizado durante siglos en la medicina tradicional para favorecer diversos aspectos de la salud.<\/p>\n<p>Beneficios para la salud:<\/p>\n<ul>\n<li>Apoyo cardiovascular: conocido por promover la salud del coraz\u00f3n y mantener niveles saludables de presi\u00f3n arterial.<\/li>\n<li>Propiedades antioxidantes: Rico en antioxidantes, ayudando en la neutralizaci\u00f3n de los radicales libres.<\/li>\n<li>Circulaci\u00f3n sangu\u00ednea: favorece la circulaci\u00f3n sangu\u00ednea adecuada en todo el cuerpo.<\/li>\n<li>Control del colesterol: ayuda a controlar niveles saludables de colesterol.<\/li>\n<\/ul>\n<p>Propiedades clave:<\/p>\n<ul>\n<li>Rasa (Sabor): Astringente, amargo.<\/li>\n<li>Guna (Calidad): Ligero, seco<\/li>\n<li>Virya (Potencia): Enfriamiento<\/li>\n<li>Vipaka (sabor postdigestivo): picante<\/li>\n<\/ul>\n<p>Usos comunes:<\/p>\n<ul>\n<li>Salud del coraz\u00f3n: se utiliza en diversas afecciones relacionadas con el coraz\u00f3n para apoyar la funci\u00f3n cardiovascular.<\/li>\n<li>Soporte antioxidante: se utiliza para combatir el estr\u00e9s oxidativo y promover el bienestar general.<\/li>\n<li>Ayuda digestiva: puede favorecer la salud digestiva y ayudar a mantener una digesti\u00f3n adecuada.<\/li>\n<li>Regulaci\u00f3n de la presi\u00f3n arterial: ayuda a regular y mantener una presi\u00f3n arterial saludable.<\/li>\n<\/ul>\n<p>Precauciones:<\/p>\n<p>Embarazo: Consulte con un profesional de la salud antes de usar Arjuna durante el embarazo.<\/p>\n<p>Interacciones farmacol\u00f3gicas: Tenga cuidado si est\u00e1 tomando medicamentos para afecciones card\u00edacas o presi\u00f3n arterial.<\/p>\n<p>Nota: Esta informaci\u00f3n tiene como objetivo aumentar la concienciaci\u00f3n y no sustituye el consejo m\u00e9dico profesional.<\/p>\n<p>&nbsp;<\/p>\n","protected":false},"excerpt":{"rendered":"<p>En Neel Ayurvedics, presentamos nuestro Arjun Chhal, una maravilla herbal derivada de la corteza de Terminalia arjuna, celebrada en Ayurveda por sus propiedades saludables para el coraz\u00f3n.<\/p>\n","protected":false},"featured_media":17609,"comment_status":"open","ping_status":"closed","template":"","meta":[],"product_brand":[],"product_cat":[200,252,250,195],"product_tag":[],"class_list":{"0":"post-8192","1":"product","2":"type-product","3":"status-publish","4":"has-post-thumbnail","6":"product_cat-marca","7":"product_cat-neel-ayurvedics","8":"product_cat-neel-ayurvedics-hierbas-enteras","9":"product_cat-productos-ayurvedicos","11":"first","12":"instock","13":"shipping-taxable","14":"purchasable","15":"product-type-variable"},"_links":{"self":[{"href":"https:\/\/neelayurvedics.es\/index.php?rest_route=\/wp\/v2\/product\/8192","targetHints":{"allow":["GET"]}}],"collection":[{"href":"https:\/\/neelayurvedics.es\/index.php?rest_route=\/wp\/v2\/product"}],"about":[{"href":"https:\/\/neelayurvedics.es\/index.php?rest_route=\/wp\/v2\/types\/product"}],"replies":[{"embeddable":true,"href":"https:\/\/neelayurvedics.es\/index.php?rest_route=%2Fwp%2Fv2%2Fcomments&post=8192"}],"wp:featuredmedia":[{"embeddable":true,"href":"https:\/\/neelayurvedics.es\/index.php?rest_route=\/wp\/v2\/media\/17609"}],"wp:attachment":[{"href":"https:\/\/neelayurvedics.es\/index.php?rest_route=%2Fwp%2Fv2%2Fmedia&parent=8192"}],"wp:term":[{"taxonomy":"product_brand","embeddable":true,"href":"https:\/\/neelayurvedics.es\/index.php?rest_route=%2Fwp%2Fv2%2Fproduct_brand&post=8192"},{"taxonomy":"product_cat","embeddable":true,"href":"https:\/\/neelayurvedics.es\/index.php?rest_route=%2Fwp%2Fv2%2Fproduct_cat&post=8192"},{"taxonomy":"product_tag","embeddable":true,"href":"https:\/\/neelayurvedics.es\/index.php?rest_route=%2Fwp%2Fv2%2Fproduct_tag&post=8192"}],"curies":[{"name":"wp","href":"https:\/\/api.w.org\/{rel}","templated":true}]}}