{"id":8200,"date":"2025-01-25T06:30:18","date_gmt":"2025-01-25T06:30:18","guid":{"rendered":"https:\/\/neelayurvedics.es\/?post_type=product&#038;p=8200"},"modified":"2026-04-11T05:30:38","modified_gmt":"2026-04-11T05:30:38","slug":"neel-ayurvedics-aserio-semillas","status":"publish","type":"product","link":"https:\/\/neelayurvedics.es\/?product=neel-ayurvedics-aserio-semillas","title":{"rendered":"Neel Ayurvedics Aserio Semillas | Semillas De Asaliya | Chandrashura Beej | Chandrashoora Beej | Aliv | Halim | Halam | Semillas De Berro De Jard\u00edn"},"content":{"rendered":"<p>Aparte de esto, las semillas de Aserio tambi\u00e9n ayudan mucho a mejorar el nivel de hemoglobina en el cuerpo. Al ser ricas en prote\u00ednas y hierro, este tipo de semilla tiene poderosas propiedades\u00a0galactagogas\u00a0y, por lo tanto, es extremadamente beneficiosa para las madres lactantes.<\/p>\n<p>Esta semilla puede ayudar a regular los per\u00edodos irregulares en las mujeres. Al ser una fuente rica en fibra y prote\u00ednas, las semillas de Aserio son muy \u00fatiles para mantener la masa muscular corporal y perder peso de forma saludable. Debido a las propiedades antimicrobianas de las semillas de Aserio, son muy \u00fatiles para prevenir diversas infecciones como la fiebre, el resfriado y el dolor de garganta.<\/p>\n<p>Tambi\u00e9n se llama Lepidium Sativum Linn, Garden Cress, Garden pepper berros, Aliv Seeds, Chandrashoor, Chandrasur, Chansur, Halim, Asalia, Halam, Alavi beeja, Halim Shak, Asheliyo, Adityalu, Adeli, Alivirai, Halium, Sipandan, Habburshad, Hidamba Saga, lepido, Mastuerzo, Cresson de fontaine.<\/p>\n<p><strong style=\"font-weight: 600 !important;\">DOSIS:<\/strong>\u00a0\u00a0Las semillas de Aserio deben tomarse seg\u00fan lo recomendado por un m\u00e9dico u otro profesional de la salud.<\/p>\n","protected":false},"excerpt":{"rendered":"<p>Estas semillas son peque\u00f1as semillas de color rojo y marr\u00f3n con un sabor picante y fuerte. Las semillas de Aserio son muy \u00fatiles en casos de lepra, enfermedades de la piel, asma, tos, resfriado y debilidad. Las semillas de Aserio son una fuente importante de hierro, \u00e1cido f\u00f3lico, calcio, vitaminas C, E y A.<\/p>\n","protected":false},"featured_media":17911,"comment_status":"open","ping_status":"closed","template":"","meta":[],"product_brand":[],"product_cat":[200,252,250,195],"product_tag":[],"class_list":{"0":"post-8200","1":"product","2":"type-product","3":"status-publish","4":"has-post-thumbnail","6":"product_cat-marca","7":"product_cat-neel-ayurvedics","8":"product_cat-neel-ayurvedics-hierbas-enteras","9":"product_cat-productos-ayurvedicos","11":"first","12":"instock","13":"shipping-taxable","14":"purchasable","15":"product-type-variable"},"_links":{"self":[{"href":"https:\/\/neelayurvedics.es\/index.php?rest_route=\/wp\/v2\/product\/8200","targetHints":{"allow":["GET"]}}],"collection":[{"href":"https:\/\/neelayurvedics.es\/index.php?rest_route=\/wp\/v2\/product"}],"about":[{"href":"https:\/\/neelayurvedics.es\/index.php?rest_route=\/wp\/v2\/types\/product"}],"replies":[{"embeddable":true,"href":"https:\/\/neelayurvedics.es\/index.php?rest_route=%2Fwp%2Fv2%2Fcomments&post=8200"}],"wp:featuredmedia":[{"embeddable":true,"href":"https:\/\/neelayurvedics.es\/index.php?rest_route=\/wp\/v2\/media\/17911"}],"wp:attachment":[{"href":"https:\/\/neelayurvedics.es\/index.php?rest_route=%2Fwp%2Fv2%2Fmedia&parent=8200"}],"wp:term":[{"taxonomy":"product_brand","embeddable":true,"href":"https:\/\/neelayurvedics.es\/index.php?rest_route=%2Fwp%2Fv2%2Fproduct_brand&post=8200"},{"taxonomy":"product_cat","embeddable":true,"href":"https:\/\/neelayurvedics.es\/index.php?rest_route=%2Fwp%2Fv2%2Fproduct_cat&post=8200"},{"taxonomy":"product_tag","embeddable":true,"href":"https:\/\/neelayurvedics.es\/index.php?rest_route=%2Fwp%2Fv2%2Fproduct_tag&post=8200"}],"curies":[{"name":"wp","href":"https:\/\/api.w.org\/{rel}","templated":true}]}}