{"id":8206,"date":"2025-01-25T06:40:30","date_gmt":"2025-01-25T06:40:30","guid":{"rendered":"https:\/\/neelayurvedics.es\/?post_type=product&#038;p=8206"},"modified":"2026-01-22T08:41:02","modified_gmt":"2026-01-22T08:41:02","slug":"neel-ayurvedics-ashwagandha-2","status":"publish","type":"product","link":"https:\/\/neelayurvedics.es\/?product=neel-ayurvedics-ashwagandha-2","title":{"rendered":"Neel Ayurvedics Ashwagandha | Withania Somnifera: lo Mejor Para Aliviar El Estr\u00e9s"},"content":{"rendered":"<p>Otro nombre :<\/p>\n<p>Ra\u00edces de Asvagandha, Ashvagandha Jadd, Asgandh Nagori<\/p>\n<p>La ashwagandha, tambi\u00e9n conocida como ginseng indio o cereza de invierno, es una hierba venerada en Ayurveda por sus diversas propiedades medicinales. Con una historia arraigada en la medicina tradicional, se sabe que la ashwagandha favorece el bienestar general.<\/p>\n<p>Beneficios para la salud:<\/p>\n<p>Propiedades adaptog\u00e9nicas: Ashwagandha es un adapt\u00f3geno que ayuda al cuerpo a controlar el estr\u00e9s y adaptarse a situaciones cambiantes.<\/p>\n<p>Propiedades clave:<\/p>\n<ul>\n<li>Rasa (Sabor): Amargo, astringente, dulce.<\/li>\n<li>Guna (Calidad): Pesado, untuoso<\/li>\n<li>Energ\u00eda y vitalidad: Se sabe que mejora los niveles de energ\u00eda, la resistencia y la vitalidad.<\/li>\n<li>Funci\u00f3n cognitiva: apoya las capacidades cognitivas, la retenci\u00f3n de la memoria y la concentraci\u00f3n.<\/li>\n<li>Virya (Potencia): Calentamiento<\/li>\n<li>Vipaka (sabor post-digestivo): dulce<\/li>\n<li>Refuerzo inmunol\u00f3gico: fortalece el sistema inmunol\u00f3gico, fomentando la salud general y la resiliencia.<\/li>\n<\/ul>\n<p>Usos comunes:<\/p>\n<ul>\n<li>Manejo del estr\u00e9s: se utiliza para aliviar el estr\u00e9s, la ansiedad e inducir una sensaci\u00f3n de calma.<\/li>\n<li>Salud reproductiva: equilibra las hormonas reproductivas tanto en hombres como en mujeres, ayudando a la fertilidad y la salud sexual.<\/li>\n<li>Ayuda para dormir: ayuda a promover patrones de sue\u00f1o saludables y potencialmente ayuda a controlar el insomnio.<\/li>\n<li>Fuerza muscular: apoya la fuerza muscular y ayuda en la recuperaci\u00f3n despu\u00e9s de la actividad f\u00edsica.<\/li>\n<\/ul>\n<p>Precauciones:<\/p>\n<ul>\n<li>Embarazo: Consulte a un profesional de la salud antes de usar.<\/li>\n<li>Afecciones de la tiroides: Las personas con trastornos de la tiroides deben utilizar Ashwagandha bajo supervisi\u00f3n m\u00e9dica.<\/li>\n<\/ul>\n<p>Nota: Esta informaci\u00f3n tiene como objetivo aumentar la concienciaci\u00f3n y no sustituye el consejo m\u00e9dico profesional.<\/p>\n","protected":false},"excerpt":{"rendered":"<p>En Neel Ayurvedics, presentamos nuestra Ashwagandha, un poderoso suplemento herbal reconocido en Ayurveda por sus propiedades para aliviar el estr\u00e9s y aumentar la vitalidad.<\/p>\n","protected":false},"featured_media":17610,"comment_status":"open","ping_status":"closed","template":"","meta":[],"product_brand":[],"product_cat":[200,252,250,195],"product_tag":[],"class_list":{"0":"post-8206","1":"product","2":"type-product","3":"status-publish","4":"has-post-thumbnail","6":"product_cat-marca","7":"product_cat-neel-ayurvedics","8":"product_cat-neel-ayurvedics-hierbas-enteras","9":"product_cat-productos-ayurvedicos","11":"first","12":"instock","13":"shipping-taxable","14":"purchasable","15":"product-type-variable"},"_links":{"self":[{"href":"https:\/\/neelayurvedics.es\/index.php?rest_route=\/wp\/v2\/product\/8206","targetHints":{"allow":["GET"]}}],"collection":[{"href":"https:\/\/neelayurvedics.es\/index.php?rest_route=\/wp\/v2\/product"}],"about":[{"href":"https:\/\/neelayurvedics.es\/index.php?rest_route=\/wp\/v2\/types\/product"}],"replies":[{"embeddable":true,"href":"https:\/\/neelayurvedics.es\/index.php?rest_route=%2Fwp%2Fv2%2Fcomments&post=8206"}],"wp:featuredmedia":[{"embeddable":true,"href":"https:\/\/neelayurvedics.es\/index.php?rest_route=\/wp\/v2\/media\/17610"}],"wp:attachment":[{"href":"https:\/\/neelayurvedics.es\/index.php?rest_route=%2Fwp%2Fv2%2Fmedia&parent=8206"}],"wp:term":[{"taxonomy":"product_brand","embeddable":true,"href":"https:\/\/neelayurvedics.es\/index.php?rest_route=%2Fwp%2Fv2%2Fproduct_brand&post=8206"},{"taxonomy":"product_cat","embeddable":true,"href":"https:\/\/neelayurvedics.es\/index.php?rest_route=%2Fwp%2Fv2%2Fproduct_cat&post=8206"},{"taxonomy":"product_tag","embeddable":true,"href":"https:\/\/neelayurvedics.es\/index.php?rest_route=%2Fwp%2Fv2%2Fproduct_tag&post=8206"}],"curies":[{"name":"wp","href":"https:\/\/api.w.org\/{rel}","templated":true}]}}