{"id":8212,"date":"2025-01-25T06:50:36","date_gmt":"2025-01-25T06:50:36","guid":{"rendered":"https:\/\/neelayurvedics.es\/?post_type=product&#038;p=8212"},"modified":"2026-04-10T12:44:42","modified_gmt":"2026-04-10T12:44:42","slug":"neel-ayurvedics-ativish","status":"publish","type":"product","link":"https:\/\/neelayurvedics.es\/?product=neel-ayurvedics-ativish","title":{"rendered":"Neel Ayurvedics Ativish | Atish Kadwi | Ativisha Amargo | Atiwisha | Ateesh | Aconitum Heterophyllum"},"content":{"rendered":"<p style=\"font-weight: 400;\">Aparte de esto, este tipo de ra\u00edz es muy \u00fatil en trastornos digestivos como anorexia, indigesti\u00f3n, hemorroides, diarrea, lombrices y v\u00f3mitos. La ra\u00edz amarga de Ativisha tiene propiedades antiinflamatorias, antidiarreicas y expectorantes y, por lo tanto, es muy \u00fatil para reducir la inflamaci\u00f3n y la acumulaci\u00f3n de mucosidad.<\/p>\n<p style=\"font-weight: 400;\">La ra\u00edz amarga de Ativisha tambi\u00e9n es muy \u00fatil para aliviar las picaduras de escorpi\u00f3n y serpiente. Adem\u00e1s, esta ra\u00edz tambi\u00e9n es \u00fatil para eliminar la mucosidad. Promueve en gran medida la desintoxicaci\u00f3n del cuerpo.<\/p>\n<p style=\"font-weight: 400;\">\u00a0DOSIS: Ativisha Bitter Root debe usarse seg\u00fan lo recomendado por el m\u00e9dico.<\/p>\n","protected":false},"excerpt":{"rendered":"<p>Aparte de esto, este tipo de ra\u00edz es muy \u00fatil en trastornos digestivos como anorexia, indigesti\u00f3n, hemorroides, diarrea, lombrices y v\u00f3mitos. La ra\u00edz amarga de Ativisha tiene propiedades antiinflamatorias, antidiarreicas y expectorantes y, por lo tanto, es muy \u00fatil para reducir la inflamaci\u00f3n y la acumulaci\u00f3n de mucosidad. La ra\u00edz amarga de Ativisha tambi\u00e9n es [&hellip;]<\/p>\n","protected":false},"featured_media":17814,"comment_status":"open","ping_status":"closed","template":"","meta":[],"product_brand":[],"product_cat":[200,252,250,195],"product_tag":[],"class_list":{"0":"post-8212","1":"product","2":"type-product","3":"status-publish","4":"has-post-thumbnail","6":"product_cat-marca","7":"product_cat-neel-ayurvedics","8":"product_cat-neel-ayurvedics-hierbas-enteras","9":"product_cat-productos-ayurvedicos","11":"first","12":"instock","13":"shipping-taxable","14":"purchasable","15":"product-type-variable"},"_links":{"self":[{"href":"https:\/\/neelayurvedics.es\/index.php?rest_route=\/wp\/v2\/product\/8212","targetHints":{"allow":["GET"]}}],"collection":[{"href":"https:\/\/neelayurvedics.es\/index.php?rest_route=\/wp\/v2\/product"}],"about":[{"href":"https:\/\/neelayurvedics.es\/index.php?rest_route=\/wp\/v2\/types\/product"}],"replies":[{"embeddable":true,"href":"https:\/\/neelayurvedics.es\/index.php?rest_route=%2Fwp%2Fv2%2Fcomments&post=8212"}],"wp:featuredmedia":[{"embeddable":true,"href":"https:\/\/neelayurvedics.es\/index.php?rest_route=\/wp\/v2\/media\/17814"}],"wp:attachment":[{"href":"https:\/\/neelayurvedics.es\/index.php?rest_route=%2Fwp%2Fv2%2Fmedia&parent=8212"}],"wp:term":[{"taxonomy":"product_brand","embeddable":true,"href":"https:\/\/neelayurvedics.es\/index.php?rest_route=%2Fwp%2Fv2%2Fproduct_brand&post=8212"},{"taxonomy":"product_cat","embeddable":true,"href":"https:\/\/neelayurvedics.es\/index.php?rest_route=%2Fwp%2Fv2%2Fproduct_cat&post=8212"},{"taxonomy":"product_tag","embeddable":true,"href":"https:\/\/neelayurvedics.es\/index.php?rest_route=%2Fwp%2Fv2%2Fproduct_tag&post=8212"}],"curies":[{"name":"wp","href":"https:\/\/api.w.org\/{rel}","templated":true}]}}