{"id":8218,"date":"2025-01-25T07:04:35","date_gmt":"2025-01-25T07:04:35","guid":{"rendered":"https:\/\/neelayurvedics.es\/?post_type=product&#038;p=8218"},"modified":"2026-04-11T05:36:18","modified_gmt":"2026-04-11T05:36:18","slug":"neel-ayurvedics-babul-chhal","status":"publish","type":"product","link":"https:\/\/neelayurvedics.es\/?product=neel-ayurvedics-babul-chhal","title":{"rendered":"Neel Ayurvedics Babul Chhal | Kikar ki Chaal | Corteza De Babool | Kikar Chaal | Corteza De Babul | Corteza De Arbol De Acacia"},"content":{"rendered":"<p style=\"font-weight: 400;\">El Babul Chhal tambi\u00e9n se conoce como \u201c\u00e1rbol curativo\u201d porque todas las partes del Babul, como la corteza, la ra\u00edz, la goma, las hojas, las vainas y las semillas, se utilizan con diversos fines medicinales. Debido a las propiedades astringentes presentes en el Babul Chhal, fortalece las enc\u00edas y los dientes.<\/p>\n<p style=\"font-weight: 400;\">Aparte de esto, el Babul Chhal tambi\u00e9n es muy \u00fatil para controlar la diarrea al reducir la motilidad intestinal. El Kikar Chaal alivia los s\u00edntomas del resfriado y la tos, as\u00ed como el dolor de garganta al eliminar la flema de las v\u00edas respiratorias y facilita la respiraci\u00f3n.<\/p>\n<p style=\"font-weight: 400;\">Babul Chhal se utiliza en Vedibabul, Acacia nilotica, Babul de \u00e1rbol ar\u00e1bigo de goma india, mimosa espina, acacia egipcia, Babla, Babul negro, Babaria, Baval, Kaloabaval, acacia espinosa, Kikar, Karijali, Karivelan, Karuvelum, Babhul, Babhula, Bambuda, Baubra, tambi\u00e9n conocida como Sak, Karrivelei, Kaluvelamaram, Karuvael, Karuvelam, Nallatumma, Tumma, Tuma, Gobbli.<\/p>\n<p style=\"font-weight: 400;\"><strong style=\"font-weight: 600 !important;\">DOSIS:\u00a0<\/strong>\u00a0Babul Chhal debe usarse seg\u00fan lo recomendado por el m\u00e9dico.<\/p>\n","protected":false},"excerpt":{"rendered":"<p>El Babul Chhal tiene propiedades analg\u00e9sicas y antiinflamatorias. El consumo de este polvo proporciona un gran alivio en el dolor articular. Adem\u00e1s de esto, tambi\u00e9n se utiliza ampliamente para controlar problemas bucales como la formaci\u00f3n de placa y la gingivitis.<\/p>\n","protected":false},"featured_media":17913,"comment_status":"open","ping_status":"closed","template":"","meta":[],"product_brand":[],"product_cat":[200,252,250,195],"product_tag":[],"class_list":{"0":"post-8218","1":"product","2":"type-product","3":"status-publish","4":"has-post-thumbnail","6":"product_cat-marca","7":"product_cat-neel-ayurvedics","8":"product_cat-neel-ayurvedics-hierbas-enteras","9":"product_cat-productos-ayurvedicos","11":"first","12":"instock","13":"shipping-taxable","14":"purchasable","15":"product-type-variable"},"_links":{"self":[{"href":"https:\/\/neelayurvedics.es\/index.php?rest_route=\/wp\/v2\/product\/8218","targetHints":{"allow":["GET"]}}],"collection":[{"href":"https:\/\/neelayurvedics.es\/index.php?rest_route=\/wp\/v2\/product"}],"about":[{"href":"https:\/\/neelayurvedics.es\/index.php?rest_route=\/wp\/v2\/types\/product"}],"replies":[{"embeddable":true,"href":"https:\/\/neelayurvedics.es\/index.php?rest_route=%2Fwp%2Fv2%2Fcomments&post=8218"}],"wp:featuredmedia":[{"embeddable":true,"href":"https:\/\/neelayurvedics.es\/index.php?rest_route=\/wp\/v2\/media\/17913"}],"wp:attachment":[{"href":"https:\/\/neelayurvedics.es\/index.php?rest_route=%2Fwp%2Fv2%2Fmedia&parent=8218"}],"wp:term":[{"taxonomy":"product_brand","embeddable":true,"href":"https:\/\/neelayurvedics.es\/index.php?rest_route=%2Fwp%2Fv2%2Fproduct_brand&post=8218"},{"taxonomy":"product_cat","embeddable":true,"href":"https:\/\/neelayurvedics.es\/index.php?rest_route=%2Fwp%2Fv2%2Fproduct_cat&post=8218"},{"taxonomy":"product_tag","embeddable":true,"href":"https:\/\/neelayurvedics.es\/index.php?rest_route=%2Fwp%2Fv2%2Fproduct_tag&post=8218"}],"curies":[{"name":"wp","href":"https:\/\/api.w.org\/{rel}","templated":true}]}}