{"id":8229,"date":"2025-01-25T07:32:00","date_gmt":"2025-01-25T07:32:00","guid":{"rendered":"https:\/\/neelayurvedics.es\/?post_type=product&#038;p=8229"},"modified":"2026-04-10T12:59:56","modified_gmt":"2026-04-10T12:59:56","slug":"neel-ayurvedics-babul-gond-2","status":"publish","type":"product","link":"https:\/\/neelayurvedics.es\/?product=neel-ayurvedics-babul-gond-2","title":{"rendered":"Neel Ayurvedics Babul Gond | Goma Babul Negra | Acacia Nil\u00f3tica"},"content":{"rendered":"<p style=\"font-weight: 400;\">Aparte de esto, al consumir Babul Gond, los problemas digestivos se pueden eliminar f\u00e1cilmente. Es muy rico en calcio y, por lo tanto, se le da a las mujeres embarazadas, ya que ayuda a desarrollar huesos fuertes y previene el dolor de espalda.<\/p>\n<p style=\"font-weight: 400;\">El uso de goma de mascar para Laddu es muy \u00fatil para controlar la diabetes. Adem\u00e1s, Babul Gond es muy \u00fatil para mejorar la inmunidad y puede proteger contra el resfriado<br \/>\ny la tos en la temporada de invierno.<\/p>\n<p style=\"font-weight: 400;\"><strong style=\"font-weight: 600 !important;\">DOSIS:<\/strong>\u00a0Se debe tomar \u00bc \u2013 \u00bd cucharadita de Babul Gond al d\u00eda o seg\u00fan lo indique el m\u00e9dico.<\/p>\n","protected":false},"excerpt":{"rendered":"<p>Babul Gond es conocida como la goma comestible india. Se utiliza a menudo como base para cepillarse los dientes. Y el uso regular de la goma para Laddu es muy \u00fatil para fortalecer las enc\u00edas y los dientes y reducir la placa y la inflamaci\u00f3n.<\/p>\n","protected":false},"featured_media":17818,"comment_status":"open","ping_status":"closed","template":"","meta":[],"product_brand":[],"product_cat":[200,252,250,195],"product_tag":[],"class_list":{"0":"post-8229","1":"product","2":"type-product","3":"status-publish","4":"has-post-thumbnail","6":"product_cat-marca","7":"product_cat-neel-ayurvedics","8":"product_cat-neel-ayurvedics-hierbas-enteras","9":"product_cat-productos-ayurvedicos","11":"first","12":"instock","13":"shipping-taxable","14":"purchasable","15":"product-type-variable"},"_links":{"self":[{"href":"https:\/\/neelayurvedics.es\/index.php?rest_route=\/wp\/v2\/product\/8229","targetHints":{"allow":["GET"]}}],"collection":[{"href":"https:\/\/neelayurvedics.es\/index.php?rest_route=\/wp\/v2\/product"}],"about":[{"href":"https:\/\/neelayurvedics.es\/index.php?rest_route=\/wp\/v2\/types\/product"}],"replies":[{"embeddable":true,"href":"https:\/\/neelayurvedics.es\/index.php?rest_route=%2Fwp%2Fv2%2Fcomments&post=8229"}],"wp:featuredmedia":[{"embeddable":true,"href":"https:\/\/neelayurvedics.es\/index.php?rest_route=\/wp\/v2\/media\/17818"}],"wp:attachment":[{"href":"https:\/\/neelayurvedics.es\/index.php?rest_route=%2Fwp%2Fv2%2Fmedia&parent=8229"}],"wp:term":[{"taxonomy":"product_brand","embeddable":true,"href":"https:\/\/neelayurvedics.es\/index.php?rest_route=%2Fwp%2Fv2%2Fproduct_brand&post=8229"},{"taxonomy":"product_cat","embeddable":true,"href":"https:\/\/neelayurvedics.es\/index.php?rest_route=%2Fwp%2Fv2%2Fproduct_cat&post=8229"},{"taxonomy":"product_tag","embeddable":true,"href":"https:\/\/neelayurvedics.es\/index.php?rest_route=%2Fwp%2Fv2%2Fproduct_tag&post=8229"}],"curies":[{"name":"wp","href":"https:\/\/api.w.org\/{rel}","templated":true}]}}