{"id":8236,"date":"2025-01-25T07:45:58","date_gmt":"2025-01-25T07:45:58","guid":{"rendered":"https:\/\/neelayurvedics.es\/?post_type=product&#038;p=8236"},"modified":"2026-04-10T13:04:47","modified_gmt":"2026-04-10T13:04:47","slug":"neel-ayurvedics-babul-phali","status":"publish","type":"product","link":"https:\/\/neelayurvedics.es\/?product=neel-ayurvedics-babul-phali","title":{"rendered":"Neel Ayurvedics Babul Phali | Kikar Fali | Babool Phali | B\u00e1bul Fali | Acacia Nil\u00f3tica"},"content":{"rendered":"<p>Babul Phali se utiliza principalmente como medicamento para limpiar los dientes y el uso regular de Babul Phali ayuda a fortalecer las enc\u00edas y los dientes y reduce la placa y la inflamaci\u00f3n. Compre Kikar Fali de Neel Ayurvedics. Viene en paquetes de 100 g, 250 g, 500 g y 1 kg.<\/p>\n<p><strong>Otros nombres:<\/strong><\/p>\n<p>Samaghe &#8216;Arabee, Aqaaqiyaa, Akakia, goma ar\u00e1biga india, goma ar\u00e1biga, Babul, corteza de acacia, Babool, Gummiarabicabaum, Arabischer Gummibaum, Kaloabaval, Baval, Keekar, Kikar, Babul, Babool, Babla, Babur, Sak, Acacia arabica Willd, Khare-Mughilan, Vabboola, Vabbula, Barbura, Babula, Babul, Gond Babul, Gond Kikar, Khadir, Kala Babool, Kala Kikar<\/p>\n<div>El babul tambi\u00e9n se conoce como el \u201c\u00e1rbol curativo\u201d, ya que todas sus partes (corteza, ra\u00edz, goma, hojas, vainas, semillas) se utilizan para diversos fines medicinales.<\/div>\n<div>Seg\u00fan el Ayurveda, masticar peque\u00f1os trozos de corteza fresca de babul es bueno para tratar los problemas de salud bucal, ya que fortalece las enc\u00edas y los dientes debido a su propiedad astringente. El babul tambi\u00e9n ayuda a tratar la diarrea al disminuir la motilidad intestinal debido a su propiedad Keshya. Tambi\u00e9n alivia los s\u00edntomas del resfriado y la tos, as\u00ed como el dolor de garganta, al promover la eliminaci\u00f3n de esputo de las v\u00edas respiratorias y facilitar la respiraci\u00f3n. Consumir chicle de babul en polvo junto con agua una vez al d\u00eda ayuda a aliviar el dolor de las articulaciones debido a sus propiedades analg\u00e9sicas y antiinflamatorias.<\/div>\n<div>La aplicaci\u00f3n de una pasta de polvo de hojas de Babool y aceite de coco ayuda a controlar problemas bucales como la formaci\u00f3n de placa y la gingivitis debido a su propiedad antibacteriana.<\/div>\n","protected":false},"excerpt":{"rendered":"<p>Babul Phali se utiliza principalmente como medicamento para limpiar los dientes y el uso regular de Babul Phali ayuda a fortalecer las enc\u00edas y los dientes y reduce la placa y la inflamaci\u00f3n. Compre Kikar Fali de Neel Ayurvedics. Viene en paquetes de 100 g, 250 g, 500 g y 1 kg. Otros nombres: Samaghe [&hellip;]<\/p>\n","protected":false},"featured_media":17820,"comment_status":"open","ping_status":"closed","template":"","meta":[],"product_brand":[285],"product_cat":[200,252,250,195],"product_tag":[],"class_list":{"0":"post-8236","1":"product","2":"type-product","3":"status-publish","4":"has-post-thumbnail","6":"product_brand-neel-ayurvedics","7":"product_cat-marca","8":"product_cat-neel-ayurvedics","9":"product_cat-neel-ayurvedics-hierbas-enteras","10":"product_cat-productos-ayurvedicos","12":"first","13":"instock","14":"shipping-taxable","15":"purchasable","16":"product-type-variable"},"_links":{"self":[{"href":"https:\/\/neelayurvedics.es\/index.php?rest_route=\/wp\/v2\/product\/8236","targetHints":{"allow":["GET"]}}],"collection":[{"href":"https:\/\/neelayurvedics.es\/index.php?rest_route=\/wp\/v2\/product"}],"about":[{"href":"https:\/\/neelayurvedics.es\/index.php?rest_route=\/wp\/v2\/types\/product"}],"replies":[{"embeddable":true,"href":"https:\/\/neelayurvedics.es\/index.php?rest_route=%2Fwp%2Fv2%2Fcomments&post=8236"}],"wp:featuredmedia":[{"embeddable":true,"href":"https:\/\/neelayurvedics.es\/index.php?rest_route=\/wp\/v2\/media\/17820"}],"wp:attachment":[{"href":"https:\/\/neelayurvedics.es\/index.php?rest_route=%2Fwp%2Fv2%2Fmedia&parent=8236"}],"wp:term":[{"taxonomy":"product_brand","embeddable":true,"href":"https:\/\/neelayurvedics.es\/index.php?rest_route=%2Fwp%2Fv2%2Fproduct_brand&post=8236"},{"taxonomy":"product_cat","embeddable":true,"href":"https:\/\/neelayurvedics.es\/index.php?rest_route=%2Fwp%2Fv2%2Fproduct_cat&post=8236"},{"taxonomy":"product_tag","embeddable":true,"href":"https:\/\/neelayurvedics.es\/index.php?rest_route=%2Fwp%2Fv2%2Fproduct_tag&post=8236"}],"curies":[{"name":"wp","href":"https:\/\/api.w.org\/{rel}","templated":true}]}}