{"id":8246,"date":"2025-01-25T08:05:31","date_gmt":"2025-01-25T08:05:31","guid":{"rendered":"https:\/\/neelayurvedics.es\/?post_type=product&#038;p=8246"},"modified":"2026-04-10T13:11:41","modified_gmt":"2026-04-10T13:11:41","slug":"neel-ayurvedics-bael-patta","status":"publish","type":"product","link":"https:\/\/neelayurvedics.es\/?product=neel-ayurvedics-bael-patta","title":{"rendered":"Neel Ayurvedics Bael Patta | Bel Patra | Hoja De Bilwa | Hojas De Bel Bael | Bel Patta | Bailpatr | Patr De fianza | Aegle Marmelos"},"content":{"rendered":"<p>El Bael Patta\u00a0\u00a0tambi\u00e9n tiene propiedades laxantes que previenen el estre\u00f1imiento. Tambi\u00e9n se utiliza para la diarrea, la diabetes y otras afecciones.\u00a0\u00a0El Bael Patta\u00a0\u00a0contiene taninos, flavonoides y sustancias qu\u00edmicas llamadas cumarinas, lo que lo hace muy \u00fatil para reducir la hinchaz\u00f3n y la inflamaci\u00f3n.<\/p>\n<p>El Bael Patta\u00a0\u00a0tambi\u00e9n es \u00fatil para controlar el asma. Adem\u00e1s, es muy \u00fatil para tratar infecciones y eliminar la cera s\u00f3lida de los o\u00eddos, previniendo as\u00ed problemas relacionados con la audici\u00f3n. Adem\u00e1s, cura muchos trastornos de la piel y es muy \u00fatil para mantener la salud de la piel.<\/p>\n<p>Dosis:<\/p>\n<p><strong style=\"font-weight: 600 !important;\">Para Bael Churna:<\/strong>\u00a0\u00a0se debe mezclar \u00bc-\u00bd cucharadita de Bael Churna con agua o miel y tomar dos veces al d\u00eda.<\/p>\n<p><strong style=\"font-weight: 600 !important;\">Para Bael Kwath\/jugo\/decocci\u00f3n:<\/strong>\u00a0\u00a0se debe mezclar \u00bd-1 taza de jugo con agua y tomar dos veces al d\u00eda despu\u00e9s de las comidas.<\/p>\n","protected":false},"excerpt":{"rendered":"<p>Se considera que las hojas de Bael Patta son las mejores para todos los problemas digestivos. Tiene propiedades antibacterianas y antif\u00fangicas. El jugo m\u00e1gico de Bael Giri y\u00a0\u00a0Bael Patta\u00a0puede controlar muy bien las \u00falceras g\u00e1stricas causadas por el desequilibrio de la mucosa y los niveles de estr\u00e9s oxidativo en el tracto g\u00e1strico.<\/p>\n","protected":false},"featured_media":17828,"comment_status":"open","ping_status":"closed","template":"","meta":[],"product_brand":[],"product_cat":[200,252,250,195],"product_tag":[],"class_list":{"0":"post-8246","1":"product","2":"type-product","3":"status-publish","4":"has-post-thumbnail","6":"product_cat-marca","7":"product_cat-neel-ayurvedics","8":"product_cat-neel-ayurvedics-hierbas-enteras","9":"product_cat-productos-ayurvedicos","11":"first","12":"instock","13":"shipping-taxable","14":"purchasable","15":"product-type-variable"},"_links":{"self":[{"href":"https:\/\/neelayurvedics.es\/index.php?rest_route=\/wp\/v2\/product\/8246","targetHints":{"allow":["GET"]}}],"collection":[{"href":"https:\/\/neelayurvedics.es\/index.php?rest_route=\/wp\/v2\/product"}],"about":[{"href":"https:\/\/neelayurvedics.es\/index.php?rest_route=\/wp\/v2\/types\/product"}],"replies":[{"embeddable":true,"href":"https:\/\/neelayurvedics.es\/index.php?rest_route=%2Fwp%2Fv2%2Fcomments&post=8246"}],"wp:featuredmedia":[{"embeddable":true,"href":"https:\/\/neelayurvedics.es\/index.php?rest_route=\/wp\/v2\/media\/17828"}],"wp:attachment":[{"href":"https:\/\/neelayurvedics.es\/index.php?rest_route=%2Fwp%2Fv2%2Fmedia&parent=8246"}],"wp:term":[{"taxonomy":"product_brand","embeddable":true,"href":"https:\/\/neelayurvedics.es\/index.php?rest_route=%2Fwp%2Fv2%2Fproduct_brand&post=8246"},{"taxonomy":"product_cat","embeddable":true,"href":"https:\/\/neelayurvedics.es\/index.php?rest_route=%2Fwp%2Fv2%2Fproduct_cat&post=8246"},{"taxonomy":"product_tag","embeddable":true,"href":"https:\/\/neelayurvedics.es\/index.php?rest_route=%2Fwp%2Fv2%2Fproduct_tag&post=8246"}],"curies":[{"name":"wp","href":"https:\/\/api.w.org\/{rel}","templated":true}]}}