{"id":8266,"date":"2025-01-25T11:14:23","date_gmt":"2025-01-25T11:14:23","guid":{"rendered":"https:\/\/neelayurvedics.es\/?post_type=product&#038;p=8266"},"modified":"2026-04-10T13:19:56","modified_gmt":"2026-04-10T13:19:56","slug":"neel-ayurvedics-bavchi-semillas","status":"publish","type":"product","link":"https:\/\/neelayurvedics.es\/?product=neel-ayurvedics-bavchi-semillas","title":{"rendered":"Neel Ayurvedics Bavchi Semillas | Semillas De Babchi | Semillas De Bakuchi | Bavachi Beej | Bavchi Beej | Semillas De Psoralea"},"content":{"rendered":"<p style=\"font-weight: 400;\">Adem\u00e1s, las propiedades del anacardo en las semillas de Bavchi controlan la caspa cuando se aplican externamente. Estas semillas tambi\u00e9n son muy \u00fatiles para reducir las imperfecciones y el acn\u00e9. Tambi\u00e9n se utilizan ampliamente como purificador de la sangre. Estas semillas promueven en gran medida el crecimiento de las u\u00f1as.<\/p>\n<p style=\"font-weight: 400;\">Las semillas de babchi tambi\u00e9n son muy \u00fatiles en caso de trastornos digestivos, incluido el estre\u00f1imiento. Debido a la actividad antiviral de estas semillas, tambi\u00e9n se pueden utilizar para el tratamiento de enfermedades respiratorias. Las propiedades antioxidantes de las semillas de babchi tambi\u00e9n las hacen \u00fatiles para controlar las lesiones hep\u00e1ticas al prevenir un mayor da\u00f1o a las c\u00e9lulas hep\u00e1ticas.<\/p>\n<p style=\"font-weight: 400;\"><b>DOSIS:<\/b>\u00a0\u00a0Las semillas de Bavchi deben consumirse seg\u00fan lo indique el m\u00e9dico.<\/p>\n","protected":false},"excerpt":{"rendered":"<p>Las semillas de babchi se consideran un remedio casero eficaz para la piel. Este tipo de semillas tambi\u00e9n son muy \u00fatiles para reducir los fur\u00fanculos y las erupciones cut\u00e1neas debido a sus fuertes propiedades curativas. Seg\u00fan el Ayurveda, estas semillas tambi\u00e9n son muy \u00fatiles para mejorar el crecimiento del cabello.<\/p>\n","protected":false},"featured_media":17833,"comment_status":"open","ping_status":"closed","template":"","meta":[],"product_brand":[],"product_cat":[200,252,250,195],"product_tag":[],"class_list":{"0":"post-8266","1":"product","2":"type-product","3":"status-publish","4":"has-post-thumbnail","6":"product_cat-marca","7":"product_cat-neel-ayurvedics","8":"product_cat-neel-ayurvedics-hierbas-enteras","9":"product_cat-productos-ayurvedicos","11":"first","12":"instock","13":"shipping-taxable","14":"purchasable","15":"product-type-variable"},"_links":{"self":[{"href":"https:\/\/neelayurvedics.es\/index.php?rest_route=\/wp\/v2\/product\/8266","targetHints":{"allow":["GET"]}}],"collection":[{"href":"https:\/\/neelayurvedics.es\/index.php?rest_route=\/wp\/v2\/product"}],"about":[{"href":"https:\/\/neelayurvedics.es\/index.php?rest_route=\/wp\/v2\/types\/product"}],"replies":[{"embeddable":true,"href":"https:\/\/neelayurvedics.es\/index.php?rest_route=%2Fwp%2Fv2%2Fcomments&post=8266"}],"wp:featuredmedia":[{"embeddable":true,"href":"https:\/\/neelayurvedics.es\/index.php?rest_route=\/wp\/v2\/media\/17833"}],"wp:attachment":[{"href":"https:\/\/neelayurvedics.es\/index.php?rest_route=%2Fwp%2Fv2%2Fmedia&parent=8266"}],"wp:term":[{"taxonomy":"product_brand","embeddable":true,"href":"https:\/\/neelayurvedics.es\/index.php?rest_route=%2Fwp%2Fv2%2Fproduct_brand&post=8266"},{"taxonomy":"product_cat","embeddable":true,"href":"https:\/\/neelayurvedics.es\/index.php?rest_route=%2Fwp%2Fv2%2Fproduct_cat&post=8266"},{"taxonomy":"product_tag","embeddable":true,"href":"https:\/\/neelayurvedics.es\/index.php?rest_route=%2Fwp%2Fv2%2Fproduct_tag&post=8266"}],"curies":[{"name":"wp","href":"https:\/\/api.w.org\/{rel}","templated":true}]}}