{"id":8289,"date":"2025-01-25T12:10:23","date_gmt":"2025-01-25T12:10:23","guid":{"rendered":"https:\/\/neelayurvedics.es\/?post_type=product&#038;p=8289"},"modified":"2026-04-10T13:23:34","modified_gmt":"2026-04-10T13:23:34","slug":"neel-ayurvedics-bhimseni-kapoor","status":"publish","type":"product","link":"https:\/\/neelayurvedics.es\/?product=neel-ayurvedics-bhimseni-kapoor","title":{"rendered":"Neel Ayurvedics Bhimseni Kapoor | Alcanfor | Baras Kapur | Karpoora | Karpura | Cinnamomum Alcanfora"},"content":{"rendered":"<p>Bhimseni Kapoor: un remedio natural con diversos beneficios Bhimseni Kapoor, tambi\u00e9n conocido como Nagi Karpura, Pacha Kapoor, Desi Kapoor y Patri Kapoor, es un alcanfor natural muy conocido derivado de la Cinnamomum Camphora y de los pinos. A diferencia del alcanfor com\u00fan que se usa com\u00fanmente en los templos indios, Bhimseni Kapoor es naturalmente cristalino, lo que da como resultado formas y tama\u00f1os irregulares. El Bhimseni Kapoor, que lleva el nombre del templo Bhimshankar Jyotirlinga en Maharashtra, India, de donde se obtiene tradicionalmente, se cree que es superior al kapoor com\u00fan debido a su pureza, fragancia y propiedades terap\u00e9uticas. Bhimseni Kapoor se ha utilizado durante siglos como una soluci\u00f3n valiosa para problemas de salud y bienestar.<\/p>\n<p>Beneficios clave:<br \/>\nPropiedades antibacterianas, antiinflamatorias, antif\u00fangicas y ansiol\u00edticas<br \/>\n. Trata diversos problemas de la piel<br \/>\n. Alivia el dolor<br \/>\n. Ayuda con problemas respiratorios.<\/p>\n<p>Aplicaciones:<br \/>\n\u2013 Ampliamente utilizado en productos para el cuidado de la piel, productos farmac\u00e9uticos, tratamientos para aliviar el dolor y remedios para el resfriado y la tos.<\/p>\n<p><strong>Beneficios espec\u00edficos:<\/strong><\/p>\n<p>1. Para aromaterapia y espiritualidad:<br \/>\n\u2013 Purificaci\u00f3n y limpieza energ\u00e9tica<br \/>\n\u2013 Ayuda a la meditaci\u00f3n Aromaterapia<\/p>\n<p>2. Para el cabello:<br \/>\n\u2013 Estimula el crecimiento del cabello<br \/>\n\u2013 Reduce la caspa<br \/>\n\u2013 Fortalece el cabello<br \/>\n\u2013 Alivia la picaz\u00f3n del cuero cabelludo<br \/>\n\u2013 Act\u00faa como acondicionador natural<\/p>\n<p>3. Para la salud:<br \/>\n\u2013 Posee propiedades antimicrobianas y antibacterianas<br \/>\n\u2013 Alivia la tos y el resfriado<br \/>\n\u2013 Alivia el dolor de muelas<br \/>\n\u2013 Ayuda con los problemas respiratorios<br \/>\n\u2013 Proporciona alivio del insomnio<\/p>\n<p>4. Para la piel:<br \/>\n\u2013 Trata la picaz\u00f3n de la piel<br \/>\n\u2013 Posee propiedades antienvejecimiento<br \/>\n\u2013 Reduce las imperfecciones de la piel Ilumina la piel<\/p>\n","protected":false},"excerpt":{"rendered":"<p>Bhimseni Kapoor, tambi\u00e9n conocido como Nagi Karpura, Pacha Kapoor, Desi Kapoor y Patri Kapoor, es un alcanfor natural derivado de Cinnamomum Camphora y pinos. Su forma cristalina \u00fanica da lugar a formas y tama\u00f1os irregulares, y es muy valorado por su pureza, fragancia y propiedades terap\u00e9uticas.<\/p>\n<p>El Bhimseni Kapoor, que se obtiene tradicionalmente del templo Bhimshankar Jyotirlinga en Maharashtra, India, ofrece numerosos beneficios debido a sus propiedades antibacterianas, antiinflamatorias, antif\u00fangicas y ansiol\u00edticas. Ayuda a la purificaci\u00f3n y la limpieza energ\u00e9tica, sirve como ayuda para la meditaci\u00f3n y se utiliza en aromaterapia. Para el cuidado del cabello, estimula el crecimiento del cabello, reduce la caspa, fortalece el cabello y alivia el picor del cuero cabelludo. En t\u00e9rminos de salud, alivia la tos y el resfriado, alivia el dolor de muelas, ayuda con los problemas respiratorios y proporciona alivio del insomnio. Para el cuidado de la piel, trata el picor de la piel, posee propiedades antienvejecimiento, reduce las imperfecciones de la piel y la ilumina.<\/p>\n<p>Bhimseni Kapoor sigue siendo una soluci\u00f3n vers\u00e1til y valiosa para diversos problemas de salud y bienestar.<\/p>\n","protected":false},"featured_media":17837,"comment_status":"open","ping_status":"closed","template":"","meta":[],"product_brand":[],"product_cat":[200,252,250,195],"product_tag":[],"class_list":{"0":"post-8289","1":"product","2":"type-product","3":"status-publish","4":"has-post-thumbnail","6":"product_cat-marca","7":"product_cat-neel-ayurvedics","8":"product_cat-neel-ayurvedics-hierbas-enteras","9":"product_cat-productos-ayurvedicos","11":"first","12":"instock","13":"shipping-taxable","14":"purchasable","15":"product-type-variable"},"_links":{"self":[{"href":"https:\/\/neelayurvedics.es\/index.php?rest_route=\/wp\/v2\/product\/8289","targetHints":{"allow":["GET"]}}],"collection":[{"href":"https:\/\/neelayurvedics.es\/index.php?rest_route=\/wp\/v2\/product"}],"about":[{"href":"https:\/\/neelayurvedics.es\/index.php?rest_route=\/wp\/v2\/types\/product"}],"replies":[{"embeddable":true,"href":"https:\/\/neelayurvedics.es\/index.php?rest_route=%2Fwp%2Fv2%2Fcomments&post=8289"}],"wp:featuredmedia":[{"embeddable":true,"href":"https:\/\/neelayurvedics.es\/index.php?rest_route=\/wp\/v2\/media\/17837"}],"wp:attachment":[{"href":"https:\/\/neelayurvedics.es\/index.php?rest_route=%2Fwp%2Fv2%2Fmedia&parent=8289"}],"wp:term":[{"taxonomy":"product_brand","embeddable":true,"href":"https:\/\/neelayurvedics.es\/index.php?rest_route=%2Fwp%2Fv2%2Fproduct_brand&post=8289"},{"taxonomy":"product_cat","embeddable":true,"href":"https:\/\/neelayurvedics.es\/index.php?rest_route=%2Fwp%2Fv2%2Fproduct_cat&post=8289"},{"taxonomy":"product_tag","embeddable":true,"href":"https:\/\/neelayurvedics.es\/index.php?rest_route=%2Fwp%2Fv2%2Fproduct_tag&post=8289"}],"curies":[{"name":"wp","href":"https:\/\/api.w.org\/{rel}","templated":true}]}}