{"id":8303,"date":"2025-01-25T12:29:15","date_gmt":"2025-01-25T12:29:15","guid":{"rendered":"https:\/\/neelayurvedics.es\/?post_type=product&#038;p=8303"},"modified":"2026-04-10T13:27:11","modified_gmt":"2026-04-10T13:27:11","slug":"neel-ayurvedics-big-elaichi","status":"publish","type":"product","link":"https:\/\/neelayurvedics.es\/?product=neel-ayurvedics-big-elaichi","title":{"rendered":"Neel Ayurvedics Big Elaichi | Elche | Cardamomo Negro | Ilaichi Grande | Elettaria Cardamomo"},"content":{"rendered":"<p style=\"font-weight: 400;\">Seg\u00fan el Ayurveda, el uso de Elaichi Big es muy \u00fatil para aliviar la tos debido a sus propiedades calentadoras. Aparte de esto, el Cardamomo Negro es muy \u00fatil para eliminar el exceso de mucosidad del tracto respiratorio y proporciona alivio. Debido a sus propiedades antiinflamatorias, tambi\u00e9n es muy \u00fatil para controlar afecciones inflamatorias como hinchaz\u00f3n, lesiones en los tejidos o artritis.<\/p>\n<p style=\"font-weight: 400;\">Las propiedades diafor\u00e9ticas del Elaichi Big estimulan la digesti\u00f3n y son muy \u00fatiles para mejorar el apetito. Aparte de esto, es muy \u00fatil para controlar los s\u00edntomas del asma y puede ser muy \u00fatil para aliviar los problemas respiratorios. Muchos compuestos presentes en el Cardamomo Negro pueden ser muy \u00fatiles para combatir las c\u00e9lulas cancerosas. El Elcha puede tener efectos antibacterianos y, por lo tanto, es muy \u00fatil para tratar infecciones.<\/p>\n<p style=\"font-weight: 400;\"><strong style=\"font-weight: 600 !important;\">DOSIS:<\/strong>\u00a0Se deben consumir 2 a 3 piezas de Elaichi Big diariamente o seg\u00fan lo indicado en la etiqueta o lo recomiende su m\u00e9dico.<\/p>\n","protected":false},"excerpt":{"rendered":"<p>El Elaichi Big es conocido como un gran medicamento. Es muy \u00fatil para controlar la diabetes, ya que las propiedades antioxidantes presentes en el Elaichi Big ayudan a reducir los niveles de glucosa en sangre. Los antioxidantes presentes en el Cardamomo Negro tambi\u00e9n son muy \u00fatiles para reducir el riesgo de enfermedades card\u00edacas al reducir los niveles de colesterol.<\/p>\n","protected":false},"featured_media":17842,"comment_status":"open","ping_status":"closed","template":"","meta":[],"product_brand":[],"product_cat":[200,252,250],"product_tag":[],"class_list":{"0":"post-8303","1":"product","2":"type-product","3":"status-publish","4":"has-post-thumbnail","6":"product_cat-marca","7":"product_cat-neel-ayurvedics","8":"product_cat-neel-ayurvedics-hierbas-enteras","10":"first","11":"instock","12":"shipping-taxable","13":"purchasable","14":"product-type-variable"},"_links":{"self":[{"href":"https:\/\/neelayurvedics.es\/index.php?rest_route=\/wp\/v2\/product\/8303","targetHints":{"allow":["GET"]}}],"collection":[{"href":"https:\/\/neelayurvedics.es\/index.php?rest_route=\/wp\/v2\/product"}],"about":[{"href":"https:\/\/neelayurvedics.es\/index.php?rest_route=\/wp\/v2\/types\/product"}],"replies":[{"embeddable":true,"href":"https:\/\/neelayurvedics.es\/index.php?rest_route=%2Fwp%2Fv2%2Fcomments&post=8303"}],"wp:featuredmedia":[{"embeddable":true,"href":"https:\/\/neelayurvedics.es\/index.php?rest_route=\/wp\/v2\/media\/17842"}],"wp:attachment":[{"href":"https:\/\/neelayurvedics.es\/index.php?rest_route=%2Fwp%2Fv2%2Fmedia&parent=8303"}],"wp:term":[{"taxonomy":"product_brand","embeddable":true,"href":"https:\/\/neelayurvedics.es\/index.php?rest_route=%2Fwp%2Fv2%2Fproduct_brand&post=8303"},{"taxonomy":"product_cat","embeddable":true,"href":"https:\/\/neelayurvedics.es\/index.php?rest_route=%2Fwp%2Fv2%2Fproduct_cat&post=8303"},{"taxonomy":"product_tag","embeddable":true,"href":"https:\/\/neelayurvedics.es\/index.php?rest_route=%2Fwp%2Fv2%2Fproduct_tag&post=8303"}],"curies":[{"name":"wp","href":"https:\/\/api.w.org\/{rel}","templated":true}]}}