{"id":8311,"date":"2025-01-27T05:39:24","date_gmt":"2025-01-27T05:39:24","guid":{"rendered":"https:\/\/neelayurvedics.es\/?post_type=product&#038;p=8311"},"modified":"2026-04-10T14:40:48","modified_gmt":"2026-04-10T14:40:48","slug":"neel-ayurvedics-gran-gokhru","status":"publish","type":"product","link":"https:\/\/neelayurvedics.es\/?product=neel-ayurvedics-gran-gokhru","title":{"rendered":"Neel Ayurvedics Gran Gokhru | Tribulus Terrestris: lo Mejor Para Mejorar la Funci\u00f3n Renal"},"content":{"rendered":"<p>Otro nombre:<\/p>\n<p>Gokshuradi, Gokharu Bada, Pedalium Murex, Caltrops, Khar e Khasak, \u0917\u094b\u0916\u0930\u0942, \u0a97\u0acb\u0a96\u0ab0\u0ac1<\/p>\n<p>Big Gokhru, tambi\u00e9n conocido como Tribulus terrestris puncture vine, ocupa un lugar importante en Ayurveda por sus diversas propiedades terap\u00e9uticas y tiene un uso tradicional de larga data debido a sus potenciales beneficios para la salud.<\/p>\n<p>Beneficios para la salud:<\/p>\n<ul>\n<li>Salud urinaria: apoya la salud del sistema urinario y ayuda a mantener un flujo de orina normal.<\/li>\n<li>Bienestar reproductivo: Se sabe que promueve la salud reproductiva tanto en hombres como en mujeres.<\/li>\n<li>Mejora la libido: favorece la libido y la funci\u00f3n sexual saludables.<\/li>\n<li>Propiedades antioxidantes: exhibe efectos antioxidantes, ayudando al bienestar general.<\/li>\n<\/ul>\n<p>Propiedades clave:<\/p>\n<ul>\n<li>Rasa (Sabor): Amargo<\/li>\n<li>Guna (Calidad): Ligero, seco<\/li>\n<li>Virya (Potencia): Enfriamiento<\/li>\n<li>Vipaka (sabor post-digestivo): Dulce<\/li>\n<\/ul>\n<p>Usos comunes:<\/p>\n<ul>\n<li>Trastornos urinarios: Big Gokhru se utiliza para tratar infecciones del tracto urinario y otros trastornos urinarios.<\/li>\n<li>Fertilidad: Ayuda a controlar los problemas de fertilidad tanto en hombres como en mujeres.<\/li>\n<li>Salud masculina: apoya la salud de la pr\u00f3stata y los niveles de testosterona en los hombres.<\/li>\n<li>Rendimiento atl\u00e9tico: Se cree que mejora el rendimiento atl\u00e9tico y la fuerza muscular.<\/li>\n<li>Interacciones con medicamentos: consulte a un profesional de la salud, especialmente si est\u00e1 tomando medicamentos.<\/li>\n<\/ul>\n<p>Precauciones:<\/p>\n<p>Embarazo y lactancia: Evitar su uso durante el embarazo y la lactancia sin consejo m\u00e9dico.<\/p>\n<p>Nota: Esta informaci\u00f3n tiene como objetivo aumentar la concienciaci\u00f3n y no sustituye el consejo m\u00e9dico profesional.<\/p>\n","protected":false},"excerpt":{"rendered":"<p>En Neel Ayurvedics, presentamos nuestro Big Gokhru, un suplemento herbal arraigado en la tradici\u00f3n ayurv\u00e9dica, celebrado por sus beneficios amplificados para optimizar la salud urinaria.<\/p>\n","protected":false},"featured_media":17885,"comment_status":"open","ping_status":"closed","template":"","meta":[],"product_brand":[285],"product_cat":[200,252,250,195],"product_tag":[],"class_list":{"0":"post-8311","1":"product","2":"type-product","3":"status-publish","4":"has-post-thumbnail","6":"product_brand-neel-ayurvedics","7":"product_cat-marca","8":"product_cat-neel-ayurvedics","9":"product_cat-neel-ayurvedics-hierbas-enteras","10":"product_cat-productos-ayurvedicos","12":"first","13":"instock","14":"shipping-taxable","15":"purchasable","16":"product-type-variable"},"_links":{"self":[{"href":"https:\/\/neelayurvedics.es\/index.php?rest_route=\/wp\/v2\/product\/8311","targetHints":{"allow":["GET"]}}],"collection":[{"href":"https:\/\/neelayurvedics.es\/index.php?rest_route=\/wp\/v2\/product"}],"about":[{"href":"https:\/\/neelayurvedics.es\/index.php?rest_route=\/wp\/v2\/types\/product"}],"replies":[{"embeddable":true,"href":"https:\/\/neelayurvedics.es\/index.php?rest_route=%2Fwp%2Fv2%2Fcomments&post=8311"}],"wp:featuredmedia":[{"embeddable":true,"href":"https:\/\/neelayurvedics.es\/index.php?rest_route=\/wp\/v2\/media\/17885"}],"wp:attachment":[{"href":"https:\/\/neelayurvedics.es\/index.php?rest_route=%2Fwp%2Fv2%2Fmedia&parent=8311"}],"wp:term":[{"taxonomy":"product_brand","embeddable":true,"href":"https:\/\/neelayurvedics.es\/index.php?rest_route=%2Fwp%2Fv2%2Fproduct_brand&post=8311"},{"taxonomy":"product_cat","embeddable":true,"href":"https:\/\/neelayurvedics.es\/index.php?rest_route=%2Fwp%2Fv2%2Fproduct_cat&post=8311"},{"taxonomy":"product_tag","embeddable":true,"href":"https:\/\/neelayurvedics.es\/index.php?rest_route=%2Fwp%2Fv2%2Fproduct_tag&post=8311"}],"curies":[{"name":"wp","href":"https:\/\/api.w.org\/{rel}","templated":true}]}}