{"id":8317,"date":"2025-01-27T05:49:49","date_gmt":"2025-01-27T05:49:49","guid":{"rendered":"https:\/\/neelayurvedics.es\/?post_type=product&#038;p=8317"},"modified":"2025-01-27T05:49:50","modified_gmt":"2025-01-27T05:49:50","slug":"neel-ayurvedics-bijora","status":"publish","type":"product","link":"https:\/\/neelayurvedics.es\/?product=neel-ayurvedics-bijora","title":{"rendered":"Neel Ayurvedics Bijora | Cidra | Citrus Medicinales"},"content":{"rendered":"<p><span>El fruto de Bijpura es \u00e1cido, dulce, estomacal, beneficioso para el coraz\u00f3n y el est\u00f3mago, antiem\u00e9tico, promueve el apetito y es hemost\u00e1tico.\u00a0<\/span><span>La c\u00e1scara es astringente, arom\u00e1tica y t\u00f3nica amarga. Las flores son \u00fatiles en el insomnio y la diarrea. Las ra\u00edces machacadas se dan en caso de infestaci\u00f3n por gusanos, v\u00f3mitos y c\u00e1lculos renales. El jugo es refrigerante. Los frutos se utilizan para encurtir. Son \u00fatiles en caso de palpitaciones y tienen propiedades antiescorb\u00faticas.<\/span><\/p>\n<p><strong><span>Otros nombres<\/span><\/strong><\/p>\n<p><span>Citrus medica (nombre cient\u00edfico), Bijora nimbu (hindi), Turanj (bengal\u00ed), Tava lebu, Cholonga nebu, Vegapura (marathi), Mahalunga, Bijoru (gujarati), Madala (kannada), Madalam (tamil), Lungamu (telugu), Lungamu, Mavalunga (Malyalam), Birajora (Assam), Citron (ingl\u00e9s)<\/span><\/p>\n<h2><strong><span>Beneficios del\u00a0polvo\u00a0<\/span><a href=\"https:\/\/www.neelayurvedics.com\/product\/neel-ayurvedics-bijora-nimbu-powder\/\" target=\"_blank\" rel=\"noopener\"><span>de Bijora<\/span><\/a><\/strong><\/h2>\n<ul>\n<li><span>Tambi\u00e9n es muy \u00fatil en afecciones como el agarre y el control de la regurgitaci\u00f3n o eructos intensos.<\/span><\/li>\n<li><span>Es \u00fatil en trastornos hemorr\u00e1gicos.<\/span><\/li>\n<li><span>Aclara la garganta, la lengua, el coraz\u00f3n (pecho, es\u00f3fago, est\u00f3mago) y tambi\u00e9n es \u00fatil en casos de disnea, tos y anorexia.<\/span><\/li>\n<li><span>Beneficioso para el coraz\u00f3n\u00a0<\/span><\/li>\n<li><span>Cura la sed excesiva.<\/span><\/li>\n<\/ul>\n","protected":false},"excerpt":{"rendered":"<p>Experimente los beneficios saludables de la Bijora con su sabor agridulce, ideal para estimular la digesti\u00f3n y equilibrar los Tridoshas: Vatta, Pitta y Kapha. Este polvo, derivado de la fruta de Bijapura, ayuda a controlar la sensaci\u00f3n de agarrotamiento, la regurgitaci\u00f3n y aliviar los trastornos hemorr\u00e1gicos. Adem\u00e1s, promueve la salud respiratoria general, aclara la garganta y aborda problemas como la anorexia y la sed excesiva.<\/p>\n","protected":false},"featured_media":8321,"comment_status":"open","ping_status":"closed","template":"","meta":[],"product_brand":[],"product_cat":[200,252,250,195],"product_tag":[],"class_list":{"0":"post-8317","1":"product","2":"type-product","3":"status-publish","4":"has-post-thumbnail","6":"product_cat-marca","7":"product_cat-neel-ayurvedics","8":"product_cat-neel-ayurvedics-hierbas-enteras","9":"product_cat-productos-ayurvedicos","11":"first","12":"instock","13":"shipping-taxable","14":"purchasable","15":"product-type-variable"},"_links":{"self":[{"href":"https:\/\/neelayurvedics.es\/index.php?rest_route=\/wp\/v2\/product\/8317","targetHints":{"allow":["GET"]}}],"collection":[{"href":"https:\/\/neelayurvedics.es\/index.php?rest_route=\/wp\/v2\/product"}],"about":[{"href":"https:\/\/neelayurvedics.es\/index.php?rest_route=\/wp\/v2\/types\/product"}],"replies":[{"embeddable":true,"href":"https:\/\/neelayurvedics.es\/index.php?rest_route=%2Fwp%2Fv2%2Fcomments&post=8317"}],"wp:featuredmedia":[{"embeddable":true,"href":"https:\/\/neelayurvedics.es\/index.php?rest_route=\/wp\/v2\/media\/8321"}],"wp:attachment":[{"href":"https:\/\/neelayurvedics.es\/index.php?rest_route=%2Fwp%2Fv2%2Fmedia&parent=8317"}],"wp:term":[{"taxonomy":"product_brand","embeddable":true,"href":"https:\/\/neelayurvedics.es\/index.php?rest_route=%2Fwp%2Fv2%2Fproduct_brand&post=8317"},{"taxonomy":"product_cat","embeddable":true,"href":"https:\/\/neelayurvedics.es\/index.php?rest_route=%2Fwp%2Fv2%2Fproduct_cat&post=8317"},{"taxonomy":"product_tag","embeddable":true,"href":"https:\/\/neelayurvedics.es\/index.php?rest_route=%2Fwp%2Fv2%2Fproduct_tag&post=8317"}],"curies":[{"name":"wp","href":"https:\/\/api.w.org\/{rel}","templated":true}]}}