{"id":8329,"date":"2025-01-27T06:15:58","date_gmt":"2025-01-27T06:15:58","guid":{"rendered":"https:\/\/neelayurvedics.es\/?post_type=product&#038;p=8329"},"modified":"2026-04-11T14:52:00","modified_gmt":"2026-04-11T14:52:00","slug":"neel-ayurvedics-negro-kaunch-beej","status":"publish","type":"product","link":"https:\/\/neelayurvedics.es\/?product=neel-ayurvedics-negro-kaunch-beej","title":{"rendered":"Neel Ayurvedics Negro Kaunch Beej | Semillas De Kaunch Negro | Kala Kauch Beej | Konch | Mucuna Pruriens Negra | Vaca"},"content":{"rendered":"<p style=\"font-weight: 400;\">La semilla de Black Kaunch Beej se utiliza ampliamente para aumentar los niveles de dopamina en el cerebro. Aparte de esto, este tipo de semilla tambi\u00e9n se utiliza ampliamente para mejorar el deseo sexual en el hombre debido a sus propiedades afordis\u00edacas. Adem\u00e1s, la semilla de Black Kaunch Beej es \u00fatil para tratar trastornos reproductivos y problemas intestinales.<\/p>\n<p style=\"font-weight: 400;\">La semilla de abedul negro tambi\u00e9n puede ayudar a mejorar los s\u00edntomas de la diabetes. Adem\u00e1s, este tipo de semillas son muy \u00fatiles para prevenir el c\u00e1ncer, reforzar la inmunidad, mejorar la salud card\u00edaca, aliviar el dolor articular en casos de artritis y mejorar las funciones renales.<\/p>\n<p style=\"font-weight: 400;\"><strong style=\"font-weight: 600 !important;\">DOSIS:<\/strong>\u00a0Se deben tomar 2-3 gramos de semillas de kauncha en polvo mezcladas con leche dos veces al d\u00eda o seg\u00fan lo indique el m\u00e9dico.<\/p>\n","protected":false},"excerpt":{"rendered":"<p>La semilla de Black Kaunch Beej se utiliza ampliamente para aumentar los niveles de dopamina en el cerebro. Aparte de esto, este tipo de semilla tambi\u00e9n se utiliza ampliamente para mejorar el deseo sexual en el hombre debido a sus propiedades afordis\u00edacas. Adem\u00e1s, la semilla de Black Kaunch Beej es \u00fatil para tratar trastornos reproductivos [&hellip;]<\/p>\n","protected":false},"featured_media":17977,"comment_status":"open","ping_status":"closed","template":"","meta":[],"product_brand":[],"product_cat":[200,252,250,195],"product_tag":[],"class_list":{"0":"post-8329","1":"product","2":"type-product","3":"status-publish","4":"has-post-thumbnail","6":"product_cat-marca","7":"product_cat-neel-ayurvedics","8":"product_cat-neel-ayurvedics-hierbas-enteras","9":"product_cat-productos-ayurvedicos","11":"first","12":"instock","13":"shipping-taxable","14":"purchasable","15":"product-type-variable"},"_links":{"self":[{"href":"https:\/\/neelayurvedics.es\/index.php?rest_route=\/wp\/v2\/product\/8329","targetHints":{"allow":["GET"]}}],"collection":[{"href":"https:\/\/neelayurvedics.es\/index.php?rest_route=\/wp\/v2\/product"}],"about":[{"href":"https:\/\/neelayurvedics.es\/index.php?rest_route=\/wp\/v2\/types\/product"}],"replies":[{"embeddable":true,"href":"https:\/\/neelayurvedics.es\/index.php?rest_route=%2Fwp%2Fv2%2Fcomments&post=8329"}],"wp:featuredmedia":[{"embeddable":true,"href":"https:\/\/neelayurvedics.es\/index.php?rest_route=\/wp\/v2\/media\/17977"}],"wp:attachment":[{"href":"https:\/\/neelayurvedics.es\/index.php?rest_route=%2Fwp%2Fv2%2Fmedia&parent=8329"}],"wp:term":[{"taxonomy":"product_brand","embeddable":true,"href":"https:\/\/neelayurvedics.es\/index.php?rest_route=%2Fwp%2Fv2%2Fproduct_brand&post=8329"},{"taxonomy":"product_cat","embeddable":true,"href":"https:\/\/neelayurvedics.es\/index.php?rest_route=%2Fwp%2Fv2%2Fproduct_cat&post=8329"},{"taxonomy":"product_tag","embeddable":true,"href":"https:\/\/neelayurvedics.es\/index.php?rest_route=%2Fwp%2Fv2%2Fproduct_tag&post=8329"}],"curies":[{"name":"wp","href":"https:\/\/api.w.org\/{rel}","templated":true}]}}