{"id":8351,"date":"2025-01-27T06:42:40","date_gmt":"2025-01-27T06:42:40","guid":{"rendered":"https:\/\/neelayurvedics.es\/?post_type=product&#038;p=8351"},"modified":"2026-04-10T13:39:17","modified_gmt":"2026-04-10T13:39:17","slug":"neel-ayurvedics-brahmi","status":"publish","type":"product","link":"https:\/\/neelayurvedics.es\/?product=neel-ayurvedics-brahmi","title":{"rendered":"Neel Ayurvedics Brahmi Hojas Secas De Brahmi | Hojas De Saraswati | Bacopa Monnieri | Centella India"},"content":{"rendered":"<p style=\"font-weight: 400;\">Adem\u00e1s, el Brahmi es muy \u00fatil para controlar los resfriados, la congesti\u00f3n tor\u00e1cica y la bronquitis, ya que elimina la mucosidad de las v\u00edas respiratorias y, por lo tanto, facilita la respiraci\u00f3n. Es muy \u00fatil para prevenir la ca\u00edda del cabello y proporcionarle nutrici\u00f3n y fuerza.<\/p>\n<p style=\"font-weight: 400;\">El Brahmi es \u00fatil para mejorar el aprendizaje y la retenci\u00f3n en personas mayores al reducir el da\u00f1o causado por los radicales libres. Adem\u00e1s, tambi\u00e9n es \u00fatil para proporcionar un estado de alerta mental instant\u00e1neo. Este tipo de polvo ayuda a controlar los s\u00edntomas de la epilepsia.<\/p>\n<p style=\"font-weight: 400;\"><strong style=\"font-weight: 600 !important;\">DOSIS:<\/strong>\u00a0Se deben tomar 2-4 cucharaditas de jugo de Brahmi una vez al d\u00eda o \u00bc-\u00bd cucharadita de Brahmi Churna mezclado con agua o miel dos veces al d\u00eda.<\/p>\n","protected":false},"excerpt":{"rendered":"<p>Muchos estudios demuestran que las hojas de Brahmi pueden mejorar la funci\u00f3n cerebral. Tambi\u00e9n se la conoce como Bacopa monnieri, hisopo de agua, gratiola de hojas de tomillo y hierba de la gracia. La Brahmi se utiliza principalmente para mejorar la memoria, reducir la ansiedad y tratar la epilepsia.<\/p>\n","protected":false},"featured_media":17856,"comment_status":"open","ping_status":"closed","template":"","meta":[],"product_brand":[285],"product_cat":[200,420,252,250,195],"product_tag":[],"class_list":{"0":"post-8351","1":"product","2":"type-product","3":"status-publish","4":"has-post-thumbnail","6":"product_brand-neel-ayurvedics","7":"product_cat-marca","8":"product_cat-company-wise","9":"product_cat-neel-ayurvedics","10":"product_cat-neel-ayurvedics-hierbas-enteras","11":"product_cat-productos-ayurvedicos","13":"first","14":"instock","15":"shipping-taxable","16":"purchasable","17":"product-type-variable"},"_links":{"self":[{"href":"https:\/\/neelayurvedics.es\/index.php?rest_route=\/wp\/v2\/product\/8351","targetHints":{"allow":["GET"]}}],"collection":[{"href":"https:\/\/neelayurvedics.es\/index.php?rest_route=\/wp\/v2\/product"}],"about":[{"href":"https:\/\/neelayurvedics.es\/index.php?rest_route=\/wp\/v2\/types\/product"}],"replies":[{"embeddable":true,"href":"https:\/\/neelayurvedics.es\/index.php?rest_route=%2Fwp%2Fv2%2Fcomments&post=8351"}],"wp:featuredmedia":[{"embeddable":true,"href":"https:\/\/neelayurvedics.es\/index.php?rest_route=\/wp\/v2\/media\/17856"}],"wp:attachment":[{"href":"https:\/\/neelayurvedics.es\/index.php?rest_route=%2Fwp%2Fv2%2Fmedia&parent=8351"}],"wp:term":[{"taxonomy":"product_brand","embeddable":true,"href":"https:\/\/neelayurvedics.es\/index.php?rest_route=%2Fwp%2Fv2%2Fproduct_brand&post=8351"},{"taxonomy":"product_cat","embeddable":true,"href":"https:\/\/neelayurvedics.es\/index.php?rest_route=%2Fwp%2Fv2%2Fproduct_cat&post=8351"},{"taxonomy":"product_tag","embeddable":true,"href":"https:\/\/neelayurvedics.es\/index.php?rest_route=%2Fwp%2Fv2%2Fproduct_tag&post=8351"}],"curies":[{"name":"wp","href":"https:\/\/api.w.org\/{rel}","templated":true}]}}