{"id":8370,"date":"2025-01-27T07:10:53","date_gmt":"2025-01-27T07:10:53","guid":{"rendered":"https:\/\/neelayurvedics.es\/?post_type=product&#038;p=8370"},"modified":"2026-04-10T13:49:33","modified_gmt":"2026-04-10T13:49:33","slug":"neel-ayurvedics-chitrakmool","status":"publish","type":"product","link":"https:\/\/neelayurvedics.es\/?product=neel-ayurvedics-chitrakmool","title":{"rendered":"Neel Ayurvedics Chitrakmool Plumbago Zeylanica | Ra\u00edces De Chitrak | Chita Mool | Ra\u00edz De Chita | Chita Jadd | Ra\u00edz De Plumbago Indica"},"content":{"rendered":"<p style=\"font-weight: 400;\">Aparte de esto, el Chitrakmool tambi\u00e9n reduce los niveles de colesterol y triglic\u00e9ridos en sangre y es muy \u00fatil para perder peso. Este tipo de ra\u00edces tambi\u00e9n pueden ser muy \u00fatiles para reducir la ansiedad y calmar la actividad cerebral. Y seg\u00fan el Ayurveda, el Chitrakmool tambi\u00e9n es \u00fatil para mejorar el sistema digestivo debido a sus propiedades digestivas y apetitosas.<\/p>\n<p style=\"font-weight: 400;\">Aparte de esto, esta ra\u00edz tambi\u00e9n es \u00fatil para controlar la aterosclerosis, ya que se cree que el Chitrakmool previene la acumulaci\u00f3n de sustancias grasas en las arterias y mantiene el flujo sangu\u00edneo en el cuerpo. Debido a sus propiedades antimicrobianas, tambi\u00e9n es \u00fatil para controlar diversas enfermedades de la piel como el acn\u00e9, las \u00falceras y la dermatitis.<\/p>\n<p style=\"font-weight: 400;\"><strong style=\"font-weight: 600 !important;\">DOSIS:<\/strong>\u00a0Se deben tomar 2-3 gramos de polvo de Chitrakmool diariamente o seg\u00fan lo recomendado por el m\u00e9dico.<\/p>\n","protected":false},"excerpt":{"rendered":"<p>Este tipo de ra\u00edz tambi\u00e9n se conoce como DoctorBush o Ceil\u00e1n. En general, debido a las propiedades antidiab\u00e9ticas y antioxidantes del Chitrakmool, ayuda a controlar la diabetes al aumentar la secreci\u00f3n de insulina y reducir los niveles de glucosa en sangre. Esta ra\u00edz tambi\u00e9n acelera la cicatrizaci\u00f3n de heridas debido a sus propiedades antioxidantes.<\/p>\n","protected":false},"featured_media":17867,"comment_status":"open","ping_status":"closed","template":"","meta":[],"product_brand":[],"product_cat":[200,252,250,195],"product_tag":[],"class_list":{"0":"post-8370","1":"product","2":"type-product","3":"status-publish","4":"has-post-thumbnail","6":"product_cat-marca","7":"product_cat-neel-ayurvedics","8":"product_cat-neel-ayurvedics-hierbas-enteras","9":"product_cat-productos-ayurvedicos","11":"first","12":"instock","13":"shipping-taxable","14":"purchasable","15":"product-type-variable"},"_links":{"self":[{"href":"https:\/\/neelayurvedics.es\/index.php?rest_route=\/wp\/v2\/product\/8370","targetHints":{"allow":["GET"]}}],"collection":[{"href":"https:\/\/neelayurvedics.es\/index.php?rest_route=\/wp\/v2\/product"}],"about":[{"href":"https:\/\/neelayurvedics.es\/index.php?rest_route=\/wp\/v2\/types\/product"}],"replies":[{"embeddable":true,"href":"https:\/\/neelayurvedics.es\/index.php?rest_route=%2Fwp%2Fv2%2Fcomments&post=8370"}],"wp:featuredmedia":[{"embeddable":true,"href":"https:\/\/neelayurvedics.es\/index.php?rest_route=\/wp\/v2\/media\/17867"}],"wp:attachment":[{"href":"https:\/\/neelayurvedics.es\/index.php?rest_route=%2Fwp%2Fv2%2Fmedia&parent=8370"}],"wp:term":[{"taxonomy":"product_brand","embeddable":true,"href":"https:\/\/neelayurvedics.es\/index.php?rest_route=%2Fwp%2Fv2%2Fproduct_brand&post=8370"},{"taxonomy":"product_cat","embeddable":true,"href":"https:\/\/neelayurvedics.es\/index.php?rest_route=%2Fwp%2Fv2%2Fproduct_cat&post=8370"},{"taxonomy":"product_tag","embeddable":true,"href":"https:\/\/neelayurvedics.es\/index.php?rest_route=%2Fwp%2Fv2%2Fproduct_tag&post=8370"}],"curies":[{"name":"wp","href":"https:\/\/api.w.org\/{rel}","templated":true}]}}