{"id":8379,"date":"2025-01-27T07:30:47","date_gmt":"2025-01-27T07:30:47","guid":{"rendered":"https:\/\/neelayurvedics.es\/?post_type=product&#038;p=8379"},"modified":"2026-04-13T04:57:05","modified_gmt":"2026-04-13T04:57:05","slug":"neel-ayurvedics-custard-apple-seeds","status":"publish","type":"product","link":"https:\/\/neelayurvedics.es\/?product=neel-ayurvedics-custard-apple-seeds","title":{"rendered":"Neel Ayurvedics Semillas De Chirimoya Sitaphal Beej"},"content":{"rendered":"<p style=\"font-weight: 400;\">Aparte de esto, Sitaphal Beej tambi\u00e9n es muy \u00fatil para problemas capilares como infecciones cr\u00f3nicas. Aplicar una pasta de Sitaphal Beej en el cuero cabelludo ayuda mucho a controlar la caspa. Tambi\u00e9n es \u00fatil para controlar el estre\u00f1imiento, ya que promueve los movimientos intestinales debido a las propiedades laxantes presentes en las semillas de chirimoya.<\/p>\n<p style=\"font-weight: 400;\">Debido a la presencia de potasio y magnesio en esta semilla, tambi\u00e9n es muy \u00fatil para controlar la presi\u00f3n arterial alta. Sitaphal Beej es una muy buena fuente de energ\u00eda, por lo que ayuda mucho a combatir la fatiga y la debilidad. Este tipo de semillas tambi\u00e9n son ricas en prote\u00ednas, calcio y f\u00f3sforo, que ayudan a fortalecer los huesos y reducir el dolor de las articulaciones.<\/p>\n<p style=\"font-weight: 400;\"><strong style=\"font-weight: 600 !important;\">DOSIS:<\/strong>\u00a0La chirimoya debe consumirse seg\u00fan lo recomiende su m\u00e9dico.<\/p>\n","protected":false},"excerpt":{"rendered":"<p>Las semillas de chirimoya son ricas en fibra, minerales, vitaminas y antioxidantes, lo que las hace muy \u00fatiles para reforzar la inmunidad. Este tipo de semillas pueden ser muy \u00fatiles para prevenir las arrugas corporales, el acn\u00e9 y mantener una piel sana y brillante.<\/p>\n","protected":false},"featured_media":18020,"comment_status":"open","ping_status":"closed","template":"","meta":[],"product_brand":[],"product_cat":[200,420,252,250,195],"product_tag":[],"class_list":{"0":"post-8379","1":"product","2":"type-product","3":"status-publish","4":"has-post-thumbnail","6":"product_cat-marca","7":"product_cat-company-wise","8":"product_cat-neel-ayurvedics","9":"product_cat-neel-ayurvedics-hierbas-enteras","10":"product_cat-productos-ayurvedicos","12":"first","13":"instock","14":"shipping-taxable","15":"purchasable","16":"product-type-variable"},"_links":{"self":[{"href":"https:\/\/neelayurvedics.es\/index.php?rest_route=\/wp\/v2\/product\/8379","targetHints":{"allow":["GET"]}}],"collection":[{"href":"https:\/\/neelayurvedics.es\/index.php?rest_route=\/wp\/v2\/product"}],"about":[{"href":"https:\/\/neelayurvedics.es\/index.php?rest_route=\/wp\/v2\/types\/product"}],"replies":[{"embeddable":true,"href":"https:\/\/neelayurvedics.es\/index.php?rest_route=%2Fwp%2Fv2%2Fcomments&post=8379"}],"wp:featuredmedia":[{"embeddable":true,"href":"https:\/\/neelayurvedics.es\/index.php?rest_route=\/wp\/v2\/media\/18020"}],"wp:attachment":[{"href":"https:\/\/neelayurvedics.es\/index.php?rest_route=%2Fwp%2Fv2%2Fmedia&parent=8379"}],"wp:term":[{"taxonomy":"product_brand","embeddable":true,"href":"https:\/\/neelayurvedics.es\/index.php?rest_route=%2Fwp%2Fv2%2Fproduct_brand&post=8379"},{"taxonomy":"product_cat","embeddable":true,"href":"https:\/\/neelayurvedics.es\/index.php?rest_route=%2Fwp%2Fv2%2Fproduct_cat&post=8379"},{"taxonomy":"product_tag","embeddable":true,"href":"https:\/\/neelayurvedics.es\/index.php?rest_route=%2Fwp%2Fv2%2Fproduct_tag&post=8379"}],"curies":[{"name":"wp","href":"https:\/\/api.w.org\/{rel}","templated":true}]}}