{"id":8386,"date":"2025-01-27T11:06:17","date_gmt":"2025-01-27T11:06:17","guid":{"rendered":"https:\/\/neelayurvedics.es\/?post_type=product&#038;p=8386"},"modified":"2026-04-10T14:14:09","modified_gmt":"2026-04-10T14:14:09","slug":"neel-ayurvedics-dagad-phool","status":"publish","type":"product","link":"https:\/\/neelayurvedics.es\/?product=neel-ayurvedics-dagad-phool","title":{"rendered":"Neel Ayurvedics Dagad Phool | Pathar Fool | Flor De Piedra | Chadila | Charila | Chareela | Patthar Phool | Parmelia Perlada"},"content":{"rendered":"<p style=\"font-weight: 400;\">Se ha demostrado que el Dagad Phool es muy eficaz para promover la cicatrizaci\u00f3n de heridas, ya que este tipo de phool tiene propiedades antibacterianas y antiinflamatorias. Adem\u00e1s, tambi\u00e9n es muy \u00fatil para equilibrar el dosha Kapha y prevenir la formaci\u00f3n de c\u00e1lculos renales.<\/p>\n<p style=\"font-weight: 400;\">Debido a las propiedades de equilibrio Kapha-Vata del Dagad Phool, es muy \u00fatil para controlar el asma. Adem\u00e1s, estas propiedades tambi\u00e9n son \u00fatiles para eliminar bloqueos en el tracto respiratorio y, por lo tanto, facilitar la respiraci\u00f3n. El Dagad Phool tambi\u00e9n tiene incre\u00edbles propiedades antimicrobianas que pueden ayudar en gran medida a prevenir infecciones en \u00e1reas abiertas de piel lesionada.<\/p>\n<p style=\"font-weight: 400;\"><strong style=\"font-weight: 600 !important;\">DOSIS:<\/strong>\u00a0Dagad Phool debe utilizarse seg\u00fan lo recomendado por su m\u00e9dico.<\/p>\n","protected":false},"excerpt":{"rendered":"<p>Este tipo de flor tambi\u00e9n se conoce como Chharila o Phattar Phool. Dagad Phool es un liquen y se utiliza com\u00fanmente como especia para realzar el sabor y el gusto de los alimentos. Seg\u00fan el Ayurveda, esta flor puede ayudar a reducir y eliminar el riesgo de c\u00e1lculos renales al aumentar la producci\u00f3n de orina debido a sus propiedades diur\u00e9ticas.<\/p>\n","protected":false},"featured_media":17869,"comment_status":"open","ping_status":"closed","template":"","meta":[],"product_brand":[],"product_cat":[200,252,250,195],"product_tag":[],"class_list":{"0":"post-8386","1":"product","2":"type-product","3":"status-publish","4":"has-post-thumbnail","6":"product_cat-marca","7":"product_cat-neel-ayurvedics","8":"product_cat-neel-ayurvedics-hierbas-enteras","9":"product_cat-productos-ayurvedicos","11":"first","12":"instock","13":"shipping-taxable","14":"purchasable","15":"product-type-variable"},"_links":{"self":[{"href":"https:\/\/neelayurvedics.es\/index.php?rest_route=\/wp\/v2\/product\/8386","targetHints":{"allow":["GET"]}}],"collection":[{"href":"https:\/\/neelayurvedics.es\/index.php?rest_route=\/wp\/v2\/product"}],"about":[{"href":"https:\/\/neelayurvedics.es\/index.php?rest_route=\/wp\/v2\/types\/product"}],"replies":[{"embeddable":true,"href":"https:\/\/neelayurvedics.es\/index.php?rest_route=%2Fwp%2Fv2%2Fcomments&post=8386"}],"wp:featuredmedia":[{"embeddable":true,"href":"https:\/\/neelayurvedics.es\/index.php?rest_route=\/wp\/v2\/media\/17869"}],"wp:attachment":[{"href":"https:\/\/neelayurvedics.es\/index.php?rest_route=%2Fwp%2Fv2%2Fmedia&parent=8386"}],"wp:term":[{"taxonomy":"product_brand","embeddable":true,"href":"https:\/\/neelayurvedics.es\/index.php?rest_route=%2Fwp%2Fv2%2Fproduct_brand&post=8386"},{"taxonomy":"product_cat","embeddable":true,"href":"https:\/\/neelayurvedics.es\/index.php?rest_route=%2Fwp%2Fv2%2Fproduct_cat&post=8386"},{"taxonomy":"product_tag","embeddable":true,"href":"https:\/\/neelayurvedics.es\/index.php?rest_route=%2Fwp%2Fv2%2Fproduct_tag&post=8386"}],"curies":[{"name":"wp","href":"https:\/\/api.w.org\/{rel}","templated":true}]}}