{"id":8391,"date":"2025-01-27T11:18:35","date_gmt":"2025-01-27T11:18:35","guid":{"rendered":"https:\/\/neelayurvedics.es\/?post_type=product&#038;p=8391"},"modified":"2026-04-10T14:14:40","modified_gmt":"2026-04-10T14:14:40","slug":"neel-ayurvedics-daru-haldi","status":"publish","type":"product","link":"https:\/\/neelayurvedics.es\/?product=neel-ayurvedics-daru-haldi","title":{"rendered":"Neel Ayurvedics Daru Haldi | Daruharidra | Agracejo Indio | Berberis Aristata"},"content":{"rendered":"<p style=\"font-weight: 400;\">Aparte de esto, tambi\u00e9n es muy \u00fatil para tratar enfermedades de la piel, for\u00fanculos, heridas, problemas hep\u00e1ticos, problemas de o\u00eddo y como agente antidiarreico. Daruharidra tambi\u00e9n es muy \u00fatil para prevenir el crecimiento de bacterias que causan acn\u00e9 y reducir la inflamaci\u00f3n debido a sus propiedades antibacterianas y antiinflamatorias.<\/p>\n<p style=\"font-weight: 400;\">Daru Haldi tambi\u00e9n es muy \u00fatil para proteger el h\u00edgado y prevenir trastornos hep\u00e1ticos, ya que Daru Haldi mantiene muy bien el nivel de enzimas hep\u00e1ticas y tambi\u00e9n protege las c\u00e9lulas hep\u00e1ticas contra el da\u00f1o causado por los radicales libres. Daru Haldi es muy \u00fatil para controlar la diarrea porque, debido a su poder de calentamiento, es muy \u00fatil para mejorar el fuego digestivo y controlar la frecuencia de movimiento.<\/p>\n<p style=\"font-weight: 400;\"><strong style=\"font-weight: 600 !important;\">DOSIS:<\/strong>\u00a0Se debe mezclar \u00bc \u2013 \u00bd cucharadita de polvo de Daru Haldi con agua o miel y tomar dos veces al d\u00eda o seg\u00fan lo recomiende su m\u00e9dico.<\/p>\n","protected":false},"excerpt":{"rendered":"<p>El Daru Haldi tambi\u00e9n se conoce como agracejo indio, c\u00farcuma arb\u00f3rea, Chitra y daruharidra. El Daru Haldi se utiliza ampliamente como t\u00f3nico estomacal, amargo, laxante, diafor\u00e9tico, antis\u00e9ptico y antipir\u00e9tico. El Daruharidra puede ser muy \u00fatil para el tratamiento externo de infecciones oculares graves, \u00falceras y hemorroides.<\/p>\n","protected":false},"featured_media":17631,"comment_status":"open","ping_status":"closed","template":"","meta":[],"product_brand":[],"product_cat":[200,252,250,195],"product_tag":[],"class_list":{"0":"post-8391","1":"product","2":"type-product","3":"status-publish","4":"has-post-thumbnail","6":"product_cat-marca","7":"product_cat-neel-ayurvedics","8":"product_cat-neel-ayurvedics-hierbas-enteras","9":"product_cat-productos-ayurvedicos","11":"first","12":"instock","13":"shipping-taxable","14":"purchasable","15":"product-type-variable"},"_links":{"self":[{"href":"https:\/\/neelayurvedics.es\/index.php?rest_route=\/wp\/v2\/product\/8391","targetHints":{"allow":["GET"]}}],"collection":[{"href":"https:\/\/neelayurvedics.es\/index.php?rest_route=\/wp\/v2\/product"}],"about":[{"href":"https:\/\/neelayurvedics.es\/index.php?rest_route=\/wp\/v2\/types\/product"}],"replies":[{"embeddable":true,"href":"https:\/\/neelayurvedics.es\/index.php?rest_route=%2Fwp%2Fv2%2Fcomments&post=8391"}],"wp:featuredmedia":[{"embeddable":true,"href":"https:\/\/neelayurvedics.es\/index.php?rest_route=\/wp\/v2\/media\/17631"}],"wp:attachment":[{"href":"https:\/\/neelayurvedics.es\/index.php?rest_route=%2Fwp%2Fv2%2Fmedia&parent=8391"}],"wp:term":[{"taxonomy":"product_brand","embeddable":true,"href":"https:\/\/neelayurvedics.es\/index.php?rest_route=%2Fwp%2Fv2%2Fproduct_brand&post=8391"},{"taxonomy":"product_cat","embeddable":true,"href":"https:\/\/neelayurvedics.es\/index.php?rest_route=%2Fwp%2Fv2%2Fproduct_cat&post=8391"},{"taxonomy":"product_tag","embeddable":true,"href":"https:\/\/neelayurvedics.es\/index.php?rest_route=%2Fwp%2Fv2%2Fproduct_tag&post=8391"}],"curies":[{"name":"wp","href":"https:\/\/api.w.org\/{rel}","templated":true}]}}